{"id":9664,"date":"2019-03-29T14:15:44","date_gmt":"2019-03-29T12:15:44","guid":{"rendered":"https:\/\/www.galerie-obrist.de\/wordpress\/?post_type=product&#038;p=9664"},"modified":"2024-12-27T17:12:59","modified_gmt":"2024-12-27T16:12:59","slug":"schloer-light-shift","status":"publish","type":"product","link":"https:\/\/www.galerie-obrist.de\/en\/kunst-sammeln\/schloer-light-shift\/","title":{"rendered":"Peter Schl\u00f6r. Light Shift."},"content":{"rendered":"<p>Monographie anl\u00e4\u00dflich der Ausstellung &#8220;Peter Schl\u00f6r &#8211; Light Shift&#8221;, Landesgalerie Linz 2014<br \/>\nDeutsch \/ Englisch, mit Texten von Gabriele Spindler und Milan Chlumsky, Herausgeber Landesgalerie Linz,<br \/>\nHardcover, 86 Duplexabbildungen, 104 Seiten, Format 28,5 x 24,5 cm<br \/>\nKehrer Verlag Heidelberg Berlin 2013<\/p>\n","protected":false},"excerpt":{"rendered":"<p>Peter Schl\u00f6r. Light Shift.<\/p>\n","protected":false},"featured_media":9669,"template":"","meta":{"ngg_post_thumbnail":0},"product_brand":[],"product_cat":[458,466],"product_tag":[],"class_list":{"0":"post-9664","1":"product","2":"type-product","3":"status-publish","4":"has-post-thumbnail","6":"product_cat-08kataloge","7":"product_cat-print","9":"first","10":"instock","11":"taxable","12":"shipping-taxable","13":"purchasable","14":"product-type-simple"},"translation":{"provider":"WPGlobus","version":"3.0.2","language":"en","enabled_languages":["de","en"],"languages":{"de":{"title":true,"content":true,"excerpt":true},"en":{"title":false,"content":false,"excerpt":false}}},"_links":{"self":[{"href":"https:\/\/www.galerie-obrist.de\/en\/wp-json\/wp\/v2\/product\/9664","targetHints":{"allow":["GET"]}}],"collection":[{"href":"https:\/\/www.galerie-obrist.de\/en\/wp-json\/wp\/v2\/product"}],"about":[{"href":"https:\/\/www.galerie-obrist.de\/en\/wp-json\/wp\/v2\/types\/product"}],"wp:featuredmedia":[{"embeddable":true,"href":"https:\/\/www.galerie-obrist.de\/en\/wp-json\/wp\/v2\/media\/9669"}],"wp:attachment":[{"href":"https:\/\/www.galerie-obrist.de\/en\/wp-json\/wp\/v2\/media?parent=9664"}],"wp:term":[{"taxonomy":"product_brand","embeddable":true,"href":"https:\/\/www.galerie-obrist.de\/en\/wp-json\/wp\/v2\/product_brand?post=9664"},{"taxonomy":"product_cat","embeddable":true,"href":"https:\/\/www.galerie-obrist.de\/en\/wp-json\/wp\/v2\/product_cat?post=9664"},{"taxonomy":"product_tag","embeddable":true,"href":"https:\/\/www.galerie-obrist.de\/en\/wp-json\/wp\/v2\/product_tag?post=9664"}],"curies":[{"name":"wp","href":"https:\/\/api.w.org\/{rel}","templated":true}]}}