{"id":9626,"date":"2019-03-16T18:23:52","date_gmt":"2019-03-16T16:23:52","guid":{"rendered":"https:\/\/www.galerie-obrist.de\/wordpress\/?post_type=product&#038;p=9626"},"modified":"2024-12-27T17:13:11","modified_gmt":"2024-12-27T16:13:11","slug":"boehm-was-sich-nicht-veraendert","status":"publish","type":"product","link":"https:\/\/www.galerie-obrist.de\/en\/produkt\/boehm-was-sich-nicht-veraendert\/","title":{"rendered":"Marcela B\u00f6hm &#8211; Was sich nicht ver\u00e4ndert"},"content":{"rendered":"<p>Marcela B\u00f6hm &#8211; Was sich nicht ver\u00e4ndert.<br \/>\nAusstellungskatalog Galerie Obrist 2019,<br \/>\nBrosch. Umschlag, Klebebindung, 44 Seiten, Format 210 x 210 mm<\/p>\n","protected":false},"excerpt":{"rendered":"<p>Marcela B\u00f6hm &#8211; Was sich nicht ver\u00e4ndert. Katalog.<\/p>\n","protected":false},"featured_media":9627,"template":"","meta":{"ngg_post_thumbnail":0},"product_brand":[],"product_cat":[466,458],"product_tag":[],"class_list":{"0":"post-9626","1":"product","2":"type-product","3":"status-publish","4":"has-post-thumbnail","6":"product_cat-print","7":"product_cat-08kataloge","9":"first","10":"instock","11":"taxable","12":"shipping-taxable","13":"purchasable","14":"product-type-simple"},"translation":{"provider":"WPGlobus","version":"3.0.1","language":"en","enabled_languages":["de","en"],"languages":{"de":{"title":true,"content":true,"excerpt":true},"en":{"title":false,"content":false,"excerpt":false}}},"_links":{"self":[{"href":"https:\/\/www.galerie-obrist.de\/en\/wp-json\/wp\/v2\/product\/9626","targetHints":{"allow":["GET"]}}],"collection":[{"href":"https:\/\/www.galerie-obrist.de\/en\/wp-json\/wp\/v2\/product"}],"about":[{"href":"https:\/\/www.galerie-obrist.de\/en\/wp-json\/wp\/v2\/types\/product"}],"wp:featuredmedia":[{"embeddable":true,"href":"https:\/\/www.galerie-obrist.de\/en\/wp-json\/wp\/v2\/media\/9627"}],"wp:attachment":[{"href":"https:\/\/www.galerie-obrist.de\/en\/wp-json\/wp\/v2\/media?parent=9626"}],"wp:term":[{"taxonomy":"product_brand","embeddable":true,"href":"https:\/\/www.galerie-obrist.de\/en\/wp-json\/wp\/v2\/product_brand?post=9626"},{"taxonomy":"product_cat","embeddable":true,"href":"https:\/\/www.galerie-obrist.de\/en\/wp-json\/wp\/v2\/product_cat?post=9626"},{"taxonomy":"product_tag","embeddable":true,"href":"https:\/\/www.galerie-obrist.de\/en\/wp-json\/wp\/v2\/product_tag?post=9626"}],"curies":[{"name":"wp","href":"https:\/\/api.w.org\/{rel}","templated":true}]}}