{"id":8536,"date":"2018-11-08T18:51:17","date_gmt":"2018-11-08T16:51:17","guid":{"rendered":"https:\/\/www.galerie-obrist.de\/wordpress\/?post_type=product&#038;p=8536"},"modified":"2024-12-27T17:13:20","modified_gmt":"2024-12-27T16:13:20","slug":"boehm-was-uebrig-blieb","status":"publish","type":"product","link":"https:\/\/www.galerie-obrist.de\/en\/produkt\/boehm-was-uebrig-blieb\/","title":{"rendered":"Marcela B\u00f6hm. Was \u00fcbrig blieb."},"content":{"rendered":"<p>Marcela B\u00f6hm. Was \u00fcbrig blieb.<br \/>\nDigital-Print, Auflage 10, signiert und nummeriert, 33 x 48 cm<\/p>\n","protected":false},"excerpt":{"rendered":"<p>Marcela B\u00f6hm. Was \u00fcbrig blieb. Edition.<\/p>\n","protected":false},"featured_media":8537,"template":"","meta":{"ngg_post_thumbnail":0},"product_brand":[],"product_cat":[459],"product_tag":[],"class_list":{"0":"post-8536","1":"product","2":"type-product","3":"status-publish","4":"has-post-thumbnail","6":"product_cat-05grafik","7":"product_shipping_class-kleinpaket","9":"first","10":"instock","11":"taxable","12":"shipping-taxable","13":"purchasable","14":"product-type-simple"},"translation":{"provider":"WPGlobus","version":"3.0.1","language":"en","enabled_languages":["de","en"],"languages":{"de":{"title":true,"content":true,"excerpt":true},"en":{"title":false,"content":false,"excerpt":false}}},"_links":{"self":[{"href":"https:\/\/www.galerie-obrist.de\/en\/wp-json\/wp\/v2\/product\/8536","targetHints":{"allow":["GET"]}}],"collection":[{"href":"https:\/\/www.galerie-obrist.de\/en\/wp-json\/wp\/v2\/product"}],"about":[{"href":"https:\/\/www.galerie-obrist.de\/en\/wp-json\/wp\/v2\/types\/product"}],"wp:featuredmedia":[{"embeddable":true,"href":"https:\/\/www.galerie-obrist.de\/en\/wp-json\/wp\/v2\/media\/8537"}],"wp:attachment":[{"href":"https:\/\/www.galerie-obrist.de\/en\/wp-json\/wp\/v2\/media?parent=8536"}],"wp:term":[{"taxonomy":"product_brand","embeddable":true,"href":"https:\/\/www.galerie-obrist.de\/en\/wp-json\/wp\/v2\/product_brand?post=8536"},{"taxonomy":"product_cat","embeddable":true,"href":"https:\/\/www.galerie-obrist.de\/en\/wp-json\/wp\/v2\/product_cat?post=8536"},{"taxonomy":"product_tag","embeddable":true,"href":"https:\/\/www.galerie-obrist.de\/en\/wp-json\/wp\/v2\/product_tag?post=8536"}],"curies":[{"name":"wp","href":"https:\/\/api.w.org\/{rel}","templated":true}]}}