{"id":20627,"date":"2026-05-05T14:21:22","date_gmt":"2026-05-05T12:21:22","guid":{"rendered":"https:\/\/www.galerie-obrist.de\/?post_type=product&#038;p=20627"},"modified":"2026-05-06T11:50:03","modified_gmt":"2026-05-06T09:50:03","slug":"paul-gauguin-maruru","status":"publish","type":"product","link":"https:\/\/www.galerie-obrist.de\/en\/kunst-sammeln\/paul-gauguin-maruru\/","title":{"rendered":"Paul Gauguin (1848-1903): Maruru"},"content":{"rendered":"<h4>1893-94<\/p>\n<p>Holzschnitt, Holzstock 20,5 x 35,5 cm, Blattgr\u00f6\u00dfe 26,7 x 42,2 cm<br \/>Mongan\/Kornfeld\/Joachim 22\/E\/a (v. F). 1893\u20131894, gedruckt 1921. Unten rechts von Pola Gauguin bezeichnet \u00abPola Gauguin imp\u00bb, links \u00abPaul Gauguin fait\u00bb, links oben \u00fcber der Darstellung \u00abProvetryk\u00bb.<\/h4>\n<p>Probedruck auf Chinapapier, die \u00e4ussersten R\u00e4nder mit Klebstreifen versehen. Vor der Auflage von 100 Exemplaren, die Pola Gauguin, der Sohn des K\u00fcnstlers, 1921 in Kopenhagen herausgegeben hat.<br \/>Schwarzer Holzrahmen mit goldenen Ornamentleisten, optisch entspiegeltes Glas.<\/p>\n<h5><em>1893-94<br \/>\nWoodcut, woodblock 20.5 x 35.5 cm, sheet size 26.7 x 42.2 cm<\/h5>\n<p>Mongan\/Kornfeld\/Joachim 22\/E\/a (from F). 1893\u20131894, printed 1921. Inscribed by Pola Gauguin lower right \u00abPola Gauguin imp\u00bb, left \u00abPaul Gauguin fait\u00bb, upper left above the depiction \u00abProvetryk\u00bb. Test print on China paper, the outermost edges provided with adhesive strips. Before the edition of 100 copies published by Pola Gauguin, the artist\u2018s son, in Copenhagen in 1921.<br \/>Black wooden frame with golden ornamental strips, anti-reflective glass.<\/em><\/p>\n","protected":false},"excerpt":{"rendered":"<p>1893-94<\/p>\n<p>Holzschnitt,<br \/>\nInv.-Nr. 20627<br \/>\nFormat: 20,5 x 35,5 cm<br \/>\nBlatt: 26,7 x 42,2 cm<\/p>\n","protected":false},"featured_media":20628,"template":"","meta":{"ngg_post_thumbnail":0},"product_brand":[],"product_cat":[795,780,697,459],"product_tag":[718,802,801,800],"class_list":{"0":"post-20627","1":"product","2":"type-product","3":"status-publish","4":"has-post-thumbnail","6":"product_cat-museale-werke-fuer-ihre-sammlung","7":"product_cat-callforprice","8":"product_cat-classics","9":"product_cat-05grafik","10":"product_tag-callforprice","11":"product_tag-holzschnitt","12":"product_tag-maruru","13":"product_tag-paul-gauguin","15":"first","16":"instock","17":"product-type-simple"},"translation":{"provider":"WPGlobus","version":"3.0.2","language":"en","enabled_languages":["de","en"],"languages":{"de":{"title":true,"content":true,"excerpt":true},"en":{"title":false,"content":false,"excerpt":false}}},"_links":{"self":[{"href":"https:\/\/www.galerie-obrist.de\/en\/wp-json\/wp\/v2\/product\/20627","targetHints":{"allow":["GET"]}}],"collection":[{"href":"https:\/\/www.galerie-obrist.de\/en\/wp-json\/wp\/v2\/product"}],"about":[{"href":"https:\/\/www.galerie-obrist.de\/en\/wp-json\/wp\/v2\/types\/product"}],"wp:featuredmedia":[{"embeddable":true,"href":"https:\/\/www.galerie-obrist.de\/en\/wp-json\/wp\/v2\/media\/20628"}],"wp:attachment":[{"href":"https:\/\/www.galerie-obrist.de\/en\/wp-json\/wp\/v2\/media?parent=20627"}],"wp:term":[{"taxonomy":"product_brand","embeddable":true,"href":"https:\/\/www.galerie-obrist.de\/en\/wp-json\/wp\/v2\/product_brand?post=20627"},{"taxonomy":"product_cat","embeddable":true,"href":"https:\/\/www.galerie-obrist.de\/en\/wp-json\/wp\/v2\/product_cat?post=20627"},{"taxonomy":"product_tag","embeddable":true,"href":"https:\/\/www.galerie-obrist.de\/en\/wp-json\/wp\/v2\/product_tag?post=20627"}],"curies":[{"name":"wp","href":"https:\/\/api.w.org\/{rel}","templated":true}]}}