{"id":20618,"date":"2026-05-05T14:00:32","date_gmt":"2026-05-05T12:00:32","guid":{"rendered":"https:\/\/www.galerie-obrist.de\/?post_type=product&#038;p=20618"},"modified":"2026-05-05T14:40:21","modified_gmt":"2026-05-05T12:40:21","slug":"paul-gauguin-une-fille-de-loth","status":"publish","type":"product","link":"https:\/\/www.galerie-obrist.de\/en\/kunst-sammeln\/paul-gauguin-une-fille-de-loth\/","title":{"rendered":"Auguste Rodin (1840-1917): Une fille de Loth, statue de sel"},"content":{"rendered":"<h4>um 1900<\/p>\n<p>Aquarell in Rosa \u00fcber Vorzeichnung in Bleistift, 32 x 18,5 cm Zeichnungsbogen, wohl Montage des K\u00fcnstlers auf d\u00fcnnes Velin, Unterlagekarton, 50,7 x 36,8 cm. Unten rechts vom K\u00fcnstler in Bleistift monogrammiert \u00abAR\u00bb, in der Mitte rechts eigenh\u00e4ndig bezeichnet \u00abLoth\/statue de sel\u00bb. Wasserzeichen \u00ab(Can)son &#038; Mont- golfier\u00bb. Urspr\u00fcnglich Sammlung Fritz Meyer-Fierz, Z\u00fcrich, wahrscheinlich erworben durch Galerie Moos, Genf. Es liegt eine Expertise von Christine Buley-Uribe vor. Sauber in der Erhaltung, minimale Altersspuren.<\/h4>\n<p>Loths Tochter ist skizziert just in dem Moment, als sie &#8211; noch ganz lebendiges M\u00e4dchen &#8211; gerade von der Erstarrung zur Salzs\u00e4ule erfasst wird. In dieser leicht dahingeworfenen Zeichnung tritt die ganze Meisterschaft Rodins zutage: Die Ambivalenz zwischen Bewegung und Erstarrung wird durch die hastigen Striche des Bleistifts im Kontrast zur gem\u00e4chlichen Colorierung perfekt inszeniert. Das Blatt ist insofern exzeptionell, da nur noch eine einzige weitere Bearbeitung des Themas im Werk von Rodin existiert, ein Aquarell in der Sammlung des Mus\u00e9e Rodin in Paris (Inv.-Nr. D.04927). Christina Buley- Uribe nimmt an, da\u00df das vorliegende Blatt die erste Variante ist. Ihre vorliegende Expertise best\u00e4tigt, dass dieses Blatt in Rodins Werksverzeichnis \u00abCatalogue raisonn\u00e9 des dessins et peintures d\u2019Auguste Rodin (1840-1917)\u00bb unter der Nummer 180502 aufgenommen wird.<\/p>\n<h5><em>A Daughter of Loth, Salt Statue<br \/>\naround 1900<br \/>\nWatercolour in pink on preliminary pencil drawing, sheet: 12 3\/5 x 7 1\/9\u201d (32 x 18.5 cm); mounted by the artist on thin velin, underlaid cardboard: 20 x 14 1\/2\u201d (50.7 x 36.8 cm), Signed below right with pencil \u00abAR\u00bb and middle right \u00abLoth\/ statue de sel\u00bb. Watermark \u00ab(Can)son &#038; Montgolfier\u00bb. Originally Collection Fritz Meyer-Fierz, Zurich, probably acq. Galerie Moos, Geneve. An expertise by Christine Buley-Uribe is existing. Clean condition, marginal signs of aging.<\/h5>\n<p>Loth\u2019s daughter is recorded just at the moment when she &#8211; still a living girl &#8211; is just turning to a statue of salt. In this easily sketched drawing, Rodin\u2019s entire mastery comes to light: the ambivalence between movement and solidification is perfectly reflected by the hasty strokes of the pencil in contrast to the leisurely coloring. The sheet is exceptional in that there is only one further treatment of the subject in the work of Rodin, a watercolor in the collection of the Mus\u00e9e Rodin in Paris (inv. No. D.04927). Christina Buley-Uribe assumes that this sheet is the first variant. Her expertise is confirming that this sheet will be included in the \u00abCatalogue raisonn\u00e9 des dessins et peintures d\u2019Auguste Rodin (1840-1917)\u00bb, under the number 180502.<\/em><\/p>\n","protected":false},"excerpt":{"rendered":"<p>um 1900<\/p>\n<p>Aquarell \/ Bleistift,<br \/>\nmonogrammiert<br \/>\nInv.-Nr. 20618<br \/>\nFormat: 32 x 18,5 cm<br \/>\nBlatt: 50,7 x 36,8 cm<\/p>\n","protected":false},"featured_media":20623,"template":"","meta":{"ngg_post_thumbnail":0},"product_brand":[],"product_cat":[795,780,697,459],"product_tag":[799,718,798,797],"class_list":{"0":"post-20618","1":"product","2":"type-product","3":"status-publish","4":"has-post-thumbnail","6":"product_cat-museale-werke-fuer-ihre-sammlung","7":"product_cat-callforprice","8":"product_cat-classics","9":"product_cat-05grafik","10":"product_tag-auguste-rodin","11":"product_tag-callforprice","12":"product_tag-loth","13":"product_tag-originalzeichnung","15":"first","16":"instock","17":"taxable","18":"shipping-taxable","19":"product-type-simple"},"translation":{"provider":"WPGlobus","version":"3.0.2","language":"en","enabled_languages":["de","en"],"languages":{"de":{"title":true,"content":true,"excerpt":true},"en":{"title":false,"content":false,"excerpt":false}}},"_links":{"self":[{"href":"https:\/\/www.galerie-obrist.de\/en\/wp-json\/wp\/v2\/product\/20618","targetHints":{"allow":["GET"]}}],"collection":[{"href":"https:\/\/www.galerie-obrist.de\/en\/wp-json\/wp\/v2\/product"}],"about":[{"href":"https:\/\/www.galerie-obrist.de\/en\/wp-json\/wp\/v2\/types\/product"}],"wp:featuredmedia":[{"embeddable":true,"href":"https:\/\/www.galerie-obrist.de\/en\/wp-json\/wp\/v2\/media\/20623"}],"wp:attachment":[{"href":"https:\/\/www.galerie-obrist.de\/en\/wp-json\/wp\/v2\/media?parent=20618"}],"wp:term":[{"taxonomy":"product_brand","embeddable":true,"href":"https:\/\/www.galerie-obrist.de\/en\/wp-json\/wp\/v2\/product_brand?post=20618"},{"taxonomy":"product_cat","embeddable":true,"href":"https:\/\/www.galerie-obrist.de\/en\/wp-json\/wp\/v2\/product_cat?post=20618"},{"taxonomy":"product_tag","embeddable":true,"href":"https:\/\/www.galerie-obrist.de\/en\/wp-json\/wp\/v2\/product_tag?post=20618"}],"curies":[{"name":"wp","href":"https:\/\/api.w.org\/{rel}","templated":true}]}}