{"id":19371,"date":"2025-11-22T13:10:15","date_gmt":"2025-11-22T12:10:15","guid":{"rendered":"https:\/\/www.galerie-obrist.de\/?post_type=product&#038;p=19371"},"modified":"2025-12-13T14:21:08","modified_gmt":"2025-12-13T13:21:08","slug":"wiebke-bartsch-kalender-2026","status":"publish","type":"product","link":"https:\/\/www.galerie-obrist.de\/en\/produkt\/wiebke-bartsch-kalender-2026\/","title":{"rendered":"Wiebke Bartsch: Birdland 2026. K\u00fcnstlerkalender."},"content":{"rendered":"<p>Frisch eingetroffen:<br \/>\nDer Kalender zeigt handgezeichnete Vogelmotive der K\u00fcnstlerin Wiebke Bartsch.<br \/>\nDie 12 Kalenderbl\u00e4tter sind beidseitig bedruckt, es gibt zwei Abbildungsseiten pro Monat. Jeder Monat zeigt acht unterschiedliche V\u00f6gel.<br \/>\nZus\u00e4tzlich enthalten ist eine <b>handsignierte, nummerierte und auf 250 St\u00fcck limitierte Grafik der K\u00fcnstlerin.<\/b><br \/>\nFormat: DinA4<\/p>\n<div class=\"woocommerce columns-4 \"><\/div>\n","protected":false},"excerpt":{"rendered":"<p>Wiebke Bartsch: Kalender 2026<\/p>\n","protected":false},"featured_media":19372,"template":"","meta":{"ngg_post_thumbnail":0},"product_brand":[],"product_cat":[458,466,436],"product_tag":[767,585,754],"class_list":{"0":"post-19371","1":"product","2":"type-product","3":"status-publish","4":"has-post-thumbnail","6":"product_cat-08kataloge","7":"product_cat-print","8":"product_cat-wundertuete-kunst-in-tueten","9":"product_tag-767","10":"product_tag-kalender","11":"product_tag-wiebke-bartsch","12":"product_shipping_class-grosspaket","14":"first","15":"instock","16":"taxable","17":"shipping-taxable","18":"purchasable","19":"product-type-simple"},"translation":{"provider":"WPGlobus","version":"3.0.1","language":"en","enabled_languages":["de","en"],"languages":{"de":{"title":true,"content":true,"excerpt":true},"en":{"title":false,"content":false,"excerpt":false}}},"_links":{"self":[{"href":"https:\/\/www.galerie-obrist.de\/en\/wp-json\/wp\/v2\/product\/19371","targetHints":{"allow":["GET"]}}],"collection":[{"href":"https:\/\/www.galerie-obrist.de\/en\/wp-json\/wp\/v2\/product"}],"about":[{"href":"https:\/\/www.galerie-obrist.de\/en\/wp-json\/wp\/v2\/types\/product"}],"wp:featuredmedia":[{"embeddable":true,"href":"https:\/\/www.galerie-obrist.de\/en\/wp-json\/wp\/v2\/media\/19372"}],"wp:attachment":[{"href":"https:\/\/www.galerie-obrist.de\/en\/wp-json\/wp\/v2\/media?parent=19371"}],"wp:term":[{"taxonomy":"product_brand","embeddable":true,"href":"https:\/\/www.galerie-obrist.de\/en\/wp-json\/wp\/v2\/product_brand?post=19371"},{"taxonomy":"product_cat","embeddable":true,"href":"https:\/\/www.galerie-obrist.de\/en\/wp-json\/wp\/v2\/product_cat?post=19371"},{"taxonomy":"product_tag","embeddable":true,"href":"https:\/\/www.galerie-obrist.de\/en\/wp-json\/wp\/v2\/product_tag?post=19371"}],"curies":[{"name":"wp","href":"https:\/\/api.w.org\/{rel}","templated":true}]}}