{"id":18879,"date":"2025-07-24T14:08:38","date_gmt":"2025-07-24T12:08:38","guid":{"rendered":"https:\/\/www.galerie-obrist.de\/?post_type=product&#038;p=18879"},"modified":"2025-07-24T14:15:09","modified_gmt":"2025-07-24T12:15:09","slug":"wiebke-bartsch-hauskleid","status":"publish","type":"product","link":"https:\/\/www.galerie-obrist.de\/en\/produkt\/wiebke-bartsch-hauskleid\/","title":{"rendered":"Wiebke Bartsch: Hauskleid"},"content":{"rendered":"<h4>2005<br \/>Ganzk\u00f6rperkost\u00fcm aus wattiertem Stoff, Bord\u00fcre, Schuhe<br \/>\nInv.-Nr. 18879<br \/>Format 197 x 70 x 40 cm<\/h4>\n<p><em>1005<br \/>Full body costume made of padded fabric, border, shoes<br \/>\nInv.-Nr. 18879<br \/>Size 197 x 70 x 40 cm<\/h4>\n<p><\/em><\/p>\n<h4><a href=\"\/artists\/bartsch\/\" target=\"_blank\" rel=\"noopener\">Mehr zu Wiebke Bartsch&#8230;<\/a><\/h4>\n","protected":false},"excerpt":{"rendered":"<p>2005<br \/>Ganzk\u00f6rperkost\u00fcm<br \/>\nInv.-Nr. 18879, 197 x 70 x 40 cm<\/p>\n","protected":false},"featured_media":18880,"template":"","meta":{"ngg_post_thumbnail":0},"product_brand":[],"product_cat":[749,498],"product_tag":[754],"class_list":{"0":"post-18879","1":"product","2":"type-product","3":"status-publish","4":"has-post-thumbnail","6":"product_cat-mother-madonna-me","7":"product_cat-plastik","8":"product_tag-wiebke-bartsch","10":"first","11":"instock","12":"taxable","13":"shipping-taxable","14":"purchasable","15":"product-type-simple"},"translation":{"provider":"WPGlobus","version":"3.0.1","language":"en","enabled_languages":["de","en"],"languages":{"de":{"title":true,"content":true,"excerpt":true},"en":{"title":false,"content":false,"excerpt":false}}},"_links":{"self":[{"href":"https:\/\/www.galerie-obrist.de\/en\/wp-json\/wp\/v2\/product\/18879","targetHints":{"allow":["GET"]}}],"collection":[{"href":"https:\/\/www.galerie-obrist.de\/en\/wp-json\/wp\/v2\/product"}],"about":[{"href":"https:\/\/www.galerie-obrist.de\/en\/wp-json\/wp\/v2\/types\/product"}],"wp:featuredmedia":[{"embeddable":true,"href":"https:\/\/www.galerie-obrist.de\/en\/wp-json\/wp\/v2\/media\/18880"}],"wp:attachment":[{"href":"https:\/\/www.galerie-obrist.de\/en\/wp-json\/wp\/v2\/media?parent=18879"}],"wp:term":[{"taxonomy":"product_brand","embeddable":true,"href":"https:\/\/www.galerie-obrist.de\/en\/wp-json\/wp\/v2\/product_brand?post=18879"},{"taxonomy":"product_cat","embeddable":true,"href":"https:\/\/www.galerie-obrist.de\/en\/wp-json\/wp\/v2\/product_cat?post=18879"},{"taxonomy":"product_tag","embeddable":true,"href":"https:\/\/www.galerie-obrist.de\/en\/wp-json\/wp\/v2\/product_tag?post=18879"}],"curies":[{"name":"wp","href":"https:\/\/api.w.org\/{rel}","templated":true}]}}