{"id":18125,"date":"2025-04-03T19:30:32","date_gmt":"2025-04-03T17:30:32","guid":{"rendered":"https:\/\/www.galerie-obrist.de\/?post_type=product&#038;p=18125"},"modified":"2025-05-26T07:41:46","modified_gmt":"2025-05-26T05:41:46","slug":"armin-scheid-magnolia-cluster-ii-flow","status":"publish","type":"product","link":"https:\/\/www.galerie-obrist.de\/en\/produkt\/armin-scheid-magnolia-cluster-ii-flow\/","title":{"rendered":"Armin Scheid: Magnolia Cluster II (Flow)"},"content":{"rendered":"<p><div class=\"ycd-all-content-wrapper ycd-countdown-content-wrapper-16825\"><div class=\"ycd-sticky-header ycd-sticky-header-16825 \" data-footer=\"\" data-id=\"16825\" data-settings=\"{&quot;endDate&quot;:&quot;2025-05-25 23:59&quot;,&quot;timeZone&quot;:&quot;Europe\\\/Berlin&quot;,&quot;ycd-countdown-end-sound&quot;:&quot;&quot;,&quot;ycd-countdown-end-sound-url&quot;:&quot;https:\\\/\\\/www.galerie-obrist.de\\\/wordpress\\\/wp-content\\\/plugins\\\/countdown-builder\\\/lib\\\/alarm.mp3&quot;,&quot;ycd-countdown-expire-behavior&quot;:&quot;hideCountdown&quot;,&quot;ycd-expire-text&quot;:&quot;&quot;,&quot;ycd-expire-url&quot;:&quot;&quot;,&quot;id&quot;:16825,&quot;ycd-countdown-date-type&quot;:&quot;dueDate&quot;,&quot;ycd-sticky-expire-behavior&quot;:&quot;redirectToURL&quot;,&quot;ycd-sticky-url&quot;:&quot;&quot;,&quot;ycd-sticky-url-new-tab&quot;:&quot;&quot;,&quot;ycd-sticky-button-copy&quot;:&quot;&quot;,&quot;ycd-sticky-copy-alert&quot;:&quot;&quot;,&quot;ycd-sticky-alert-text&quot;:&quot;&quot;,&quot;ycd-fixed-position&quot;:&quot;top_left&quot;,&quot;ycd-fixed-positions-top&quot;:&quot;0px&quot;,&quot;ycd-fixed-positions-right&quot;:&quot;0px&quot;,&quot;ycd-fixed-positions-bottom&quot;:&quot;0px&quot;,&quot;ycd-fixed-positions-left&quot;:&quot;0px&quot;,&quot;ycd-countdown-display-on&quot;:&quot;on&quot;,&quot;ycd-position-countdown&quot;:&quot;top_center&quot;,&quot;ycd-display-settings&quot;:[{&quot;key1&quot;:&quot;selected_post&quot;,&quot;key2&quot;:&quot;is&quot;,&quot;key3&quot;:[]}],&quot;ycd-date-time-picker&quot;:&quot;2025-05-25 23:59&quot;,&quot;ycd-circle-time-zone&quot;:&quot;Europe\\\/Berlin&quot;,&quot;ycd-woo-time-zone&quot;:&quot;&quot;,&quot;ycd-woo-coupon-date&quot;:&quot;&quot;,&quot;ycd-countdown-restart-hour&quot;:&quot;1&quot;,&quot;ycd-countdown-duration-days&quot;:&quot;0&quot;,&quot;ycd-countdown-duration-hours&quot;:&quot;0&quot;,&quot;ycd-countdown-duration-minutes&quot;:&quot;0&quot;,&quot;ycd-countdown-duration-seconds&quot;:&quot;30&quot;,&quot;ycd-schedule-time-zone&quot;:&quot;&quot;,&quot;ycd-schedule-start-from&quot;:&quot;&quot;,&quot;ycd-schedule-end-to&quot;:&quot;&quot;,&quot;ycd-schedule2-time-zone&quot;:&quot;&quot;,&quot;ycd-schedule2-from&quot;:&quot;&quot;,&quot;ycd-schedule2-to&quot;:&quot;&quot;,&quot;ycd-schedule3-time-zone&quot;:&quot;&quot;,&quot;ycd-schedule3-time&quot;:&quot;&quot;,&quot;ycd-woo-condition&quot;:&quot;disabled&quot;,&quot;ycd-countdown-enable-start-date&quot;:&quot;on&quot;,&quot;ycd-countdown-start-date&quot;:&quot;2025-05-15 00:00&quot;,&quot;ycd-countdown-start-time-zone&quot;:&quot;Europe\\\/Berlin&quot;,&quot;ycd-custom-css&quot;:&quot;&quot;,&quot;ycd-custom-js&quot;:&quot;&quot;,&quot;ycd-subscribe-width&quot;:&quot;100%&quot;,&quot;ycd-form-above-text&quot;:&quot;Join Our Newsletter&quot;,&quot;ycd-form-input-text&quot;:&quot;Enter your email here&quot;,&quot;ycd-form-submit-text&quot;:&quot;Subscribe&quot;,&quot;ycd-form-submit-color&quot;:&quot;#3274d1&quot;,&quot;ycd-subscribe-success-message&quot;:&quot;Thanks for subscribing.&quot;,&quot;ycd-subscribe-error-message&quot;:&quot;Invalid email address.&quot;,&quot;ycd-button-name&quot;:&quot;Buy Now&quot;,&quot;ycd-button-width&quot;:&quot;200px&quot;,&quot;ycd-button-height&quot;:&quot;50px&quot;,&quot;ycd-button-border-width&quot;:&quot;0px&quot;,&quot;ycd-button-border-types&quot;:&quot;0&quot;,&quot;ycd-button-border-radius&quot;:&quot;5&quot;,&quot;ycd-button-margin-top&quot;:&quot;0px&quot;,&quot;ycd-button-margin-right&quot;:&quot;0px&quot;,&quot;ycd-button-margin-bottom&quot;:&quot;0px&quot;,&quot;ycd-button-margin-left&quot;:&quot;0px&quot;,&quot;ycd-button-opacity&quot;:&quot;1&quot;,&quot;ycd-button-font-size&quot;:&quot;14px&quot;,&quot;ycd-button-bg-color&quot;:&quot;#4dba7a&quot;,&quot;ycd-button-color&quot;:&quot;#ffffff&quot;,&quot;ycd-button-border-color&quot;:&quot;&quot;,&quot;ycd-button-hover-animation-speed&quot;:&quot;&quot;,&quot;ycd-button-hover-bg-color&quot;:&quot;#4dba7a&quot;,&quot;ycd-button-hover-color&quot;:&quot;#ffffff&quot;,&quot;ycd-countdown-button-behavior&quot;:&quot;redirect&quot;,&quot;ycd-button-action-url&quot;:&quot;https:\\\/\\\/www.galerie-obrist.de\\\/wordpress&quot;,&quot;ycd-scroll-to-selector&quot;:&quot;&quot;,&quot;ycd-animation-speed&quot;:&quot;&quot;,&quot;ycd-download-url&quot;:&quot;&quot;,&quot;ycd-download-name&quot;:&quot;&quot;,&quot;ycd-button-copy-text&quot;:&quot;&quot;,&quot;ycd-button-alert-text&quot;:&quot;&quot;,&quot;ycd-countdown-floating-position&quot;:&quot;top_left&quot;,&quot;ycd-countdown-floating-position-top&quot;:&quot;0px&quot;,&quot;ycd-countdown-floating-position-right&quot;:&quot;0px&quot;,&quot;ycd-countdown-floating-position-bottom&quot;:&quot;0px&quot;,&quot;ycd-countdown-floating-position-left&quot;:&quot;0px&quot;,&quot;ycd-countdown-floating-text&quot;:&quot;Click&quot;,&quot;ycd-countdown-floating-close-text&quot;:&quot;Schlie\\u00dfen&quot;,&quot;ycd-countdown-floating-padding-top&quot;:&quot;0px&quot;,&quot;ycd-countdown-floating-padding-right&quot;:&quot;0px&quot;,&quot;ycd-countdown-floating-padding-bottom&quot;:&quot;0px&quot;,&quot;ycd-countdown-floating-padding-left&quot;:&quot;0px&quot;,&quot;ycd-countdown-floating-text-padding-top&quot;:&quot;0px&quot;,&quot;ycd-countdown-floating-text-padding-right&quot;:&quot;0px&quot;,&quot;ycd-countdown-floating-text-padding-bottom&quot;:&quot;0px&quot;,&quot;ycd-countdown-floating-text-padding-left&quot;:&quot;0px&quot;,&quot;ycd-countdown-floating-text-size&quot;:&quot;20px&quot;,&quot;ycd-countdown-floating-text-color&quot;:&quot;&quot;,&quot;ycd-countdown-floating-text-bg-color&quot;:&quot;&quot;,&quot;ycd-countdown-floating-text-content-bg-color&quot;:&quot;&quot;,&quot;ycd-date-progress-start-date&quot;:&quot;2024-11-28 12:57&quot;,&quot;ycd-progress-width&quot;:&quot;&quot;,&quot;ycd-progress-height&quot;:&quot;&quot;,&quot;ycd-progress-main-color&quot;:&quot;&quot;,&quot;ycd-progress-color&quot;:&quot;&quot;,&quot;ycd-progress-text-color&quot;:&quot;&quot;,&quot;ycd-sticky-show-condition&quot;:&quot;initial&quot;,&quot;ycd-sticky-scroll-delay&quot;:&quot;&quot;,&quot;ycd-sticky-scroll-percent&quot;:&quot;1%&quot;,&quot;ycd-sticky-countdown-sections&quot;:&quot;Text-Countdown&quot;,&quot;ycd-sticky-text-background-color&quot;:&quot;#555&quot;,&quot;ycd-sticky-close-text&quot;:&quot;Close&quot;,&quot;ycd-sticky-close-position&quot;:&quot;top_right&quot;,&quot;ycd-sticky-button-text&quot;:&quot;Checkout&quot;,&quot;ycd-sticky-bg-color&quot;:&quot;#000000&quot;,&quot;ycd-sticky-button-color&quot;:&quot;#fff&quot;,&quot;ycd-sticky-button-padding&quot;:&quot;0px&quot;,&quot;ycd-sticky-button-border-width&quot;:&quot;0px&quot;,&quot;ycd-sticky-button-border-radius&quot;:&quot;0px&quot;,&quot;ycd-sticky-button-border-color&quot;:&quot;&quot;,&quot;ycd-sticky-text&quot;:&quot;Diese Time Limited Edition endet in&quot;,&quot;ycd-sticky-text-color&quot;:&quot;#fff&quot;,&quot;ycd-sticky-countdown-mode&quot;:&quot;stickyCountdownDefault&quot;,&quot;ycd-sticky-countdown-days&quot;:&quot;T&quot;,&quot;ycd-sticky-countdown-hours&quot;:&quot;St&quot;,&quot;ycd-sticky-countdown-minutes&quot;:&quot;Min&quot;,&quot;ycd-sticky-countdown-seconds&quot;:&quot;Sek&quot;,&quot;ycd-sticky-countdown-text-color&quot;:&quot;#fff&quot;,&quot;ycd-stick-countdown-font-weight&quot;:&quot;inherit&quot;,&quot;ycd-stick-countdown-font-size&quot;:&quot;25&quot;,&quot;ycd-tr&quot;:{&quot;{translationId}&quot;:{&quot;language&quot;:&quot;af&quot;,&quot;Years&quot;:&quot;&quot;,&quot;Months&quot;:&quot;&quot;,&quot;Days&quot;:&quot;&quot;,&quot;Hours&quot;:&quot;&quot;,&quot;Minutes&quot;:&quot;&quot;,&quot;Seconds&quot;:&quot;&quot;}},&quot;ycd-sticky-countdown&quot;:&quot;&quot;,&quot;ycd-type&quot;:&quot;sticky&quot;,&quot;ycd-post-id&quot;:&quot;16825&quot;,&quot;ycd-timer-seconds&quot;:0,&quot;ycd-countdown-save-duration&quot;:&quot;&quot;,&quot;ycd-countdown-save-duration-each-user&quot;:&quot;&quot;,&quot;ycd-time-zone&quot;:&quot;Europe\\\/Berlin&quot;,&quot;ycd-countdown-restart&quot;:&quot;&quot;,&quot;ycd-count-up-from-end-date&quot;:&quot;&quot;,&quot;ycd-countdown-enable-woo-condition&quot;:&quot;&quot;,&quot;ycd-scroll-to-countdown&quot;:&quot;&quot;,&quot;isExpired&quot;:true}\"><div class=\"ycd-sticky-header-child ycd-sticky-header-text\">Diese Time Limited Edition endet in<\/div><div class=\"ycd-sticky-header-child ycd-sticky-header-countdown\"><div class=\"ycd-sticky-clock\"><\/div><\/div><div><\/div><\/div>\t\t<style type=\"text\/css\">\n\t\t\t.ycd-hide-banner {\n\t\t\t\tvisibility: hidden;\n\t\t\t\theight: 0px;\n\t\t\t\toverflow: hidden;\n\t\t\t}\n\t\t\t.ycd-sticky-header-countdown {\n\t\t\t\tcolor: #fff;\n\t\t\t\tfont-size: 25px;\n\t\t\t\tfont-weight: inherit;\n\t\t\t}\n\t\t\t\/* Style the header *\/\n\t\t\t.ycd-sticky-header {\n\t\t\t\tpadding: 10px 16px;\n\t\t\t\tbackground: #555;\n\t\t\t\tcolor: #fff;\n\t\t\t\tposition: relative;\n\t\t\t}\n\t\t\t\n\t\t\t.ycd-sticky-header-child {\n\t\t\t\twidth: 49%;\n\t\t\t\tdisplay: inline-block;\n\t\t\t\ttext-align: center;\n\t\t\t\tvertical-align: middle;\n\t\t\t}\n\n\t\t\t\/* Page content *\/\n\t\t\t.ycd-sticky-content {\n\t\t\t\tpadding: 16px;\n\t\t\t}\n\n\t\t\t\/* The sticky class is added to the header with JS when it reaches its scroll position *\/\n\t\t\t.ycd-sticky {\n\t\t\t\tposition: fixed;\n\t\t\t\ttop: 0;\n\t\t\t\twidth: 100%;\n\t\t\t\tz-index: 9999999999999999999999999999999999999999;\n\t\t\t}\n\t\t\t.ycd-sticky-footer {\n\t\t\t\tposition: fixed;\n\t\t\t\tbottom: 0 !important;\n\t\t\t\twidth: 100%;\n\t\t\t\tz-index: 9999999999999999999999999999999999999999;\n\t\t\t}\n\t\t\t\/* Add some top padding to the page content to prevent sudden quick movement (as the header gets a new position at the top of the page (position:fixed and top:0) *\/\n\t\t\t.ycd-sticky + .ycd-sticky-content {\n\t\t\t\tpadding-top: 102px;\n\t\t\t}\n\t\t\t.ycd-sticky-button {\n\t\t\t\tbackground-color: #000000 !important;\n\t\t\t\tcolor: #fff !important;\n\t\t\t}\n\t\t\t\t\t\t\t\t<\/style>\n\t\t<\/div><br \/>\n2025, Time Limited Edition von Armin Scheid vom<br \/>\n<b>15. Mai 2025, 0:00 Uhr bis 25. Mai 2025, 23.59 Uhr<\/b><br \/>\nC-Print auf Papier, handsigniert<br \/>\nAuflage limitiert auf die Anzahl der Bestellungen, Inv.-Nr. 18125<br \/>\nFormat: 50 x 70 cm gerahmt<\/p>\n<p><em>2025, Time Limited Edition by Armin Scheid<br \/>\n<b>15th May, 0:00h until 25th May, 2025, 23.59 Uhr<\/b><br \/>\nC-print on paper, hand signed<br \/>\nEdition limited to the number of orders, inv.-no. 18125<br \/>\nsize: 50 x 70 cm framed<\/em><\/p>\n<h2>Was ist eine TIME LIMITED EDITION?<\/h2>\n<p class=\"p1\">Armin Scheid hat in Kooperation mit der Galerie Obrist diese hochwertige Edition in zwei Varianten aufgelegt, in denen wundervolle Darstellungen von Magnolien zu sehen sind. In seiner typischen Manier hat er die Malereien mit digitalen und analogen Mitteln ver\u00e4ndert. &#8211; Sie haben nun die Gelegenheit, diese besonderen Werke zu einem einmalig g\u00fcnstigen Preis zu erwerben: Der Verkauf erfolgt ausschlie\u00dflich <strong> online<\/strong> und in der Dekade von <strong>Donnerstag, 15. November 2025, 00:00 Uhr <\/strong>bis<strong> Sonntag, 25. Mai 2024, 23:59 Uhr.<\/strong><\/p>\n<p>Die Werke sind handsigniert, die Auflage ist streng begrenzt auf die Anzahl der Bestellungen in dem genannten Zeitraum und die Nummerierung erfolgt in der Reihenfolge des Bestelleingangs: Je fr\u00fcher Sie bestellen, desto niedriger die Nummer Ihres pers\u00f6nlichen Exemplars! Nach Ablauf des Bestellzeitraums werden die Werke produziert und nach ca. 2-3 Wochen verschickt. Sie haben die Wahl zwischen dem puren Abzug, einem auf Dibond aufgezogenen Exemplar oder einem gerahmten Blatt.<\/p>\n<h4><a href=\"https:\/\/www.arminscheid.de\/\">Mehr zu Armin Scheid&#8230;<\/a><\/h4><\/p>\n","protected":false},"excerpt":{"rendered":"<p>Time Limited Edition<br \/>\n15.05., 0:00 Uhr bis 25.05.2025, 23.59 Uhr <br \/>C-Print, Format: 50 x 70 cm gerahmt<\/p>\n","protected":false},"featured_media":18133,"template":"","meta":{"ngg_post_thumbnail":0},"product_brand":[],"product_cat":[494,715],"product_tag":[713],"class_list":{"0":"post-18125","1":"product","2":"type-product","3":"status-publish","4":"has-post-thumbnail","6":"product_cat-malerei","7":"product_cat-time-limited-edition","8":"product_tag-time-limited-edition","9":"product_shipping_class-versandkostenfrei","11":"first","12":"outofstock","13":"taxable","14":"shipping-taxable","15":"purchasable","16":"product-type-variable","17":"has-default-attributes"},"translation":{"provider":"WPGlobus","version":"3.0.1","language":"en","enabled_languages":["de","en"],"languages":{"de":{"title":true,"content":true,"excerpt":true},"en":{"title":false,"content":false,"excerpt":false}}},"_links":{"self":[{"href":"https:\/\/www.galerie-obrist.de\/en\/wp-json\/wp\/v2\/product\/18125","targetHints":{"allow":["GET"]}}],"collection":[{"href":"https:\/\/www.galerie-obrist.de\/en\/wp-json\/wp\/v2\/product"}],"about":[{"href":"https:\/\/www.galerie-obrist.de\/en\/wp-json\/wp\/v2\/types\/product"}],"wp:featuredmedia":[{"embeddable":true,"href":"https:\/\/www.galerie-obrist.de\/en\/wp-json\/wp\/v2\/media\/18133"}],"wp:attachment":[{"href":"https:\/\/www.galerie-obrist.de\/en\/wp-json\/wp\/v2\/media?parent=18125"}],"wp:term":[{"taxonomy":"product_brand","embeddable":true,"href":"https:\/\/www.galerie-obrist.de\/en\/wp-json\/wp\/v2\/product_brand?post=18125"},{"taxonomy":"product_cat","embeddable":true,"href":"https:\/\/www.galerie-obrist.de\/en\/wp-json\/wp\/v2\/product_cat?post=18125"},{"taxonomy":"product_tag","embeddable":true,"href":"https:\/\/www.galerie-obrist.de\/en\/wp-json\/wp\/v2\/product_tag?post=18125"}],"curies":[{"name":"wp","href":"https:\/\/api.w.org\/{rel}","templated":true}]}}