{"id":17857,"date":"2025-03-14T12:26:22","date_gmt":"2025-03-14T11:26:22","guid":{"rendered":"https:\/\/www.galerie-obrist.de\/?post_type=product&#038;p=17857"},"modified":"2025-11-27T19:04:33","modified_gmt":"2025-11-27T18:04:33","slug":"ottmar-hoerl-weltanschauungsmodell-iii","status":"publish","type":"product","link":"https:\/\/www.galerie-obrist.de\/en\/produkt\/ottmar-hoerl-weltanschauungsmodell-iii\/","title":{"rendered":"Ottmar H\u00f6rl: Weltanschauungsmodell III"},"content":{"rendered":"<h4>2008<br \/>3 Varianten: schwarz \/ grau \/ wei\u00df<br \/>Kunststoff, mit Pr\u00e4gung H\u00d6RL<br \/>\nInv.-Nr. 17857<br \/>79 x 34 x 27 cm<\/h4>\n<p>2008<br \/>3 variants: black \/ grey \/ white<br \/>Plastic, with H\u00d6RL embossing<br \/>\nInv.-No. 17857<br \/>Size: 79 x 34 x 27 cm<\/em><\/p>\n<p>><a href=\"\/artists\/hoerl\/\" target=\"_blank\" rel=\"noopener\">More by Ottmar H\u00f6rl&#8230;<\/a><\/h4>\n","protected":false},"excerpt":{"rendered":"<p>2008<br \/>\n3 Varianten: schwarz \/ grau \/ wei\u00df, Kunststoff, mit Pr\u00e4gung H\u00d6RL,<br \/>\nInv.-Nr. 17857, 79 x 34 x 27 cm<\/p>\n","protected":false},"featured_media":17861,"template":"","meta":{"ngg_post_thumbnail":0},"product_brand":[],"product_cat":[498,739,769,663],"product_tag":[723,738],"class_list":{"0":"post-17857","1":"product","2":"type-product","3":"status-publish","4":"has-post-thumbnail","6":"product_cat-plastik","7":"product_cat-hoerl-solo-2025","8":"product_cat-wt2025-outside-the-square","9":"product_cat-unkategorisiert","10":"product_tag-ottmar-hoerl","11":"product_tag-spatz","12":"product_shipping_class-kleinpaket","14":"first","15":"instock","16":"taxable","17":"shipping-taxable","18":"purchasable","19":"product-type-variable","20":"has-default-attributes"},"translation":{"provider":"WPGlobus","version":"3.0.1","language":"en","enabled_languages":["de","en"],"languages":{"de":{"title":true,"content":true,"excerpt":true},"en":{"title":false,"content":false,"excerpt":false}}},"_links":{"self":[{"href":"https:\/\/www.galerie-obrist.de\/en\/wp-json\/wp\/v2\/product\/17857","targetHints":{"allow":["GET"]}}],"collection":[{"href":"https:\/\/www.galerie-obrist.de\/en\/wp-json\/wp\/v2\/product"}],"about":[{"href":"https:\/\/www.galerie-obrist.de\/en\/wp-json\/wp\/v2\/types\/product"}],"wp:featuredmedia":[{"embeddable":true,"href":"https:\/\/www.galerie-obrist.de\/en\/wp-json\/wp\/v2\/media\/17861"}],"wp:attachment":[{"href":"https:\/\/www.galerie-obrist.de\/en\/wp-json\/wp\/v2\/media?parent=17857"}],"wp:term":[{"taxonomy":"product_brand","embeddable":true,"href":"https:\/\/www.galerie-obrist.de\/en\/wp-json\/wp\/v2\/product_brand?post=17857"},{"taxonomy":"product_cat","embeddable":true,"href":"https:\/\/www.galerie-obrist.de\/en\/wp-json\/wp\/v2\/product_cat?post=17857"},{"taxonomy":"product_tag","embeddable":true,"href":"https:\/\/www.galerie-obrist.de\/en\/wp-json\/wp\/v2\/product_tag?post=17857"}],"curies":[{"name":"wp","href":"https:\/\/api.w.org\/{rel}","templated":true}]}}