{"id":17449,"date":"2025-01-11T11:26:31","date_gmt":"2025-01-11T10:26:31","guid":{"rendered":"https:\/\/www.galerie-obrist.de\/?post_type=product&#038;p=17449"},"modified":"2026-05-03T12:57:56","modified_gmt":"2026-05-03T10:57:56","slug":"dieter-nuhr-spanien-playa-den-bossa-01-neu","status":"publish","type":"product","link":"https:\/\/www.galerie-obrist.de\/en\/kunst-sammeln\/dieter-nuhr-spanien-playa-den-bossa-01-neu\/","title":{"rendered":"Dieter Nuhr: Spanien, Playa d&#8217;en Bossa 01"},"content":{"rendered":"<h4>2024<br \/>\nTime Limited Edition von Dieter Nuhr<br \/>\nDigitale Malerei\/ Zeichnung auf Papier<br \/>\nAuflage 30, Galerieexemplar 24\/30, Inv.-Nr. 17449<br \/>\nFormat: 42 x 59 cm<\/h4>\n<p><em>2024<br \/>\nTime Limited Edition by Dieter Nuhr<br \/>\nDigital painting\/drawing on paper<br \/>\nEdition 30, gallery copy 24\/30, inv.-no. 17449<br \/>\nsize: 42 x 59 cm<\/em><\/p>\n<p><b>Dieter Nuhr<\/b><br \/>\nDie meisten kennen Dieter Nuhr als Comedian oder Kabarettisten aus zahlreichen TV-Formaten, seinem satirischen Jahresr\u00fcckblick oder als Gastgeber von \u201eNuhr im Ersten\u201c in der ARD. Nuhrs Tournee geh\u00f6rt seit mehr als 15 Jahren zu den erfolgreichsten im deutschsprachigen Raum.<br \/>\nWas weniger Menschen wissen: Nuhr hat an der ehemaligen Folkwangschule in Essen Bildende Kunst studiert. Er hat nie aufgeh\u00f6rt Bilder zu produzieren, zun\u00e4chst als Maler, dann als Fotograf mit selbst gebauten Kameras, sp\u00e4ter mit professionellem Equipment. In den letzten Jahren hatte er zahlreiche Ausstellungen in Galerien und Museen. <\/p>\n<h4><a href=\"\/artists\/nuhr\/\">Mehr zu Dieter Nuhr&#8230;<\/a><\/h4><\/p>\n","protected":false},"excerpt":{"rendered":"<p>2024<br \/>\nTime Limited Edition, digitale Malerei, Zeichnung, Aufl. 30<br \/>\nFormat: 42 x 59 cm<\/p>\n","protected":false},"featured_media":16662,"template":"","meta":{"ngg_post_thumbnail":0},"product_brand":[],"product_cat":[722,494,715],"product_tag":[657,658,713],"class_list":{"0":"post-17449","1":"product","2":"type-product","3":"status-publish","4":"has-post-thumbnail","6":"product_cat-art-karlsruhe-2025","7":"product_cat-malerei","8":"product_cat-kunstsammeln-beginnen","9":"product_tag-dieter-nuhr","10":"product_tag-digital-painting","11":"product_tag-time-limited-edition","12":"product_shipping_class-versandkostenfrei","14":"first","15":"instock","16":"purchasable","17":"product-type-simple"},"translation":{"provider":"WPGlobus","version":"3.0.2","language":"en","enabled_languages":["de","en"],"languages":{"de":{"title":true,"content":true,"excerpt":true},"en":{"title":false,"content":false,"excerpt":false}}},"_links":{"self":[{"href":"https:\/\/www.galerie-obrist.de\/en\/wp-json\/wp\/v2\/product\/17449","targetHints":{"allow":["GET"]}}],"collection":[{"href":"https:\/\/www.galerie-obrist.de\/en\/wp-json\/wp\/v2\/product"}],"about":[{"href":"https:\/\/www.galerie-obrist.de\/en\/wp-json\/wp\/v2\/types\/product"}],"wp:featuredmedia":[{"embeddable":true,"href":"https:\/\/www.galerie-obrist.de\/en\/wp-json\/wp\/v2\/media\/16662"}],"wp:attachment":[{"href":"https:\/\/www.galerie-obrist.de\/en\/wp-json\/wp\/v2\/media?parent=17449"}],"wp:term":[{"taxonomy":"product_brand","embeddable":true,"href":"https:\/\/www.galerie-obrist.de\/en\/wp-json\/wp\/v2\/product_brand?post=17449"},{"taxonomy":"product_cat","embeddable":true,"href":"https:\/\/www.galerie-obrist.de\/en\/wp-json\/wp\/v2\/product_cat?post=17449"},{"taxonomy":"product_tag","embeddable":true,"href":"https:\/\/www.galerie-obrist.de\/en\/wp-json\/wp\/v2\/product_tag?post=17449"}],"curies":[{"name":"wp","href":"https:\/\/api.w.org\/{rel}","templated":true}]}}