{"id":15934,"date":"2024-09-20T17:18:21","date_gmt":"2024-09-20T15:18:21","guid":{"rendered":"https:\/\/www.galerie-obrist.de\/?post_type=product&#038;p=15934"},"modified":"2026-01-18T23:14:43","modified_gmt":"2026-01-18T22:14:43","slug":"guenther-uecker-abwicklung-von-parallelstrukturen","status":"publish","type":"product","link":"https:\/\/www.galerie-obrist.de\/en\/produkt\/guenther-uecker-abwicklung-von-parallelstrukturen\/","title":{"rendered":"G\u00fcnther Uecker: Abwicklung von Parallelstrukturen"},"content":{"rendered":"<h4>1965<\/p>\n<p>Mappenwerk mit 10 Pr\u00e4gedrucken<br \/>\nHofhaus Presse, D\u00fcsseldorf 1965<br \/>\nInv.-Nr. 15934<br \/>\nFormat: 46,8 x 46,8<br \/>\nAuflage 35 Ex.: 1\/35 &#8211; 35\/35<\/h4>\n<p>In einer kartonierten Mappe befinden sich zehn Pr\u00e4gedrucke des K\u00fcnstlers, die horizontal verlaufende, in verschiedenen Konstellationen angeordnete Strukturen von Nagelabdr\u00fccken zeigen. Das erste der Bl\u00e4tter ist zus\u00e4tzlich mit Text bedruckt. Die Worte &#8220;nagel&#8221;, &#8220;nagelnagel&#8221; oder &#8220;nagelnagelnagel&#8221;, rhytmisch in die Nagelzeilen eingef\u00fcgt, lassen an eine Morse-Botschaft denken. Dar\u00fcber hinaus gibt es keinerlei Textbl\u00e4tter oder -eindruck. Titel, K\u00fcnstler, Jahr und Verlag sind auf dem Umschlag handschriftlich notiert. Alle Bl\u00e4tter sind einzeln nummeriert, signiert und datiert. (Aus: G\u00dcNTHER UECKER. Opus Liber 1960-2005, 2007, S.40)<\/p>\n<p>Harten 1983, Nr. 47<\/p>\n<h5><em>Processing of parallel structures<br \/>\n1965<br \/>\nPortfolio with 10 embossed prints<br \/>\nHofhaus Presse, D\u00fcsseldorf 1965<br \/>\nInv.-No. 15934<br \/>\nSize: 46,8 x 46,8 cm<\/em><\/h5>\n<p>A cardboard portfolio, containing ten embossed prints of the artist, depicting horizontal structures of nail imprints arranged in different constellations. The first sheet additionally features printed text. The words &#8220;nagel&#8221;, &#8220;nagelnagel&#8221; or &#8220;nagelnagelnagel&#8221;, inserted into the rows of nails in a thythmic pattern generate the effect of a message in Morse Code. There are no additional text sheets or impressions. The title, artist, year and publisher are handwritten on the cover. All sheets are individually numbered, signed and dated.(from: G\u00dcNTHER UECKER. Opus Liber 1960-2005, 2007, p.40)<\/p>\n<p>Harten 1983, Nr. 47<\/p>\n<h4><a href=\"\/artists\/uecker\/\">More by G\u00fcnther Uecker&#8230;<\/a><\/h4><\/p>\n","protected":false},"excerpt":{"rendered":"<p>1965<\/p>\n<p>Mappenwerk mit 10 Pr\u00e4gedrucken<br \/>\nHofhaus Presse, D\u00fcsseldorf 1965<br \/>\nInv.-Nr. 15934<br \/>\nFormat: 46,8 x 46,8<br \/>\nAuflage 35 Ex.: 1\/35 &#8211; 35\/35<br \/>\nHarten 1983, Nr. 47<\/p>\n","protected":false},"featured_media":15956,"template":"","meta":{"ngg_post_thumbnail":0},"product_brand":[],"product_cat":[780,697,459],"product_tag":[718,700,698,701,702,699],"class_list":{"0":"post-15934","1":"product","2":"type-product","3":"status-publish","4":"has-post-thumbnail","6":"product_cat-callforprice","7":"product_cat-classics","8":"product_cat-05grafik","9":"product_tag-callforprice","10":"product_tag-duesseldorf","11":"product_tag-guenther-uecker","12":"product_tag-nagel","13":"product_tag-praegedruck","14":"product_tag-uecker","16":"first","17":"instock","18":"taxable","19":"shipping-taxable","20":"product-type-simple"},"translation":{"provider":"WPGlobus","version":"3.0.2","language":"en","enabled_languages":["de","en"],"languages":{"de":{"title":true,"content":true,"excerpt":true},"en":{"title":false,"content":false,"excerpt":false}}},"_links":{"self":[{"href":"https:\/\/www.galerie-obrist.de\/en\/wp-json\/wp\/v2\/product\/15934","targetHints":{"allow":["GET"]}}],"collection":[{"href":"https:\/\/www.galerie-obrist.de\/en\/wp-json\/wp\/v2\/product"}],"about":[{"href":"https:\/\/www.galerie-obrist.de\/en\/wp-json\/wp\/v2\/types\/product"}],"wp:featuredmedia":[{"embeddable":true,"href":"https:\/\/www.galerie-obrist.de\/en\/wp-json\/wp\/v2\/media\/15956"}],"wp:attachment":[{"href":"https:\/\/www.galerie-obrist.de\/en\/wp-json\/wp\/v2\/media?parent=15934"}],"wp:term":[{"taxonomy":"product_brand","embeddable":true,"href":"https:\/\/www.galerie-obrist.de\/en\/wp-json\/wp\/v2\/product_brand?post=15934"},{"taxonomy":"product_cat","embeddable":true,"href":"https:\/\/www.galerie-obrist.de\/en\/wp-json\/wp\/v2\/product_cat?post=15934"},{"taxonomy":"product_tag","embeddable":true,"href":"https:\/\/www.galerie-obrist.de\/en\/wp-json\/wp\/v2\/product_tag?post=15934"}],"curies":[{"name":"wp","href":"https:\/\/api.w.org\/{rel}","templated":true}]}}