{"id":12425,"date":"2022-09-24T15:47:11","date_gmt":"2022-09-24T13:47:11","guid":{"rendered":"https:\/\/www.galerie-obrist.de\/wordpress\/?post_type=product&#038;p=12425"},"modified":"2026-03-04T20:23:40","modified_gmt":"2026-03-04T19:23:40","slug":"till-augustin-biplan","status":"publish","type":"product","link":"https:\/\/www.galerie-obrist.de\/en\/produkt\/till-augustin-biplan\/","title":{"rendered":"Till Augustin: BiPlan"},"content":{"rendered":"<h4>2026<br \/>\nVerbundglasbl\u00f6cke, ges\u00e4gt, gemei\u00dfelt, gebrochen und metallisiert<br \/>\nInv.-Nr. 12425<br \/>Format: 41,5 x 12,0 x 14,5 cm<\/h4>\n<p><em>2026<br \/>\nLaminated glass blocks, sawn, chiseled, broken and metallized<br \/>\nInv.-No. 12425<br \/>Size: 41,5 x 12,0 x 14,5 cm<\/em><\/p>\n<h4><a href=\"\/artists\/augustin\/\">More by Till Augustin&#8230;<\/a><\/h4>\n","protected":false},"excerpt":{"rendered":"<p>2026<br \/>\nVerbundglasbl\u00f6cke, ges\u00e4gt, gemei\u00dfelt, gebrochen und metallisiert, Inv.-Nr. 12425<br \/>41,5 x 12,0 x 14,5 cm<\/p>\n","protected":false},"featured_media":19965,"template":"","meta":{"ngg_post_thumbnail":0},"product_brand":[],"product_cat":[498],"product_tag":[718,576],"class_list":{"0":"post-12425","1":"product","2":"type-product","3":"status-publish","4":"has-post-thumbnail","6":"product_cat-plastik","7":"product_tag-callforprice","8":"product_tag-till-augustin","10":"first","11":"instock","12":"taxable","13":"shipping-taxable","14":"purchasable","15":"product-type-simple"},"translation":{"provider":"WPGlobus","version":"3.0.1","language":"en","enabled_languages":["de","en"],"languages":{"de":{"title":true,"content":true,"excerpt":true},"en":{"title":false,"content":false,"excerpt":false}}},"_links":{"self":[{"href":"https:\/\/www.galerie-obrist.de\/en\/wp-json\/wp\/v2\/product\/12425","targetHints":{"allow":["GET"]}}],"collection":[{"href":"https:\/\/www.galerie-obrist.de\/en\/wp-json\/wp\/v2\/product"}],"about":[{"href":"https:\/\/www.galerie-obrist.de\/en\/wp-json\/wp\/v2\/types\/product"}],"wp:featuredmedia":[{"embeddable":true,"href":"https:\/\/www.galerie-obrist.de\/en\/wp-json\/wp\/v2\/media\/19965"}],"wp:attachment":[{"href":"https:\/\/www.galerie-obrist.de\/en\/wp-json\/wp\/v2\/media?parent=12425"}],"wp:term":[{"taxonomy":"product_brand","embeddable":true,"href":"https:\/\/www.galerie-obrist.de\/en\/wp-json\/wp\/v2\/product_brand?post=12425"},{"taxonomy":"product_cat","embeddable":true,"href":"https:\/\/www.galerie-obrist.de\/en\/wp-json\/wp\/v2\/product_cat?post=12425"},{"taxonomy":"product_tag","embeddable":true,"href":"https:\/\/www.galerie-obrist.de\/en\/wp-json\/wp\/v2\/product_tag?post=12425"}],"curies":[{"name":"wp","href":"https:\/\/api.w.org\/{rel}","templated":true}]}}