{"id":12312,"date":"2022-07-22T16:07:32","date_gmt":"2022-07-22T14:07:32","guid":{"rendered":"https:\/\/www.galerie-obrist.de\/wordpress\/?post_type=product&#038;p=12312"},"modified":"2025-01-08T13:58:02","modified_gmt":"2025-01-08T12:58:02","slug":"marcela-boehm-cafetin-2021","status":"publish","type":"product","link":"https:\/\/www.galerie-obrist.de\/en\/produkt\/marcela-boehm-cafetin-2021\/","title":{"rendered":"Marcela B\u00f6hm: Cafet\u00edn, 2021"},"content":{"rendered":"<p>\u00d6l\/ Leinwand, <br \/>\nFormat: 50 x 60cm<\/p>\n","protected":false},"excerpt":{"rendered":"<p>\u00d6l\/ Leinwand,<br \/>\n50 x 60cm<\/p>\n","protected":false},"featured_media":12313,"template":"","meta":{"ngg_post_thumbnail":0},"product_brand":[],"product_cat":[588,494,567],"product_tag":[475],"class_list":{"0":"post-12312","1":"product","2":"type-product","3":"status-publish","4":"has-post-thumbnail","6":"product_cat-artists","7":"product_cat-malerei","8":"product_cat-collectors-lounge-2022","9":"product_tag-boehm","11":"first","12":"instock","13":"taxable","14":"shipping-taxable","15":"purchasable","16":"product-type-simple"},"translation":{"provider":"WPGlobus","version":"3.0.1","language":"en","enabled_languages":["de","en"],"languages":{"de":{"title":true,"content":true,"excerpt":true},"en":{"title":false,"content":false,"excerpt":false}}},"_links":{"self":[{"href":"https:\/\/www.galerie-obrist.de\/en\/wp-json\/wp\/v2\/product\/12312","targetHints":{"allow":["GET"]}}],"collection":[{"href":"https:\/\/www.galerie-obrist.de\/en\/wp-json\/wp\/v2\/product"}],"about":[{"href":"https:\/\/www.galerie-obrist.de\/en\/wp-json\/wp\/v2\/types\/product"}],"wp:featuredmedia":[{"embeddable":true,"href":"https:\/\/www.galerie-obrist.de\/en\/wp-json\/wp\/v2\/media\/12313"}],"wp:attachment":[{"href":"https:\/\/www.galerie-obrist.de\/en\/wp-json\/wp\/v2\/media?parent=12312"}],"wp:term":[{"taxonomy":"product_brand","embeddable":true,"href":"https:\/\/www.galerie-obrist.de\/en\/wp-json\/wp\/v2\/product_brand?post=12312"},{"taxonomy":"product_cat","embeddable":true,"href":"https:\/\/www.galerie-obrist.de\/en\/wp-json\/wp\/v2\/product_cat?post=12312"},{"taxonomy":"product_tag","embeddable":true,"href":"https:\/\/www.galerie-obrist.de\/en\/wp-json\/wp\/v2\/product_tag?post=12312"}],"curies":[{"name":"wp","href":"https:\/\/api.w.org\/{rel}","templated":true}]}}