{"id":10795,"date":"2020-10-29T14:17:45","date_gmt":"2020-10-29T13:17:45","guid":{"rendered":"https:\/\/www.galerie-obrist.de\/wordpress\/?post_type=product&#038;p=10795"},"modified":"2024-12-27T17:13:14","modified_gmt":"2024-12-27T16:13:14","slug":"marcela-boehm-magische-realitaet","status":"publish","type":"product","link":"https:\/\/www.galerie-obrist.de\/en\/produkt\/marcela-boehm-magische-realitaet\/","title":{"rendered":"Marcela B\u00f6hm &#8211; Magische Realit\u00e4t."},"content":{"rendered":"<p>Marcela B\u00f6hm &#8211; Magische Realit\u00e4t.<br \/>\nAusstellungskatalog Galerie Obrist 2020,<br \/>\nBrosch. Umschlag, Klebebindung, 44 Seiten, Format 210 x 210 mm<\/p>\n","protected":false},"excerpt":{"rendered":"<p>Marcela B\u00f6hm &#8211; Magische Realit\u00e4t. Katalog.<\/p>\n","protected":false},"featured_media":10796,"template":"","meta":{"ngg_post_thumbnail":0},"product_brand":[],"product_cat":[466,458],"product_tag":[480],"class_list":{"0":"post-10795","1":"product","2":"type-product","3":"status-publish","4":"has-post-thumbnail","6":"product_cat-print","7":"product_cat-08kataloge","8":"product_tag-ausstellungskatalog","10":"first","11":"instock","12":"taxable","13":"shipping-taxable","14":"purchasable","15":"product-type-simple"},"translation":{"provider":"WPGlobus","version":"3.0.1","language":"en","enabled_languages":["de","en"],"languages":{"de":{"title":true,"content":true,"excerpt":true},"en":{"title":false,"content":false,"excerpt":false}}},"_links":{"self":[{"href":"https:\/\/www.galerie-obrist.de\/en\/wp-json\/wp\/v2\/product\/10795","targetHints":{"allow":["GET"]}}],"collection":[{"href":"https:\/\/www.galerie-obrist.de\/en\/wp-json\/wp\/v2\/product"}],"about":[{"href":"https:\/\/www.galerie-obrist.de\/en\/wp-json\/wp\/v2\/types\/product"}],"wp:featuredmedia":[{"embeddable":true,"href":"https:\/\/www.galerie-obrist.de\/en\/wp-json\/wp\/v2\/media\/10796"}],"wp:attachment":[{"href":"https:\/\/www.galerie-obrist.de\/en\/wp-json\/wp\/v2\/media?parent=10795"}],"wp:term":[{"taxonomy":"product_brand","embeddable":true,"href":"https:\/\/www.galerie-obrist.de\/en\/wp-json\/wp\/v2\/product_brand?post=10795"},{"taxonomy":"product_cat","embeddable":true,"href":"https:\/\/www.galerie-obrist.de\/en\/wp-json\/wp\/v2\/product_cat?post=10795"},{"taxonomy":"product_tag","embeddable":true,"href":"https:\/\/www.galerie-obrist.de\/en\/wp-json\/wp\/v2\/product_tag?post=10795"}],"curies":[{"name":"wp","href":"https:\/\/api.w.org\/{rel}","templated":true}]}}