{"id":10068,"date":"2025-11-08T10:00:50","date_gmt":"2025-11-08T09:00:50","guid":{"rendered":"https:\/\/www.galerie-obrist.de\/wordpress\/?post_type=product&#038;p=10068"},"modified":"2026-01-02T14:49:02","modified_gmt":"2026-01-02T13:49:02","slug":"wundertuete-julia-willms","status":"publish","type":"product","link":"https:\/\/www.galerie-obrist.de\/en\/kunst-sammeln\/wundertuete-julia-willms\/","title":{"rendered":"Wundert\u00fcte 2025 &#8211; Julia Willms"},"content":{"rendered":"<p>Originales Kunstwerk in \u201eWundert\u00fcte\u201c, Auflage 20<br \/>\nFormat 35,3 x 25 x 4 cm<\/p>\n<p><a href=\"\/artists\/willms\" target=\"_blank\" rel=\"noopener noreferrer\">Mehr Informationen zu Julia Willms&#8230;<\/a><br \/>\n<br \/><div class=\"woocommerce columns-4 \"><div class=\"woocommerce-notices-wrapper\"><\/div><p class=\"woocommerce-result-count\" role=\"alert\" aria-relevant=\"all\" >\n\tShowing all 4 results<\/p>\n<form class=\"woocommerce-ordering\" method=\"get\">\n\t\t<select\n\t\tname=\"orderby\"\n\t\tclass=\"orderby\"\n\t\t\t\t\taria-label=\"Shop order\"\n\t\t\t>\n\t\t\t\t\t<option value=\"menu_order\"  selected='selected'>Default sorting<\/option>\n\t\t\t\t\t<option value=\"popularity\" >Sort by popularity<\/option>\n\t\t\t\t\t<option value=\"date\" >Sort by latest<\/option>\n\t\t\t\t\t<option value=\"price\" >Sort by price: low to high<\/option>\n\t\t\t\t\t<option value=\"price-desc\" >Sort by price: high to low<\/option>\n\t\t\t<\/select>\n\t<input type=\"hidden\" name=\"paged\" value=\"1\" \/>\n\t<\/form>\n<ul class=\"products columns-4\">\n<li class=\"product type-product post-19478 status-publish first instock product_cat-wt2025-outside-the-square product_cat-fotografie product_tag-julia-willms has-post-thumbnail taxable shipping-taxable purchasable product-type-simple\">\n\t<a href=\"https:\/\/www.galerie-obrist.de\/en\/kunst-sammeln\/julia-willms-solid-state-orange\/\" class=\"woocommerce-LoopProduct-link woocommerce-loop-product__link\"><img decoding=\"async\" width=\"300\" height=\"300\" data-src=\"https:\/\/www.galerie-obrist.de\/wordpress\/wp-content\/uploads\/2025\/11\/IMG_5307-scaled-300x300.jpg\" class=\"attachment-woocommerce_thumbnail size-woocommerce_thumbnail lazyload\" alt=\"Julia Willms: Solid State (orange)\" data-srcset=\"https:\/\/www.galerie-obrist.de\/wordpress\/wp-content\/uploads\/2025\/11\/IMG_5307-scaled-300x300.jpg 300w, https:\/\/www.galerie-obrist.de\/wordpress\/wp-content\/uploads\/2025\/11\/IMG_5307-150x150.jpg 150w\" data-sizes=\"100vw\" src=\"data:image\/svg+xml;base64,PHN2ZyB3aWR0aD0iMSIgaGVpZ2h0PSIxIiB4bWxucz0iaHR0cDovL3d3dy53My5vcmcvMjAwMC9zdmciPjwvc3ZnPg==\" style=\"--smush-placeholder-width: 300px; --smush-placeholder-aspect-ratio: 300\/300;\" \/><h2 class=\"woocommerce-loop-product__title\">Julia Willms: Solid State (orange)<\/h2>\n\t<span class=\"price\"><span class=\"woocommerce-Price-amount amount\"><bdi>3.200,00&nbsp;<span class=\"woocommerce-Price-currencySymbol\">&euro;<\/span><\/bdi><\/span><\/span>\n<\/a><a href=\"https:\/\/www.galerie-obrist.de\/en\/kunst-sammeln\/julia-willms-solid-state-orange\/\" class=\"button product_type_simple\">Details<\/a>\t<span id=\"woocommerce_loop_add_to_cart_link_describedby_19478\" class=\"screen-reader-text\">\n\t\t\t<\/span>\n<\/li>\n<li class=\"product type-product post-16876 status-publish instock product_cat-malerei product_cat-wt2024-my-cup-of-tea product_tag-julia-willms has-post-thumbnail taxable shipping-taxable purchasable product-type-simple\">\n\t<a href=\"https:\/\/www.galerie-obrist.de\/en\/kunst-sammeln\/julia-willms-wundertuete-2020-23\/\" class=\"woocommerce-LoopProduct-link woocommerce-loop-product__link\"><img decoding=\"async\" width=\"300\" height=\"300\" data-src=\"https:\/\/www.galerie-obrist.de\/wordpress\/wp-content\/uploads\/2024\/11\/IMG_2420-scaled-300x300.jpg\" class=\"attachment-woocommerce_thumbnail size-woocommerce_thumbnail lazyload\" alt=\"Julia Willms: Wundert\u00fcte 2020-23\" data-srcset=\"https:\/\/www.galerie-obrist.de\/wordpress\/wp-content\/uploads\/2024\/11\/IMG_2420-scaled-300x300.jpg 300w, https:\/\/www.galerie-obrist.de\/wordpress\/wp-content\/uploads\/2024\/11\/IMG_2420-150x150.jpg 150w, https:\/\/www.galerie-obrist.de\/wordpress\/wp-content\/uploads\/2024\/11\/IMG_2420-scaled-100x100.jpg 100w\" data-sizes=\"100vw\" src=\"data:image\/svg+xml;base64,PHN2ZyB3aWR0aD0iMSIgaGVpZ2h0PSIxIiB4bWxucz0iaHR0cDovL3d3dy53My5vcmcvMjAwMC9zdmciPjwvc3ZnPg==\" style=\"--smush-placeholder-width: 300px; --smush-placeholder-aspect-ratio: 300\/300;\" \/><h2 class=\"woocommerce-loop-product__title\">Julia Willms: Wundert\u00fcte 2020-23<\/h2>\n\t<span class=\"price\"><span class=\"woocommerce-Price-amount amount\"><bdi>600,00&nbsp;<span class=\"woocommerce-Price-currencySymbol\">&euro;<\/span><\/bdi><\/span><\/span>\n<\/a><a href=\"https:\/\/www.galerie-obrist.de\/en\/kunst-sammeln\/julia-willms-wundertuete-2020-23\/\" class=\"button product_type_simple\">Details<\/a>\t<span id=\"woocommerce_loop_add_to_cart_link_describedby_16876\" class=\"screen-reader-text\">\n\t\t\t<\/span>\n<\/li>\n<li class=\"product type-product post-14018 status-publish instock product_cat-irritation-wt23 product_cat-fotografie product_tag-julia-willms has-post-thumbnail taxable shipping-taxable purchasable product-type-simple\">\n\t<a href=\"https:\/\/www.galerie-obrist.de\/en\/kunst-sammeln\/julia-willms-urban-household-6\/\" class=\"woocommerce-LoopProduct-link woocommerce-loop-product__link\"><img decoding=\"async\" width=\"283\" height=\"300\" data-src=\"https:\/\/www.galerie-obrist.de\/wordpress\/wp-content\/uploads\/2023\/11\/2916-283x300.jpg\" class=\"attachment-woocommerce_thumbnail size-woocommerce_thumbnail lazyload\" alt=\"Julia Willms: Urban Household 6\" data-sizes=\"100vw\" src=\"data:image\/svg+xml;base64,PHN2ZyB3aWR0aD0iMSIgaGVpZ2h0PSIxIiB4bWxucz0iaHR0cDovL3d3dy53My5vcmcvMjAwMC9zdmciPjwvc3ZnPg==\" style=\"--smush-placeholder-width: 283px; --smush-placeholder-aspect-ratio: 283\/300;\" \/><h2 class=\"woocommerce-loop-product__title\">Julia Willms: Urban Household 6<\/h2>\n\t<span class=\"price\"><span class=\"woocommerce-Price-amount amount\"><bdi>2.100,00&nbsp;<span class=\"woocommerce-Price-currencySymbol\">&euro;<\/span><\/bdi><\/span><\/span>\n<\/a><a href=\"https:\/\/www.galerie-obrist.de\/en\/kunst-sammeln\/julia-willms-urban-household-6\/\" class=\"button product_type_simple\">Details<\/a>\t<span id=\"woocommerce_loop_add_to_cart_link_describedby_14018\" class=\"screen-reader-text\">\n\t\t\t<\/span>\n<\/li>\n<li class=\"product type-product post-11549 status-publish last instock product_cat-08kataloge product_cat-print product_tag-andrea-bozic product_tag-anja-herrmann product_tag-annegret-soltau product_tag-annette-pehnt product_tag-ausstellungskatalog product_tag-else-gabriel product_tag-eva-adele product_tag-flatz product_tag-franziska-nast product_tag-hannes--boehringer product_tag-joachim-landkammer product_tag-john-coplans product_tag-julia-willms product_tag-liane-schueller product_tag-boehm product_tag-sabine-kampmann product_tag-haack product_tag-wolfgang-ullrich has-post-thumbnail taxable shipping-taxable purchasable product-type-simple\">\n\t<a href=\"https:\/\/www.galerie-obrist.de\/en\/kunst-sammeln\/naehe-beruehren-spueren-verfuehren\/\" class=\"woocommerce-LoopProduct-link woocommerce-loop-product__link\"><img decoding=\"async\" width=\"300\" height=\"300\" data-src=\"https:\/\/www.galerie-obrist.de\/wordpress\/wp-content\/uploads\/2021\/06\/Bildschirmfoto-2021-06-04-um-10.21.10-300x300.png\" class=\"attachment-woocommerce_thumbnail size-woocommerce_thumbnail lazyload\" alt=\"N\u00c4HE | ber\u00fchren - sp\u00fcren - verf\u00fchren\" data-srcset=\"https:\/\/www.galerie-obrist.de\/wordpress\/wp-content\/uploads\/2021\/06\/Bildschirmfoto-2021-06-04-um-10.21.10-300x300.png 300w, https:\/\/www.galerie-obrist.de\/wordpress\/wp-content\/uploads\/2021\/06\/Bildschirmfoto-2021-06-04-um-10.21.10-150x150.png 150w, https:\/\/www.galerie-obrist.de\/wordpress\/wp-content\/uploads\/2021\/06\/Bildschirmfoto-2021-06-04-um-10.21.10-100x100.png 100w\" data-sizes=\"100vw\" src=\"data:image\/svg+xml;base64,PHN2ZyB3aWR0aD0iMSIgaGVpZ2h0PSIxIiB4bWxucz0iaHR0cDovL3d3dy53My5vcmcvMjAwMC9zdmciPjwvc3ZnPg==\" style=\"--smush-placeholder-width: 300px; --smush-placeholder-aspect-ratio: 300\/300;\" \/><h2 class=\"woocommerce-loop-product__title\">N\u00c4HE | ber\u00fchren &#8211; sp\u00fcren &#8211; verf\u00fchren<\/h2>\n\t<span class=\"price\"><span class=\"woocommerce-Price-amount amount\"><bdi>36,00&nbsp;<span class=\"woocommerce-Price-currencySymbol\">&euro;<\/span><\/bdi><\/span><\/span>\n<\/a><a href=\"https:\/\/www.galerie-obrist.de\/en\/kunst-sammeln\/naehe-beruehren-spueren-verfuehren\/\" class=\"button product_type_simple\">Details<\/a>\t<span id=\"woocommerce_loop_add_to_cart_link_describedby_11549\" class=\"screen-reader-text\">\n\t\t\t<\/span>\n<\/li>\n<\/ul>\n<\/div><\/p>\n","protected":false},"excerpt":{"rendered":"<p>Wundert\u00fcte Julia Willms<\/p>\n","protected":false},"featured_media":13778,"template":"","meta":{"ngg_post_thumbnail":0},"product_brand":[],"product_cat":[436],"product_tag":[471,511],"class_list":{"0":"post-10068","1":"product","2":"type-product","3":"status-publish","4":"has-post-thumbnail","6":"product_cat-wundertuete-kunst-in-tueten","7":"product_tag-kunstwundertuete","8":"product_tag-wundertuete-kunst-in-tueten","9":"product_shipping_class-versandkostenfrei","11":"first","12":"instock","13":"taxable","14":"shipping-taxable","15":"purchasable","16":"product-type-simple"},"translation":{"provider":"WPGlobus","version":"3.0.2","language":"en","enabled_languages":["de","en"],"languages":{"de":{"title":true,"content":true,"excerpt":true},"en":{"title":false,"content":false,"excerpt":false}}},"_links":{"self":[{"href":"https:\/\/www.galerie-obrist.de\/en\/wp-json\/wp\/v2\/product\/10068","targetHints":{"allow":["GET"]}}],"collection":[{"href":"https:\/\/www.galerie-obrist.de\/en\/wp-json\/wp\/v2\/product"}],"about":[{"href":"https:\/\/www.galerie-obrist.de\/en\/wp-json\/wp\/v2\/types\/product"}],"wp:featuredmedia":[{"embeddable":true,"href":"https:\/\/www.galerie-obrist.de\/en\/wp-json\/wp\/v2\/media\/13778"}],"wp:attachment":[{"href":"https:\/\/www.galerie-obrist.de\/en\/wp-json\/wp\/v2\/media?parent=10068"}],"wp:term":[{"taxonomy":"product_brand","embeddable":true,"href":"https:\/\/www.galerie-obrist.de\/en\/wp-json\/wp\/v2\/product_brand?post=10068"},{"taxonomy":"product_cat","embeddable":true,"href":"https:\/\/www.galerie-obrist.de\/en\/wp-json\/wp\/v2\/product_cat?post=10068"},{"taxonomy":"product_tag","embeddable":true,"href":"https:\/\/www.galerie-obrist.de\/en\/wp-json\/wp\/v2\/product_tag?post=10068"}],"curies":[{"name":"wp","href":"https:\/\/api.w.org\/{rel}","templated":true}]}}