{"id":9122,"date":"2019-02-14T14:14:53","date_gmt":"2019-02-14T12:14:53","guid":{"rendered":"https:\/\/www.galerie-obrist.de\/wordpress\/?page_id=9122"},"modified":"2019-03-30T13:08:20","modified_gmt":"2019-03-30T11:08:20","slug":"agb","status":"publish","type":"page","link":"https:\/\/www.galerie-obrist.de\/en\/kontakt\/agb\/","title":{"rendered":"AGB"},"content":{"rendered":"<p>Zur Widerrufsbelehrung f\u00fcr Onlinevertr\u00e4ge klicken Sie bitte <a href=\"\/widerrufsbelehrung\">HIER!<\/a><\/p>\n<p><strong>AGB Allgemeine Gesch\u00e4ftsbedingungen<\/strong><\/p>\n<p><strong>1. Lieferungs- und Zahlungsbedingungen<\/strong><br \/>\nDiese Lieferungs- und Zahlungsbedingungen sind verbindlich f\u00fcr den Gesch\u00e4ftsverkehr, insbesondere Angebote, Ansichtssendungen, Kommissionsrechunugen und Verk\u00e4ufe der Galerie Obrist und werden vom Besteller bzw. Empf\u00e4nger ausdr\u00fccklich anerkannt. Abweichungen bed\u00fcrfen der schriftlichen Zustimmung. Bei Nichtanerkennung der Bedingungen ist jedes Angebot und jede Lieferung der Galerie Obrist abzulehnen, bzw. postwendend zur\u00fcckzusenden, andernfalls gilt ein Widerspruch als nicht erhoben.<\/p>\n<p><strong>2. Bestellungen<\/strong><br \/>\nBestellungen gelten erst mit der Auftragsbest\u00e4tigung als angenommen. Die Auftragsbest\u00e4tigung erfolgt im allgemeinen ohne besondere Erw\u00e4hnung mit der Rechnungsstellung.<\/p>\n<p><strong>3. Preise<\/strong><br \/>\nDie Preise sind ausschlie\u00dflich in Euro angegeben und beinhalten die jeweilige Mehrwertsteuer.<\/p>\n<p><strong>4. Zahlungsbedingungen<\/strong><br \/>\nDer Rechnungsbetrag ist direkt nach Rechnungsstellung ohne Abzug zu bezahlen. Bei Kunden, die bei der Galerie Obrist angemeldet oder bereits bekannt sind, erfolgt die Rechnungsstellung in der Regel mit Lieferung der Ware. Die Galerie Obrist beh\u00e4lt sich aber jederzeit vor, ohne Angabe von Gr\u00fcnden Vorauskasse zu verlangen. Diese Regel gilt insbesondere f\u00fcr Neukunden.<br \/>\nBei Zahlungsverzug sind Verzugszinsen in H\u00f6he von 6 % \u00fcber dem jeweiligen Diskontsatz zu verg\u00fcten und zwar ab F\u00e4lligkeit der Rechnung. Die Geltendmachung weiteren Verzugsschadens wird hierdurch nicht ausgeschlossen. Bei Bank\u00fcberweisungen und Schecks gilt der Tag, an dem die Gutschriftanzeige bei uns eingeht, als Zahlungseingang. Wird eine wesentliche Verschlechterung in den Verm\u00f6gensverh\u00e4ltnissen des Auftraggebers bekannt oder ger\u00e4t er mit der Zahlung in Verzug, so steht der Galerie Obrist  das Recht zu, sofortige Zahlung aller offenen, auch der noch nicht f\u00e4lligen Rechnungen zu verlangen und noch nicht gelieferte Ware zur\u00fcckzuhalten.<\/p>\n<p><strong>5. Eigentumsvorbehalte<\/strong><br \/>\nDie gelieferte Ware bleibt bis zur vollst\u00e4ndigen Bezahlung des vereinbarten Preises oder bis zur Einl\u00f6sung der daf\u00fcr gegebenen Schecks Eigentum der Galerie Obrist gem. \u00a7 455 BGB. Sie darf vor der vollst\u00e4ndigen Bezahlung oder vor der endg\u00fcltigen Gutschrift der daf\u00fcr hingegebenen Schecks ohne Zustimmung der Galerie Obrist weder verpf\u00e4ndet, noch zur Sicherstellung \u00fcbereignet werden.<\/p>\n<p><strong>6. Lieferungen<\/strong><br \/>\nJede Lieferung erfolgt auf Kosten und Gefahr des Empf\u00e4ngers bzw. Bestellers. Die Gefahr geht auf den Empf\u00e4nger bzw. Besteller \u00fcber, wenn die Ware die Gesch\u00e4ftsr\u00e4ume der Galerie Obrist verl\u00e4\u00dft. Die Kosten f\u00fcr Versand, Verpackung und Versicherung werden in der Rechnung ausgewiesen. Ab einem Auftragswert von Euro 200,\u2013 ist der Abschlu\u00df einer Transportversicherung zu Lasten des Empf\u00e4ngers bzw. Bestellers verpflichtend. Sofern der Besteller bzw. Empf\u00e4nger keine besondere Weisung erteilt, \u00fcbernehmen wir keine Verbindlichkeiten f\u00fcr billigsten oder schnellsten Versand. R\u00fccksendungen an die Galerie Obrist erfolgen auf Kosten und Gefahr des Absenders. Unberechtigte R\u00fccksendungen werden nicht angenommen und auf Kosten und Gefahr des R\u00fccksenders an diesen zur\u00fcckgesandt. Die Ware wird erst nach vollst\u00e4ndigem Zahlungseingang ausgeliefert.<\/p>\n<p><strong>7. Lieferzeit<\/strong><br \/>\nF\u00fcr \u00dcberschreitung der Lieferzeit ist die Galerie Obrist nicht verantwortlich, sofern diese durch Umst\u00e4nde, welche die Galerie Obrist nicht zu verantworten hat, verursacht wird.<\/p>\n<p><strong>8. Angebote<\/strong><br \/>\nAlle Angebote der Galerie Obrist am Museum sind freibleibend. Zwischenverkauf und Preis\u00e4nderung behalten wir uns bis zum Festverkauf vor.<\/p>\n<p><strong>9. Gerichtsstand \/ Erf\u00fcllungsort<\/strong><br \/>\nErf\u00fcllungsort und Gerichtsstand f\u00fcr alle entstehenden Anspr\u00fcche und Rechtsstreitigkeiten ist Essen.<\/p>\n<p><strong>10. Salvatorische Klausel<\/strong><br \/>\nSollte eine Bedingung des Vertrages ung\u00fcltig sein, werden die restlichen Bedingungen davon nicht ber\u00fchrt.<\/p>\n","protected":false},"excerpt":{"rendered":"<p>Zur Widerrufsbelehrung f\u00fcr Onlinevertr\u00e4ge klicken Sie bitte HIER! AGB Allgemeine Gesch\u00e4ftsbedingungen 1. Lieferungs- und Zahlungsbedingungen Diese Lieferungs- und Zahlungsbedingungen sind verbindlich f\u00fcr den Gesch\u00e4ftsverkehr, insbesondere Angebote, Ansichtssendungen, Kommissionsrechunugen und Verk\u00e4ufe der Galerie Obrist und werden vom Besteller bzw. Empf\u00e4nger ausdr\u00fccklich anerkannt. Abweichungen bed\u00fcrfen der schriftlichen Zustimmung. Bei Nichtanerkennung der Bedingungen ist jedes Angebot und jede &hellip; <\/p>\n<p class=\"link-more\"><a href=\"https:\/\/www.galerie-obrist.de\/en\/kontakt\/agb\/\" class=\"more-link\">Read more<span class=\"screen-reader-text\"> &#8220;AGB&#8221;<\/span><\/a><\/p>\n","protected":false},"author":2,"featured_media":0,"parent":1129,"menu_order":0,"comment_status":"closed","ping_status":"closed","template":"","meta":{"ngg_post_thumbnail":0,"footnotes":""},"class_list":["post-9122","page","type-page","status-publish","hentry"],"translation":{"provider":"WPGlobus","version":"3.0.1","language":"en","enabled_languages":["de","en"],"languages":{"de":{"title":true,"content":true,"excerpt":false},"en":{"title":true,"content":true,"excerpt":false}}},"_links":{"self":[{"href":"https:\/\/www.galerie-obrist.de\/en\/wp-json\/wp\/v2\/pages\/9122","targetHints":{"allow":["GET"]}}],"collection":[{"href":"https:\/\/www.galerie-obrist.de\/en\/wp-json\/wp\/v2\/pages"}],"about":[{"href":"https:\/\/www.galerie-obrist.de\/en\/wp-json\/wp\/v2\/types\/page"}],"author":[{"embeddable":true,"href":"https:\/\/www.galerie-obrist.de\/en\/wp-json\/wp\/v2\/users\/2"}],"replies":[{"embeddable":true,"href":"https:\/\/www.galerie-obrist.de\/en\/wp-json\/wp\/v2\/comments?post=9122"}],"version-history":[{"count":6,"href":"https:\/\/www.galerie-obrist.de\/en\/wp-json\/wp\/v2\/pages\/9122\/revisions"}],"predecessor-version":[{"id":9741,"href":"https:\/\/www.galerie-obrist.de\/en\/wp-json\/wp\/v2\/pages\/9122\/revisions\/9741"}],"up":[{"embeddable":true,"href":"https:\/\/www.galerie-obrist.de\/en\/wp-json\/wp\/v2\/pages\/1129"}],"wp:attachment":[{"href":"https:\/\/www.galerie-obrist.de\/en\/wp-json\/wp\/v2\/media?parent=9122"}],"curies":[{"name":"wp","href":"https:\/\/api.w.org\/{rel}","templated":true}]}}