{"id":5634,"date":"2017-09-21T17:23:25","date_gmt":"2017-09-21T15:23:25","guid":{"rendered":"https:\/\/www.galerie-obrist.de\/wordpress\/?page_id=5634"},"modified":"2018-11-08T13:47:50","modified_gmt":"2018-11-08T11:47:50","slug":"eilergerhard","status":"publish","type":"page","link":"https:\/\/www.galerie-obrist.de\/en\/artists\/eilergerhard\/","title":{"rendered":"Anke Eilergerhard"},"content":{"rendered":"<p><span lang=\"en-us\"><b>WORKS<\/b><\/span><br \/>\nngg_shortcode_0_placeholder<br \/>\n<span lang=\"en-us\"><b>EXHIBITIONS IN THE GALLERY<\/b><\/span><br \/>\n<!-- ddlsp --><\/p>\n<p><span lang=\"en-us\"><b>CV<\/b><\/span><br \/>\n<span lang=\"en-us\">Anke Eilergerhard born in Wuppertal, Germany, lives in Berlin since 1999.<br \/>\n1994 Diploma in Communication Design at the Bergische Universit\u00e4t Wuppertal. Since 2000 KITCHENPLASTICS as a general term for her groups of work, since 2004 with the material silicon. 2017 &#8220;The Sweet Dream by Anke Eilergerhard&#8221;, sculptures in a worldwidee presentation of FENDI in cooperation with Galerie Tammen&#038;Partner, Berlin.<br \/>\nSince 1991 numerous international exhibitions, works by Anke Eilergerhard are in collections in Abu Dhabi, Chile, Germany, France, Liechtenstein, Great Britain, Hong Kong, Italy, Canada, The Netherlands, Austria, Switzerland, South Africa and the USA.<\/span><\/p>\n<p><span lang=\"en-us\">EXHIBITIONS 2011\u20132017 (selection) K=Catalogue<\/span><br \/>\n2017<br \/>\nPforzheim (DE): St\u00e4dtisches Kunstmuseum Pforzheim, Metall \u2013 es ist nicht alles Gold, was gl\u00e4nzt.<br \/>\nRottweil (DE): Dominikanermuseum, ThyssenKrupp-Testturm, TurmBau I&#038;II Turm-Modelle in der zeitgen\u00f6ssischen Skulptur. (K)<br \/>\nEssen (DE): Galerie Obrist, Eilergerhard. Selfie. (solo)<br \/>\nSantiago de Chile (CL): Espacio Fundaci\u00f3n Telef\u00f3nica, Colecci\u00f3n Al L\u00edmite, Sin L\u00edmites. (K)<br \/>\nBerlin (DE): Galerie Tammen&#038;Partner, Eilergerhard. Skulptur. (K) (solo)<br \/>\nFENDI in Berlin, Dubai, Tokyo, Shanghai, Hongkong, Paris, Milano, New York und Rom, The Sweet Dream by Anke Eilergerhard. (solo)<br \/>\n2016<br \/>\nAugsburg (DE): Staatliches Textil-und Industriemuseum, K\u00fcnstlerinnen r\u00e4umen auf. (K)<br \/>\nBerlin (DE): Galerie Schmalfuss Berlin<br \/>\nMontreal (CA): Galerie LeRoyer, Eilergerhard. Skulptur. (solo)<br \/>\nVillingen-Schwenningen (DE): St\u00e4dtische Galerie Villingen-Schwenningen, K\u00fcnstlerinnen r\u00e4umen auf. (K)<br \/>\nHerne (DE): Flottmannhalle Herne, Ruhr Kunst Museen, Jubil\u00e4umsshow. 30 Jahre Kunst in den Flottmannhallen. (K)<br \/>\nEssen (DE): Galerie Obrist, Positions.<br \/>\nM\u00fchlheim a.R. (DE): Kunstmuseum M\u00fchlheim, K\u00fcnstlerinnen r\u00e4umen auf. (K)<br \/>\nMauren (LI): Galerie Art Felicia, Eilergerhard. Skulptur. (solo)<br \/>\nMykonos (GR): Rarity Gallery, Eilergerhard. Skulptur. (solo)<br \/>\nBerlin, Marburg (DE): Galerie Schmalfuss, Anke Eilergerhard + Bim K\u00f6hler. (Dialog)<br \/>\nAbu Dhabi (AE): New Four Seasons Hotel, Eilergerhard. Lucinda. (permanente Installation)<br \/>\nZwickau (DE): Kunstsammlung Zwickau, Max Pechstein Museum, K\u00fcnstlerinnen r\u00e4umen auf. (K)<br \/>\n2015<br \/>\nMauren (LI): Galerie Art Felicia<br \/>\nBerlin (DE): Galerie Tammen&#038;Partner, Eilergerhard + Brixy. (Dialog)<br \/>\nHanau (DE): Forum Hanau, Eilergerhard. Lollies &#038; Rosenrot. (permanente Installation von 7 Skulpturen)<br \/>\nW\u00fcrzburg (DE): Museum Kulturspeicher W\u00fcrzburg, K\u00fcnstlerinnen r\u00e4umen auf. (K)<br \/>\nVenedig (IT): Luciano Benetton Collection, Fondazione Cini, Isola San Giorgio Maggiore, Germany, mon amour! (K)<br \/>\nSchwetzingen (DE): Kunstverein Schwetzingen, Schloss Schwetzingen, Orangerie, Anke Eilergerhard. Never Dying Flowers. (K) (solo)<br \/>\nDresden (DE): Universit\u00e4tssammlungen. Kunst+Technik, Bildtaktik. Abbilden, Gestalten und Darstellen in Kunst und Wissenschaft. (K)<br \/>\n2014<br \/>\nMemmingen (DE): Mewo Kunsthalle Memmingen, Ovid\u00b4s.<br \/>\nMannheim (DE): Altes Pumpwerk Neckarau, Ten. Brixy+Eilergerhard+Waschkau<br \/>\nBoston (US): Boston Sculptors Gallery, Ovid\u00b4s.<br \/>\nBoston (US): Gallery Kayafas, Micro Boston.<br \/>\nMontreal (CA): Galerie LeRoyer<br \/>\nM\u00fcnchen (DE): Heitsch Gallery, Eilergerhard. Heaven on Earth. (solo)<br \/>\nBerlin (DE): Kunstverein Tiergarten, Ovid\u00b4s.<br \/>\nBerlin (DE): Galerie Wichtendahl, metamorphoses.<br \/>\n2013<br \/>\nWuppertal (DE): Kunst in der Stadtsparkasse Wuppertal, Eilergerhard+G\u00f6tz. (K) (Dialog)<br \/>\nM\u00fcnchen (DE): Heitsch Gallery, modern sculpture.<br \/>\nHerne (DE): Flottmannhallen Herne, Ruhr Kunst Museen, Disco. Eilergerhard Kitchenplastics. (K) (solo)<br \/>\nBremen (DE): Paula Modersohn-Becker Museum, Gnadenlos \u00ac\u2013 K\u00fcnstlerinnen und das Komische. (K)<br \/>\nBerlin (DE): Gehag Forum Berlin, Anke Eilergerhard. Skulptur. (solo, Halle)<br \/>\n2012<br \/>\nHeilbronn (DE): Kunsthalle Vogelmann, St\u00e4dtische Museen Heilbronn, Gnadenlos \u00ac\u2013 K\u00fcnstlerinnen und das Komische. (K)<br \/>\nKarlsruhe (DE): Staatliche Kunsthalle, Extrem s\u00fc\u00df! (K)<br \/>\nKarlsruhe (DE): Badisches Landesmuseum, Zart&#038;Bitter.<br \/>\nBerlin (DE): Frauenmuseum Berlin, Heim_Spiel. (K)<br \/>\nFrankfurt a.M. (DE): DavisKlemm Gallery<br \/>\n2011<br \/>\nDresden (DE): Universit\u00e4tssammlung Kunst+Technik, terra.incognita. (K)<br \/>\nMauren (LI): Galerie Art Felicia, Anke Eilergerhard. Sweet Desire. (solo)<br \/>\nBerlin (DE): Gehag Forum, Anke Eilergerhard. Skulptur. (solo, Halle)<br \/>\nBurgrieden (DE): Museum Villa Rot, Mit Feuer und Flamme. Keramik in der zeitgen\u00f6ssischen Kunst. (K)<br \/>\nBerlin (DE): Haus am Kleistpark, Kunstpreis 2011.<br \/>\nTurin (IT): Nave Gallery, European Sculpture. (K)<\/p>\n<p><span lang=\"en-us\">MONOGRAPHIES<\/span><br \/>\nEILERGERHARD. THE GIFT OF STRANGE SIGHT. DIE GABE DER SELTSAMEN SICHT, Text: Dr. Doroth\u00e9e Bauerle-Willert, engl. \u00dcbersetzung: Michael Wetzel, Berlin 2017 (ISBN 978-3-940021-80-9)<br \/>\nAnke Eilergerhard. Kontroverses Spiel, Text: Katrin Neuwirth. Kritisches Lexikon der Gegenwartskunst, Kunstmedien MME GmbH, 2017 (ISSN 0934-1730)<br \/>\nANKE EILERGERHARD &#8211; NEVER DYING FLOWERS, Text: Dr. Dietmar Schuth, Dr.Melanie Klier, englische \u00dcbersetzung: Michael Wetzel. Kunstverein Schwetzingen, 2015<br \/>\nDISCO. ANKE EILERGERHARD &#8211; KITCHENPLASTICS, Text: Tanja Malycheva, Vivien Sigmund, engl. \u00dcbersetzung: Michael Wetzel, Flottmanhallen Herne, Ruhr Kunst Museen, 2013 (ISBN 978-3-934930-44-4)<br \/>\nANKE EILERGERHARD. KITCHENPLASTICS, Text: Dr. Christoph Kivelitz, englische \u00dcbersetzung: Susanne Buckesfeld, Kunstmuseum Ahlen, 2008 (ISBN 978-3-941100-01-5)<br \/>\nEILERGERHARD. Meine Welt \u2013 Deine Welt, Text: Dr. Rolf Jessewitsch, Andrea Bergmann, Kunstmuseum Baden, St\u00e4dtische Sammlungen Neu-Ulm, Dortmunder Kunstverein, 2003 (ISBN 3-936295-04-2)<\/p>\n<p>\u00a0<br \/>\n<span lang=\"en-us\"><b>RELATED POSTS&#8230;<\/b><\/span><br \/>\n[related_post themes=&#8221;text&#8221;]<\/p>\n","protected":false},"excerpt":{"rendered":"<p>WORKS EXHIBITIONS IN THE GALLERY CV Anke Eilergerhard born in Wuppertal, Germany, lives in Berlin since 1999. 1994 Diploma in Communication Design at the Bergische Universit\u00e4t Wuppertal. Since 2000 KITCHENPLASTICS as a general term for her groups of work, since 2004 with the material silicon. 2017 &#8220;The Sweet Dream by Anke Eilergerhard&#8221;, sculptures in a &hellip; <\/p>\n<p class=\"link-more\"><a href=\"https:\/\/www.galerie-obrist.de\/en\/artists\/eilergerhard\/\" class=\"more-link\">Read more<span class=\"screen-reader-text\"> &#8220;Anke Eilergerhard&#8221;<\/span><\/a><\/p>\n","protected":false},"author":2,"featured_media":5637,"parent":1127,"menu_order":0,"comment_status":"closed","ping_status":"closed","template":"","meta":{"ngg_post_thumbnail":0,"footnotes":""},"class_list":["post-5634","page","type-page","status-publish","has-post-thumbnail","hentry"],"translation":{"provider":"WPGlobus","version":"3.0.1","language":"en","enabled_languages":["de","en"],"languages":{"de":{"title":true,"content":true,"excerpt":false},"en":{"title":true,"content":true,"excerpt":false}}},"_links":{"self":[{"href":"https:\/\/www.galerie-obrist.de\/en\/wp-json\/wp\/v2\/pages\/5634","targetHints":{"allow":["GET"]}}],"collection":[{"href":"https:\/\/www.galerie-obrist.de\/en\/wp-json\/wp\/v2\/pages"}],"about":[{"href":"https:\/\/www.galerie-obrist.de\/en\/wp-json\/wp\/v2\/types\/page"}],"author":[{"embeddable":true,"href":"https:\/\/www.galerie-obrist.de\/en\/wp-json\/wp\/v2\/users\/2"}],"replies":[{"embeddable":true,"href":"https:\/\/www.galerie-obrist.de\/en\/wp-json\/wp\/v2\/comments?post=5634"}],"version-history":[{"count":12,"href":"https:\/\/www.galerie-obrist.de\/en\/wp-json\/wp\/v2\/pages\/5634\/revisions"}],"predecessor-version":[{"id":8219,"href":"https:\/\/www.galerie-obrist.de\/en\/wp-json\/wp\/v2\/pages\/5634\/revisions\/8219"}],"up":[{"embeddable":true,"href":"https:\/\/www.galerie-obrist.de\/en\/wp-json\/wp\/v2\/pages\/1127"}],"wp:featuredmedia":[{"embeddable":true,"href":"https:\/\/www.galerie-obrist.de\/en\/wp-json\/wp\/v2\/media\/5637"}],"wp:attachment":[{"href":"https:\/\/www.galerie-obrist.de\/en\/wp-json\/wp\/v2\/media?parent=5634"}],"curies":[{"name":"wp","href":"https:\/\/api.w.org\/{rel}","templated":true}]}}