{"id":3806,"date":"2014-01-04T17:03:08","date_gmt":"2014-01-04T15:03:08","guid":{"rendered":"https:\/\/www.galerie-obrist.de\/wordpress\/?page_id=3806"},"modified":"2026-05-09T13:34:03","modified_gmt":"2026-05-09T11:34:03","slug":"korsig","status":"publish","type":"page","link":"https:\/\/www.galerie-obrist.de\/en\/artists\/korsig\/","title":{"rendered":"Bodo Korsig"},"content":{"rendered":"<p><\/p>\r\n<p><span lang=\"de\"><b>WERKE<\/b><\/span><br \/>ngg_shortcode_0_placeholder<\/p>\r\n<p><\/p>\r\n<p><\/p>\r\n<p>Bodo Korsig<br \/>1962 in Zwickau geboren<br \/>1986-90 Studium Steinrestaurierung FWG Berlin<\/p>\r\n<p><\/p>\r\n<p><\/p>\r\n<div class=\"wp-block-columns is-layout-flex wp-container-core-columns-is-layout-28f84493 wp-block-columns-is-layout-flex\"><\/p>\r\n<div class=\"wp-block-column is-layout-flow wp-block-column-is-layout-flow\"><\/p>\r\n<div data-wp-context=\"{ &quot;autoclose&quot;: false, &quot;accordionItems&quot;: [] }\" data-wp-interactive=\"core\/accordion\" role=\"group\" class=\"wp-block-accordion is-layout-flow wp-block-accordion-is-layout-flow\"><\/p>\r\n<div data-wp-class--is-open=\"state.isOpen\" data-wp-context=\"{ &quot;id&quot;: &quot;accordion-item-1&quot;, &quot;openByDefault&quot;: false }\" data-wp-init=\"callbacks.initAccordionItems\" data-wp-on-window--hashchange=\"callbacks.hashChange\" class=\"wp-block-accordion-item is-layout-flow wp-block-accordion-item-is-layout-flow\"><\/p>\r\n<h3 class=\"wp-block-accordion-heading\"><button aria-controls=\"accordion-item-1-panel\" data-wp-bind--aria-expanded=\"state.isOpen\" data-wp-on--click=\"actions.toggle\" data-wp-on--keydown=\"actions.handleKeyDown\" id=\"accordion-item-1\" type=\"button\" class=\"wp-block-accordion-heading__toggle\"><span class=\"wp-block-accordion-heading__toggle-title\">CV<\/span><span class=\"wp-block-accordion-heading__toggle-icon\" aria-hidden=\"true\">+<\/span><\/button><\/h3>\r\n<p><\/p>\r\n<p><\/p>\r\n<div aria-labelledby=\"accordion-item-1\" data-wp-bind--inert=\"!state.isOpen\" id=\"accordion-item-1-panel\" role=\"region\" class=\"wp-block-accordion-panel is-layout-flow wp-block-accordion-panel-is-layout-flow\"><\/p>\r\n<p>Bodo Korsig<br \/>1962 born in Zwickau<br \/>1986-90 Studies in Stone Restoration FWG Berlin<\/p>\r\n<p><\/p>\r\n<p><\/p>\r\n<p><\/p>\r\n<p><\/p>\r\n<p>Awards, Scholarships<\/p>\r\n<p>1992 \t\tArt Award Landkreis Trier-Saarburg<br \/>\r\n1995 \t\tRamboux-Award, Trier<br \/>\r\n1995 \t\tScholarship Hertogenbusch, Niederlande<br \/>\r\n \t\tKunststation Kleinsassen<br \/>\r\n1996 \t\tScholarship Kunstfonds, Berlin<br \/>\r\n1997 \t\tArt Award 1997 Woodcut, Ludwigsburg<br \/>\r\n1998 \t\tFranz-Josef-Spiegler-Award<br \/>\r\n1999 \t\tScholarship K\u00fcnstlerhaus Lukas, Ahrenshoop<br \/>\r\n\t\tInternational-Studio-Programme, New York<br \/>\r\n2003 \t\tMax Kade Foundation, Grant \/ USA<br \/>\r\n2004 \t\tScholarship Schloss Wiepersdorf<br \/>\r\n\t\tGrand Prix 4th International Triennial Prague 2004<br \/>\r\n2005 \t\tArt\/Omi, New York<br \/>\r\n2007 \t\tKunst: Raum Sylt Quelle<br \/>\r\n2012 \t\tArtist Residency Inside-Out Art Museum Beijing, China<br \/>\r\n2013\t\tArtport Art Award<br \/>\r\n2014            Construction Institute Otranto, Italy<br \/>\r\n2015\t\tArtist Residency Largo das Artes  Rio de Janeiro, Brazil<br \/>\r\n\t\tJozi Art:Lab Johannesburg, S\u00fcdafrika<br \/>\r\n2017\t\tCCA Andratx, Spain<\/p><\/p>\r\n<p><\/div>\r\n<p><\/div>\r\n<p><\/div>\r\n<p><\/div>\r\n<p><\/p>\r\n<p><\/p>\r\n<div class=\"wp-block-column is-layout-flow wp-block-column-is-layout-flow\"><\/p>\r\n<div data-wp-context=\"{ &quot;autoclose&quot;: false, &quot;accordionItems&quot;: [] }\" data-wp-interactive=\"core\/accordion\" role=\"group\" class=\"wp-block-accordion is-layout-flow wp-block-accordion-is-layout-flow\"><\/p>\r\n<div data-wp-class--is-open=\"state.isOpen\" data-wp-context=\"{ &quot;id&quot;: &quot;accordion-item-2&quot;, &quot;openByDefault&quot;: false }\" data-wp-init=\"callbacks.initAccordionItems\" data-wp-on-window--hashchange=\"callbacks.hashChange\" class=\"wp-block-accordion-item is-layout-flow wp-block-accordion-item-is-layout-flow\"><\/p>\r\n<h3 class=\"wp-block-accordion-heading\"><button aria-controls=\"accordion-item-2-panel\" data-wp-bind--aria-expanded=\"state.isOpen\" data-wp-on--click=\"actions.toggle\" data-wp-on--keydown=\"actions.handleKeyDown\" id=\"accordion-item-2\" type=\"button\" class=\"wp-block-accordion-heading__toggle\"><span class=\"wp-block-accordion-heading__toggle-title\">Exhibitions<\/span><span class=\"wp-block-accordion-heading__toggle-icon\" aria-hidden=\"true\">+<\/span><\/button><\/h3>\r\n<p><\/p>\r\n<p><\/p>\r\n<div aria-labelledby=\"accordion-item-2\" data-wp-bind--inert=\"!state.isOpen\" id=\"accordion-item-2-panel\" role=\"region\" class=\"wp-block-accordion-panel is-layout-flow wp-block-accordion-panel-is-layout-flow\"><\/p>\r\n<p>Solo shows (Selection)<\/p>\r\n<p><\/p>\r\n<p><\/p>\r\n<p>1991 ACC Galerie, Weimar<br \/>1992 Kunstmuseum Heidenheim<br \/>Galerie Schrade \u2013 Schlo\u00df Mochental<br \/>1993 Galerie am Sachsenplatz, Leipzig<br \/>Incognito St\u00e4dtisches Museum, Zwickau (K)<br \/>Incognito ACC Galerie, Weimar (K)<br \/>1994 Incognito Galerie Weise, Chemnitz<br \/>1995 Traumwelten Galerie Michael Schultz, Berlin<br \/>Suchen und Zerst\u00f6ren ACC Galerie, Weimar (K)<br \/>1996 Suchen und Zerst\u00f6ren Galerie Weise, Chemnitz (K)<br \/>Traumwelten Galerie Michael Schultz, Dresden<br \/>1997 Grenzwege St\u00e4dtisches Museum Simeonstift, Trier (K)<br \/>1998 Grenzwege St\u00e4dtisches Kunstmuseum Spendhaus, Reutlingen (K)<br \/>Grenzwege Kunsthalle Erfurt (K)<br \/>Paso a Paso Galerie Metropolitana, Barcelona<br \/>1999 FATE Gallery Garner Tullis, New York (K)<br \/>FATE Gallery Bobbie Greenfield, Los Angeles (K)<br \/>wir waren die neue horde ACC Galerie, Weimar<br \/>2000 FATE Galerie Schuster &#038; Scheuermann, Berlin<br \/>Obsession Galerie Rothamel, Erfurt<br \/>ICHBLUT Galerie Weise, Chemnitz<br \/>2001 Du verwirrst mich Galerie Peter Borchardt, Hamburg<br \/>Headache Muka Gallery, Auckland, NZ<br \/>Headache Gallery Bobbie Greenfield, Los Angeles<br \/>erase your past Galerie Peter Weinberger, Copenhagen<br \/>Wir waren die neue Horde Kunsthalle Trier<br \/>2002 WITNESSES Kunstverein Aschaffenburg<br \/>2003 Present and Past Galerie Peter Borchardt, Hamburg<br \/>Present and Past Williams Center for the Arts, Easton \/ USA<br \/>2004 Present and Past Kunsthalle Schloss Wiepersdorf<br \/>MY SOUL IS DIRTY St\u00e4dtische Galerie Lemgo<br \/>2005 Beauty under Construction Kunstverein Trier<br \/>2006 Beauty under Construction Galerie Peter Borchardt, Hamburg<br \/>hidden mind Gallery Cynthia Broan, New York (K)<br \/>hidden mind St\u00e4dtische Galerie Traunstein<br \/>Where can I buy a new brain? St\u00e4dtische Galerie Bietigheim-<br \/>Bissingen (K)<br \/>Where can I buy a new brain? Kunsthalle Potsdam (K)<br \/>2007 Where can I buy a new brain? Leonardimuseum Dresden (K)<br \/>I CAN&#8217;T STOP Tenri Cultural Institute, New York<br \/>Fotosynthesen Saarlandmuseum, Saarbr\u00fccken (K)<br \/>2008 LEBEN SCHMECKEN Keramikmuseum, Westerland<br \/>EVERYTHING IS POSSIBLE Galerie Kunstmann, Palma<br \/>NO MORE EXCUSES Galerie Peter Borchardt, Hamburg<br \/>2009 CLASH Makii Masaru Fine Arts, Tokyo<br \/>2010 Limits Galerie Contemporanea, Oberbillig<br \/>Metal Greenfield Sacks Gallery, Los Angeles (K)<br \/>2011 LIMITS Stadtgalerie Saarbr\u00fccken (K)<br \/>2012 everything is possible Galerie Schrade Karlsruhe<br \/>2013 stronger than fear is hope Kunstverein Pforzheim<br \/>Ursprung Espace mediArt Luxemburg (K)<br \/>2014 No Worries! Galerie Obrist &#038; EY5 D\u00fcsseldorf<br \/>No Worries! Museum, Westerland<br \/>never say never Haus am Dom Frankfurt (K)<br \/>never say never Kunsthalle Trier (K)<br \/>2015 no regrets Galerie Pethner Lichtenfeld Wien<br \/>no regrets Galerie Bernhard Bischoff &#038; Partner Bern<br \/>\u201eZone of Pain\u201c GASK Kutn\u00e1 Hora<br \/>2016 \u201eexpect the unexpected\u201cGalerie Schmalfuss Berlin<br \/>\u201eI am not done!\u201c Makii Masaru Fine Arts, Tokyo<\/p>\r\n<p><\/p>\r\n<p><\/p>\r\n<p>Collective Shows (Selection)<\/p>\r\n<p><\/p>\r\n<p><\/p>\r\n<p>1990 IV. Biennale Zielona G\u00f3ra, Polen<br \/>1992 Kunsthalle Duisburg<br \/>Landesmuseum Trier<br \/>1993 Kunsthalle Darmstadt<br \/>Zeit im Blick Kunstlandschaft Sachsen Schloss Dresden (K)<br \/>1995 Prix d&#8217;Art Victor-Hugo-Halle, Luxembourg (K)<br \/>Grafik der Gegenwart Rheinisches Landesmuseum Bonn<br \/>Zeitr\u00e4ume-Lebensr\u00e4ume Industriemuseum Chemnitz (K)<br \/>1997 Querschnitt Deutscher Holzschnitt heute St\u00e4dtische Galerie<br \/>Villa Zanders, Bergisch Gladbach (K)<br \/>Di\u00f6zesanmuseum Rottenburg (K)<br \/>Biennale f\u00fcr Gegenwartskunst \u2013 Skulptur Schlossmuseum<br \/>Gotha (K)<br \/>1998 Linolschnitt heute IV St\u00e4dtische Galerie Bietigheim-Bissingen (K)<br \/>Kunstpreis Junger Westen Kunsthalle Recklinghausen (K)<br \/>Labyrinth International Print Triennial 1998, Prag (K)<br \/>1999 Kunstst\u00fcck Heidelberger Kunstverein<br \/>K\u00fcnstlerb\u00fccher St\u00e4dtische Galerie Sonnenberg (K)<br \/>Garner Tullis &#8211; The Art of Collaboration AAP Gallery Pittsburgh (K)<br \/>Kunstst\u00fcck Forum S\u00fcdwest LB, Stuttgart<br \/>L.A. International Biennial Art 1999 Los Angeles (K)<br \/>Kunstst\u00fcck Badischer Kunstverein Karlsruhe<br \/>Encaustic Works Watermark\/Cargo Gallery Kingston, New York (K)<br \/>Der Holzschnitt im 20. Jahrhundert St\u00e4dtisches Kunstmuseum<br \/>Spendhaus, Reutlingen (K)<br \/>2000 Collaborative Papers Maier Museum of Art, Lynchburg, Virginia (K)<br \/>Garner Tullis &#8211; The Art of Collaboration Trussardi Art Center,<br \/>Mailand (K)<br \/>X. Biennale Carpi 2000 Museo della Xilografia, Palazzo<br \/>dei Pio Carpi \/ I (K)<br \/>2001 Garner Tullis &#8211; The Art of Collaboration Tucson Museum of Art,<br \/>Arizona<br \/>Garner Tullis &#8211; The Art of Collaboration Flint Institute of Art,<br \/>Michigan<br \/>L.A. International Biennial Art 2001 Los Angeles (K)<br \/>Abstraktion &#038; Figuration &#8211; Galerie Schlo\u00df Mochental,Schlo\u00df Mochental<br \/>Papierkunst Kunstverein Aschaffenburg (K)<br \/>In Holz geschnitten Kunstmuseum Bochum (K)<br \/>Der neue Holzschnitt Ernst Barlach Haus, Hamburg (K)<br \/>Linolschnitt heute V St\u00e4dtische Galerie Bietigheim-Bissingen (K)<br \/>2002 Confronting Identities in German Art Smart Museum of Art<br \/>Chicago (K)<br \/>Das Kleine Format, Galerie Schrade Karlsruhe<br \/>K\u00f6pfe und Portraits Galerie Schloss Mochental, Schloss Mochental<br \/>Interfaces Musce Pierre-No\u00e2l, Saint-Dic-des-Vosges \/ F (K)<br \/>Interfaces Fukumitsu Art Museum (K)<br \/>Interfaces Kyoto Saika Universit\u00e4t (K)<br \/>2003 Ink from Wood Center for Contemporary Printmaking,<br \/>Norwalk \/ USA<br \/>Prix d&#8217;Art Musce d&#8217;Histoire, Luxembourg (K)<br \/>2004 Master Artist \/ Master Printmaker The Art Gallery<br \/>Maryland \/ USA (K)<br \/>Master Artist \/ Master Printmaker Heights Arts, Cleveland<br \/>Heights, Ohio \/ USA (K)<br \/>4th International Triennial Prague 2004 Manes Gallery, Prag (K)<br \/>2005 dreifach Gewerbemuseum Winterthur (K)<br \/>dreifach Neue S\u00e4chsische Galerie Chemnitz (K)<br \/>of the wall Gallery Bobbie Greenfield, Los Angeles<br \/>2006 Eindr\u00fccke-Ausdr\u00fccke Kunsthalle Trier<br \/>25 Jahre Niederrheinischer Kunstverein, Niederrheinischer<br \/>Kunstverein Wesel (K)<br \/>Formen+Felder St\u00e4dtische Galerie Villingen-Schwenningen (K)<br \/>Experimental Printmaking Allentown Art Museum \/ USA<br \/>2007 INTER-KONTAKT Czech Museum of Fine Arts, Prag (K)<br \/>ART &#038; ENVIRONMENT Art Xenter Xiamen, China (K)<br \/>2008 EXCHANGE D. Berman Gallery, Austin \/ USA<br \/>Chinese Biennial 2008 Ku Art Center, Beijing,China (K)<br \/>CENT Galerie Defrost, Paris<br \/>2009 Gaphica Creativa Jyvaskyla Art Museum, Finland (K)<br \/>BANDE Gallery Peter Borchardt, Hamburg<br \/>ESTRELLAS Gallery Kunstmann, Palma<br \/>xxx Haus der Kunst, St. Josef, Solothurn<br \/>SELECTION Museum Biederman, Donaueschingen (K)<br \/>2010 Von der LINIE in der SKULPTUR Kunsthaus Ahrenshoop<br \/>Ink, Paper and Process The Dishman Art Museum, Beaumont \/ USA<br \/>PIPE 10 The Penang State Museum, Malaysia (K)<br \/>LEBEN elementar FotoTageTrier 2010, St\u00e4dtisches Museum<br \/>Simeonstift, Trier (K)<br \/>2011 Biomorphe Skulptur Arp Museum Bahnhof Rolandseck, Remagen (K)<br \/>Signs of Change UTSA Satellite Space San Antonio(C)<br \/>Mit Feuer und Flamme &#8211; Keramik in der Gegenwartskunst<br \/>Museum Villa Rot, Burgrieden-Rot (K)<br \/>papier = kunst 7-Neuer Kunstverein Aschaffenburg, Aschaffenburg (K)<br \/>2012 Black &#038; White, Galerie Winter GmbH, Wiesbaden<br \/>One of a Kind Dalhousie Art Gallery, Halifax, Canada (K)<br \/>seeing ourselves Center of Photography and the Moving Image,<br \/>New York<br \/>change is possible! Galerie Schmalfuss Berlin<br \/>The Other Side Haus Beda, Bitburg (K)<br \/>art&#038;happiness Galerie Vernon,Tina B. Contemporary Art<br \/>Festival Prague (K)<br \/>Inside-Out 2012 Inside-out Art Museum Beijing(K)<br \/>2013 I SEE YOU Kunsthalle Detroit Museum<br \/>stronger than fear is hope Galerie Schmalfuss Berlin<br \/>Contemporary Fine Art<br \/>4-3-2-1 Gallery Kueper Beijing<br \/>Fifth International Artist Book Exhibition King St. Stephen<br \/>Museum, Hungary (K)<br \/>GALLERY SELECTION Makii Masaru Fine Arts, Tokyo<br \/>C O S M O P O L I T A N I S M Galerie Kornfeld, Bern<br \/>Arrangement &#038; Attitude Galerie Peithner-Lichtenfels, Wien<br \/>pOSADA 13\/100 Museo de Arte Popular, Mexico<br \/>One of a Kind AC-Institute, New York (K)<br \/>Sofia Paper Art Biennial, National Museum of History, Sofia(K)<br \/>Hin und weg Kunstverein Zwickau Freunde Aktueller Kunst<br \/>2014 DREIDIMENSIONAL, Galerie Rother Winter Wiesbaden<br \/>EDGES Galerie Obrist Essen<br \/>Memory &#038; Forgetting &#8211; Cinnabar, San Antonio, TX<br \/>The MIXED UP Galerie Paris, Yokohama<br \/>Mythos Wald Haus Beda, Bitburg(K)<br \/>TRIPLE A Galerie Roger Katwijk, Amsterdam<br \/>Zeichen | Muster | Ornament Galerie Obrist D\u00fcsseldorf<br \/>2015 \u201emost excellent\u201c Chemnitzer K\u00fcnstlerbund<br \/>\u201ezona magnetica de dor\u201c Largo das Artes Rio de Janeiro<br \/>\u201eGlobal Control and Censorship\u201c ZKM Karlsrruhe<br \/>2016 \u201eDie bessere H\u00e4lfte\u201c Museum Simeonstift Trier<br \/>\u201eFAVORITEN\u201c Galerie Obrist Essen<br \/>\u201cROT\u201c, Marmorsaal Henkell &#038; Co. + Galerie Rother Winter, Wiesbaden<br \/>&#8220;Exquisite Porch\u201c Morean Arts Center, St. Petersburg, FL<br \/>\u201eLinoryt\u201c Gallery Klatovy Klenova<br \/>\u201eSuitcase\u201c Gallery 110, Seattle<br \/>\u201eRaid Envy\u201c Lichtundfire New York<br \/>\u201eFollow Up\u201c Galerie Schmalfuss Marburg<br \/>\u201e55 Jahre\u201c GPLcontemporary Wien<br \/>\u201eAccrochage\u201c Galerie Schmalfuss Berlin<br \/>\u201escharfes st\u00fcck \u2013 bitters\u00fc\u00df\u201c Kulturzentrum Adlershof Berlin<br \/>(K) Katalog<\/p>\r\n<p><\/div>\r\n<p><\/div>\r\n<p><\/div>\r\n<p><\/div>\r\n<p><\/p>\r\n<p><\/p>\r\n<div class=\"wp-block-column is-layout-flow wp-block-column-is-layout-flow\"><\/p>\r\n<div data-wp-context=\"{ &quot;autoclose&quot;: false, &quot;accordionItems&quot;: [] }\" data-wp-interactive=\"core\/accordion\" role=\"group\" class=\"wp-block-accordion is-layout-flow wp-block-accordion-is-layout-flow\"><\/p>\r\n<div data-wp-class--is-open=\"state.isOpen\" data-wp-context=\"{ &quot;id&quot;: &quot;accordion-item-3&quot;, &quot;openByDefault&quot;: false }\" data-wp-init=\"callbacks.initAccordionItems\" data-wp-on-window--hashchange=\"callbacks.hashChange\" class=\"wp-block-accordion-item is-layout-flow wp-block-accordion-item-is-layout-flow\"><\/p>\r\n<h3 class=\"wp-block-accordion-heading\"><button aria-controls=\"accordion-item-3-panel\" data-wp-bind--aria-expanded=\"state.isOpen\" data-wp-on--click=\"actions.toggle\" data-wp-on--keydown=\"actions.handleKeyDown\" id=\"accordion-item-3\" type=\"button\" class=\"wp-block-accordion-heading__toggle\"><span class=\"wp-block-accordion-heading__toggle-title\">Collections<\/span><span class=\"wp-block-accordion-heading__toggle-icon\" aria-hidden=\"true\">+<\/span><\/button><\/h3>\r\n<p><\/p>\r\n<p><\/p>\r\n<div aria-labelledby=\"accordion-item-3\" data-wp-bind--inert=\"!state.isOpen\" id=\"accordion-item-3-panel\" role=\"region\" class=\"wp-block-accordion-panel is-layout-flow wp-block-accordion-panel-is-layout-flow\"><\/p>\r\n<p>Public collections:<br \/>-Blanton Museum of Art, Austin<br \/>-National Gallery of Art, Washington,D.C.<br \/>-National Library of Luxembourg<br \/>-Museum of Fine Arts Taiwan<br \/>-Jule Collins Smith Museum of Fine Arts, Auburn<br \/>-Tucson Museum of Art, Arizona<br \/>-Kunstmuseum Heidenheim<br \/>-St\u00e4dtisches Museum Simeonstift Trier<br \/>-St\u00e4dtisches Museum Zwickau<br \/>-Sammlung Deutsche Bank Frankfurt<br \/>-St\u00e4dtische Galerie Villa Zander<br \/>-Bundesministerium f\u00fcr Wirtschaft und Technologie Berlin<br \/>-St\u00e4dtische Galerie Bietigheim Bissingen<br \/>-St\u00e4dtisches Kunstmuseum Spendhaus Reutlingen<br \/>-Sammlung Commerzbank<br \/>-Sammlung Dresdner Bank AG<br \/>-Sammlung Allianz Frankfurt<br \/>-W\u00fcrttembergischen Landesbibliothek Stuttgart<br \/>-IHK D\u00fcsseldorf<br \/>-Inside-Out Art Museum Beijing<br \/>-Museum of Modern Art New York<br \/>-Kunstfond Freistaat Sachsen<br \/>-Brooklyn Museum of Art, New York<br \/>-Kunstsammlung der Sparkasse Ludwigsburg,<br \/>-The New York Public Library, New York<br \/>-Klingspor Museum Offenbach<br \/>-Di\u00f6zesanmuseum Rottenburg \/a.N.<br \/>-Deutsche Telekom Leipzig<br \/>-Francis J. Greenburger Collection, New York,<br \/>-Museum Biedermann, Donaueschingen<br \/>-Kupferstichkabinett Dresden<br \/>-S\u00e4chsischer Landtag Dresden<br \/>-Ministerium f\u00fcr Kultur,Jugend ,Familie und Frauen Mainz<br \/>-Kunstsammlungen Chemnitz<br \/>-Deutsche Bibliothek Leipzig<br \/>-Deutsche Bibliothek Berlin<br \/>-St\u00e4dtisches Museum Kalkar<br \/>-Sammlung Signal Iduna Hamburg<br \/>-Technische Universit\u00e4t Dresden<br \/>-Czech Museum of Fine Arts Prague<br \/>-Yale University, Arts Library \/ Special collections, New Haven<br \/>-Museum der Stadt Aschaffenburg, Aschaffenburg<br \/>-Kunstakademie Wien<br \/>-Skillman Library Easton<br \/>-Smart Museum Chicago<br \/>-Museum Pfalzgalerie Kaiserslautern<br \/>-Deutsches Literaturarchiv Marbach<br \/>-Mus\u00e9e National d&#8217;Histoire et d&#8217;Art, Luxemburg<br \/>-The Museum of New Zealand Te Papa Tongarewa<\/p>\r\n<p><\/div>\r\n<p><\/div>\r\n<p><\/div>\r\n<p><\/div>\r\n<p><\/div>\r\n<p><\/p>\r\n<p><\/p>\r\n<h3 class=\"wp-block-heading\">Articles<\/h3>\r\n<p><\/p>\r\n<p><ul class=\"wp-block-latest-posts__list is-grid columns-5 has-dates wp-block-latest-posts\"><li><a class=\"wp-block-latest-posts__post-title\" href=\"https:\/\/www.galerie-obrist.de\/en\/juergen-paas-black-squares\/\">J\u00fcrgen Paas &#8211; Black Squares<\/a><time datetime=\"2014-07-03T12:43:40+02:00\" class=\"wp-block-latest-posts__post-date\">3. July 2014<\/time><\/li>\n<li><a class=\"wp-block-latest-posts__post-title\" href=\"https:\/\/www.galerie-obrist.de\/en\/ausstellungsansichten-korsig\/\">Exhibition Views Bodo Korsig<\/a><time datetime=\"2014-05-17T10:50:02+02:00\" class=\"wp-block-latest-posts__post-date\">17. May 2014<\/time><\/li>\n<li><a class=\"wp-block-latest-posts__post-title\" href=\"https:\/\/www.galerie-obrist.de\/en\/bodo-korsig-hidden-mind-bodo-korsig-hidden-mind\/\">Bodo Korsig. Hidden Mind.<\/a><time datetime=\"2014-05-10T12:44:25+02:00\" class=\"wp-block-latest-posts__post-date\">10. May 2014<\/time><\/li>\n<li><a class=\"wp-block-latest-posts__post-title\" href=\"https:\/\/www.galerie-obrist.de\/en\/waz-edges\/\">WAZ on exhibition EDGES<\/a><time datetime=\"2014-02-13T15:38:40+01:00\" class=\"wp-block-latest-posts__post-date\">13. February 2014<\/time><\/li>\n<li><a class=\"wp-block-latest-posts__post-title\" href=\"https:\/\/www.galerie-obrist.de\/en\/edges-opening-reception\/\">Opening Reception EDGES<\/a><time datetime=\"2014-01-25T14:45:56+01:00\" class=\"wp-block-latest-posts__post-date\">25. January 2014<\/time><\/li>\n<li><a class=\"wp-block-latest-posts__post-title\" href=\"https:\/\/www.galerie-obrist.de\/en\/edges-korsig-paas-salz\/\">EDGES with Bodo Korsig, J\u00fcrgen Paas und Dirk Salz<\/a><time datetime=\"2014-01-04T16:17:01+01:00\" class=\"wp-block-latest-posts__post-date\">4. January 2014<\/time><\/li>\n<li><a class=\"wp-block-latest-posts__post-title\" href=\"https:\/\/www.galerie-obrist.de\/en\/ausstellung-bis-06-2014\/\">Exhibitions until June 2014<\/a><time datetime=\"2014-01-02T18:36:25+01:00\" class=\"wp-block-latest-posts__post-date\">2. January 2014<\/time><\/li>\n<\/ul><\/p>\r\n<p><\/p>","protected":false},"excerpt":{"rendered":"<p>WERKE Bodo Korsig1962 in Zwickau geboren1986-90 Studium Steinrestaurierung FWG Berlin Artikel<\/p>\n","protected":false},"author":2,"featured_media":5232,"parent":1127,"menu_order":0,"comment_status":"closed","ping_status":"closed","template":"","meta":{"ngg_post_thumbnail":0,"footnotes":""},"class_list":["post-3806","page","type-page","status-publish","has-post-thumbnail","hentry"],"translation":{"provider":"WPGlobus","version":"3.0.2","language":"en","enabled_languages":["de","en"],"languages":{"de":{"title":true,"content":true,"excerpt":false},"en":{"title":true,"content":true,"excerpt":false}}},"_links":{"self":[{"href":"https:\/\/www.galerie-obrist.de\/en\/wp-json\/wp\/v2\/pages\/3806","targetHints":{"allow":["GET"]}}],"collection":[{"href":"https:\/\/www.galerie-obrist.de\/en\/wp-json\/wp\/v2\/pages"}],"about":[{"href":"https:\/\/www.galerie-obrist.de\/en\/wp-json\/wp\/v2\/types\/page"}],"author":[{"embeddable":true,"href":"https:\/\/www.galerie-obrist.de\/en\/wp-json\/wp\/v2\/users\/2"}],"replies":[{"embeddable":true,"href":"https:\/\/www.galerie-obrist.de\/en\/wp-json\/wp\/v2\/comments?post=3806"}],"version-history":[{"count":20,"href":"https:\/\/www.galerie-obrist.de\/en\/wp-json\/wp\/v2\/pages\/3806\/revisions"}],"predecessor-version":[{"id":20783,"href":"https:\/\/www.galerie-obrist.de\/en\/wp-json\/wp\/v2\/pages\/3806\/revisions\/20783"}],"up":[{"embeddable":true,"href":"https:\/\/www.galerie-obrist.de\/en\/wp-json\/wp\/v2\/pages\/1127"}],"wp:featuredmedia":[{"embeddable":true,"href":"https:\/\/www.galerie-obrist.de\/en\/wp-json\/wp\/v2\/media\/5232"}],"wp:attachment":[{"href":"https:\/\/www.galerie-obrist.de\/en\/wp-json\/wp\/v2\/media?parent=3806"}],"curies":[{"name":"wp","href":"https:\/\/api.w.org\/{rel}","templated":true}]}}