{"id":3450,"date":"2010-04-20T18:15:34","date_gmt":"2010-04-20T16:15:34","guid":{"rendered":"https:\/\/www.galerie-obrist.de\/wordpress\/?page_id=3450"},"modified":"2019-03-29T17:11:45","modified_gmt":"2019-03-29T15:11:45","slug":"schloer2010","status":"publish","type":"page","link":"https:\/\/www.galerie-obrist.de\/en\/artists\/schloer\/schloer2010\/","title":{"rendered":"Peter Schl\u00f6r: Deep Black \/ Bright White (2010)"},"content":{"rendered":"<p><a href=\"\/wordpress\/wp-content\/uploads\/2010\/04\/schl10www.jpg\"><img decoding=\"async\" data-src=\"\/wordpress\/wp-content\/uploads\/2010\/04\/schl10www-300x215.jpg\" alt=\"schl10www\" title=\"schl10www\" width=\"300\" height=\"215\" class=\"alignnone size-medium wp-image-547 lazyload\" src=\"data:image\/svg+xml;base64,PHN2ZyB3aWR0aD0iMSIgaGVpZ2h0PSIxIiB4bWxucz0iaHR0cDovL3d3dy53My5vcmcvMjAwMC9zdmciPjwvc3ZnPg==\" style=\"--smush-placeholder-width: 300px; --smush-placeholder-aspect-ratio: 300\/215;\" \/><\/a><br \/>\n29 Mai until 3 July the gallery presents an exhibition titled &#8220;Deep Black \/ Bright White&#8221; with new works of Peter Schl\u00f6r.<\/span><br \/>\n<a href=\"\/tag\/peter-schlor\/lang\/en-us\">More about Peter Schl\u00f6r<\/a><\/span><br \/>\n29 May &#8211; 3 July, 2010 &#8211; Peter Schl\u00f6r: Deep Black \/ Bright White. Photoworks.<\/span><\/p>\n","protected":false},"excerpt":{"rendered":"<p>29 Mai until 3 July the gallery presents an exhibition titled &#8220;Deep Black \/ Bright White&#8221; with new works of Peter Schl\u00f6r. More about Peter Schl\u00f6r 29 May &#8211; 3 July, 2010 &#8211; Peter Schl\u00f6r: Deep Black \/ Bright White. Photoworks.<\/p>\n","protected":false},"author":2,"featured_media":0,"parent":1217,"menu_order":0,"comment_status":"closed","ping_status":"open","template":"","meta":{"ngg_post_thumbnail":0,"footnotes":""},"class_list":["post-3450","page","type-page","status-publish","hentry"],"translation":{"provider":"WPGlobus","version":"3.0.1","language":"en","enabled_languages":["de","en"],"languages":{"de":{"title":true,"content":true,"excerpt":false},"en":{"title":true,"content":true,"excerpt":false}}},"_links":{"self":[{"href":"https:\/\/www.galerie-obrist.de\/en\/wp-json\/wp\/v2\/pages\/3450","targetHints":{"allow":["GET"]}}],"collection":[{"href":"https:\/\/www.galerie-obrist.de\/en\/wp-json\/wp\/v2\/pages"}],"about":[{"href":"https:\/\/www.galerie-obrist.de\/en\/wp-json\/wp\/v2\/types\/page"}],"author":[{"embeddable":true,"href":"https:\/\/www.galerie-obrist.de\/en\/wp-json\/wp\/v2\/users\/2"}],"replies":[{"embeddable":true,"href":"https:\/\/www.galerie-obrist.de\/en\/wp-json\/wp\/v2\/comments?post=3450"}],"version-history":[{"count":6,"href":"https:\/\/www.galerie-obrist.de\/en\/wp-json\/wp\/v2\/pages\/3450\/revisions"}],"predecessor-version":[{"id":9692,"href":"https:\/\/www.galerie-obrist.de\/en\/wp-json\/wp\/v2\/pages\/3450\/revisions\/9692"}],"up":[{"embeddable":true,"href":"https:\/\/www.galerie-obrist.de\/en\/wp-json\/wp\/v2\/pages\/1217"}],"wp:attachment":[{"href":"https:\/\/www.galerie-obrist.de\/en\/wp-json\/wp\/v2\/media?parent=3450"}],"curies":[{"name":"wp","href":"https:\/\/api.w.org\/{rel}","templated":true}]}}