{"id":3361,"date":"2013-07-11T14:56:45","date_gmt":"2013-07-11T12:56:45","guid":{"rendered":"https:\/\/www.galerie-obrist.de\/wordpress\/?page_id=3361"},"modified":"2013-07-11T15:58:13","modified_gmt":"2013-07-11T13:58:13","slug":"kraenzlein-2006","status":"publish","type":"page","link":"https:\/\/www.galerie-obrist.de\/en\/artists\/zzalle-kunstler\/kraenzlein\/kraenzlein-2006\/","title":{"rendered":"Dieter Kr\u00e4nzlein: Skulptur und Grafik (2006)"},"content":{"rendered":"<p><img decoding=\"async\" data-src=\"https:\/\/www.galerie-obrist.de\/wordpress\/img\/kra4016w.jpg\" height=\"250\" src=\"data:image\/svg+xml;base64,PHN2ZyB3aWR0aD0iMSIgaGVpZ2h0PSIxIiB4bWxucz0iaHR0cDovL3d3dy53My5vcmcvMjAwMC9zdmciPjwvc3ZnPg==\" class=\"lazyload\"><br \/>\n<font size=\"-2\">Dieter Kr\u00e4nzlein: Ohne Titel (2006)<\/font><\/p>\n<p>22. September &#8211; 17. Oktober 2006<br \/>\nDIETER KR\u00c4NZLEIN<br \/>\nSKULPTUR &#038; GRAFIK<\/p>\n<p>Vernissage: 22. September 2006, 19 Uhr<\/p>\n<p>Nach unseren Ausstellungen in 2001 und 2005 zeigen wir nun die neuesten Skulpturen von Dieter Kr\u00e4nzlein in Muschelkalkstein und Marmor. Zum ersten Mal in Essen pr\u00e4sentieren wir auch eine Auswahl seiner grafischen Arbeiten, die j\u00fcngst entstanden sind.<\/p>\n<p><a href=\"\/artists\/kraenzlein\">CV Dieter Kr\u00e4nzlein<\/a><\/p>\n","protected":false},"excerpt":{"rendered":"<p>Dieter Kr\u00e4nzlein: Ohne Titel (2006) 22. September &#8211; 17. Oktober 2006 DIETER KR\u00c4NZLEIN SKULPTUR &#038; GRAFIK Vernissage: 22. September 2006, 19 Uhr Nach unseren Ausstellungen in 2001 und 2005 zeigen wir nun die neuesten Skulpturen von Dieter Kr\u00e4nzlein in Muschelkalkstein und Marmor. Zum ersten Mal in Essen pr\u00e4sentieren wir auch eine Auswahl seiner grafischen Arbeiten, &hellip; <\/p>\n<p class=\"link-more\"><a href=\"https:\/\/www.galerie-obrist.de\/en\/artists\/zzalle-kunstler\/kraenzlein\/kraenzlein-2006\/\" class=\"more-link\">Read more<span class=\"screen-reader-text\"> &#8220;Dieter Kr\u00e4nzlein: Skulptur und Grafik (2006)&#8221;<\/span><\/a><\/p>\n","protected":false},"author":2,"featured_media":0,"parent":1049,"menu_order":0,"comment_status":"closed","ping_status":"closed","template":"","meta":{"ngg_post_thumbnail":0,"footnotes":""},"class_list":["post-3361","page","type-page","status-publish","hentry"],"translation":{"provider":"WPGlobus","version":"3.0.1","language":"en","enabled_languages":["de","en"],"languages":{"de":{"title":true,"content":true,"excerpt":false},"en":{"title":false,"content":false,"excerpt":false}}},"_links":{"self":[{"href":"https:\/\/www.galerie-obrist.de\/en\/wp-json\/wp\/v2\/pages\/3361","targetHints":{"allow":["GET"]}}],"collection":[{"href":"https:\/\/www.galerie-obrist.de\/en\/wp-json\/wp\/v2\/pages"}],"about":[{"href":"https:\/\/www.galerie-obrist.de\/en\/wp-json\/wp\/v2\/types\/page"}],"author":[{"embeddable":true,"href":"https:\/\/www.galerie-obrist.de\/en\/wp-json\/wp\/v2\/users\/2"}],"replies":[{"embeddable":true,"href":"https:\/\/www.galerie-obrist.de\/en\/wp-json\/wp\/v2\/comments?post=3361"}],"version-history":[{"count":3,"href":"https:\/\/www.galerie-obrist.de\/en\/wp-json\/wp\/v2\/pages\/3361\/revisions"}],"predecessor-version":[{"id":9759,"href":"https:\/\/www.galerie-obrist.de\/en\/wp-json\/wp\/v2\/pages\/3361\/revisions\/9759"}],"up":[{"embeddable":true,"href":"https:\/\/www.galerie-obrist.de\/en\/wp-json\/wp\/v2\/pages\/1049"}],"wp:attachment":[{"href":"https:\/\/www.galerie-obrist.de\/en\/wp-json\/wp\/v2\/media?parent=3361"}],"curies":[{"name":"wp","href":"https:\/\/api.w.org\/{rel}","templated":true}]}}