{"id":3345,"date":"2013-07-11T14:46:37","date_gmt":"2013-07-11T12:46:37","guid":{"rendered":"https:\/\/www.galerie-obrist.de\/wordpress\/?page_id=3345"},"modified":"2013-07-11T14:47:55","modified_gmt":"2013-07-11T12:47:55","slug":"kraenzlein-2001","status":"publish","type":"page","link":"https:\/\/www.galerie-obrist.de\/en\/artists\/zzalle-kunstler\/kraenzlein\/kraenzlein-2001\/","title":{"rendered":"Dieter Kr\u00e4nzlein &#8211; F.D. Bunsen: art.communication.structure (2001)"},"content":{"rendered":"<p><img decoding=\"async\" data-src=\"https:\/\/www.galerie-obrist.de\/wordpress\/img\/krzgrf.jpg\" height=\"200\" src=\"data:image\/svg+xml;base64,PHN2ZyB3aWR0aD0iMSIgaGVpZ2h0PSIxIiB4bWxucz0iaHR0cDovL3d3dy53My5vcmcvMjAwMC9zdmciPjwvc3ZnPg==\" class=\"lazyload\">   <img decoding=\"async\" data-src=\"https:\/\/www.galerie-obrist.de\/wordpress\/img\/bunsgrf.jpg\" height=\"200\" src=\"data:image\/svg+xml;base64,PHN2ZyB3aWR0aD0iMSIgaGVpZ2h0PSIxIiB4bWxucz0iaHR0cDovL3d3dy53My5vcmcvMjAwMC9zdmciPjwvc3ZnPg==\" class=\"lazyload\"><br \/>\nDieter Kr\u00e4nzlein &#8211; Frederick D. Bunsen<br \/>\nART.COMMUNICATION.STRUCTURE<br \/>\nAusstellung vom 18. Mai bis 17. Juni 2001<\/p>\n<p>Die Ausstellung ist ein Gemeinschaftsprojekt des in Texas geborenen Malers und Systemtheoretikers Frederick D. Bunsen und des Stuttgarter Bildhauers Dieter Kr\u00e4nzlein. In den Verh\u00e4ltnissen vom Betrachter zum Kunstwerk zum Galeristen zum K\u00fcnstler und zur\u00fcck wird die Kunst als ein stets kommunizierendes und offenes System sichtbar. Das Projekt art.communication.structure liefert Ans\u00e4tze zur Visualisierung solcher kommunikativer Strukturen.<br \/>\nVom 6.-30. September ist die Ausstellung in Portland\/ Oregon USA zu sehen und abschliessend vom 4.-10. November in Ludwigsburg.<\/p>\n<p>Zur Ausstellungser\u00f6ffnung fertigen die beiden K\u00fcnstler eine Vorzugsgrafik.<br \/>\nEin Ausstellungskatalog ist erh\u00e4ltlich. (10 EUR).<\/p>\n<p><a href=\"\/artists\/kraenzlein\">CV Dieter Kr\u00e4nzlein<\/a><\/p>\n","protected":false},"excerpt":{"rendered":"<p>Dieter Kr\u00e4nzlein &#8211; Frederick D. Bunsen ART.COMMUNICATION.STRUCTURE Ausstellung vom 18. Mai bis 17. Juni 2001 Die Ausstellung ist ein Gemeinschaftsprojekt des in Texas geborenen Malers und Systemtheoretikers Frederick D. Bunsen und des Stuttgarter Bildhauers Dieter Kr\u00e4nzlein. In den Verh\u00e4ltnissen vom Betrachter zum Kunstwerk zum Galeristen zum K\u00fcnstler und zur\u00fcck wird die Kunst als ein stets &hellip; <\/p>\n<p class=\"link-more\"><a href=\"https:\/\/www.galerie-obrist.de\/en\/artists\/zzalle-kunstler\/kraenzlein\/kraenzlein-2001\/\" class=\"more-link\">Read more<span class=\"screen-reader-text\"> &#8220;Dieter Kr\u00e4nzlein &#8211; F.D. Bunsen: art.communication.structure (2001)&#8221;<\/span><\/a><\/p>\n","protected":false},"author":2,"featured_media":0,"parent":1049,"menu_order":0,"comment_status":"closed","ping_status":"open","template":"","meta":{"ngg_post_thumbnail":0,"footnotes":""},"class_list":["post-3345","page","type-page","status-publish","hentry"],"translation":{"provider":"WPGlobus","version":"3.0.1","language":"en","enabled_languages":["de","en"],"languages":{"de":{"title":true,"content":true,"excerpt":false},"en":{"title":false,"content":false,"excerpt":false}}},"_links":{"self":[{"href":"https:\/\/www.galerie-obrist.de\/en\/wp-json\/wp\/v2\/pages\/3345","targetHints":{"allow":["GET"]}}],"collection":[{"href":"https:\/\/www.galerie-obrist.de\/en\/wp-json\/wp\/v2\/pages"}],"about":[{"href":"https:\/\/www.galerie-obrist.de\/en\/wp-json\/wp\/v2\/types\/page"}],"author":[{"embeddable":true,"href":"https:\/\/www.galerie-obrist.de\/en\/wp-json\/wp\/v2\/users\/2"}],"replies":[{"embeddable":true,"href":"https:\/\/www.galerie-obrist.de\/en\/wp-json\/wp\/v2\/comments?post=3345"}],"version-history":[{"count":9,"href":"https:\/\/www.galerie-obrist.de\/en\/wp-json\/wp\/v2\/pages\/3345\/revisions"}],"predecessor-version":[{"id":9777,"href":"https:\/\/www.galerie-obrist.de\/en\/wp-json\/wp\/v2\/pages\/3345\/revisions\/9777"}],"up":[{"embeddable":true,"href":"https:\/\/www.galerie-obrist.de\/en\/wp-json\/wp\/v2\/pages\/1049"}],"wp:attachment":[{"href":"https:\/\/www.galerie-obrist.de\/en\/wp-json\/wp\/v2\/media?parent=3345"}],"curies":[{"name":"wp","href":"https:\/\/api.w.org\/{rel}","templated":true}]}}