{"id":3107,"date":"2013-05-23T12:41:33","date_gmt":"2013-05-23T10:41:33","guid":{"rendered":"https:\/\/www.galerie-obrist.de\/wordpress\/?page_id=3107"},"modified":"2019-03-29T17:32:20","modified_gmt":"2019-03-29T15:32:20","slug":"willms2013","status":"publish","type":"page","link":"https:\/\/www.galerie-obrist.de\/en\/artists\/willms\/willms2013\/","title":{"rendered":"Julia Willms: A World (2013)"},"content":{"rendered":"<p><a href=\"https:\/\/www.galerie-obrist.de\/wordpress\/wp-content\/uploads\/2013\/05\/aworld-www.jpg\"><img decoding=\"async\" data-src=\"https:\/\/www.galerie-obrist.de\/wordpress\/wp-content\/uploads\/2013\/05\/aworld-www-450x282.jpg\" alt=\"\" title=\"aworld\" width=\"450\" height=\"282\" class=\"alignleft size-medium wp-image-3101 lazyload\" data-srcset=\"https:\/\/www.galerie-obrist.de\/wordpress\/wp-content\/uploads\/2013\/05\/aworld-www-450x282.jpg 450w, https:\/\/www.galerie-obrist.de\/wordpress\/wp-content\/uploads\/2013\/05\/aworld-www.jpg 594w\" data-sizes=\"(max-width: 450px) 100vw, 450px\" src=\"data:image\/svg+xml;base64,PHN2ZyB3aWR0aD0iMSIgaGVpZ2h0PSIxIiB4bWxucz0iaHR0cDovL3d3dy53My5vcmcvMjAwMC9zdmciPjwvc3ZnPg==\" style=\"--smush-placeholder-width: 450px; --smush-placeholder-aspect-ratio: 450\/282;\" \/><\/a><\/p>\n<p><span lang=\"de\">Julia Willms: A World.<br \/>\n<b>21. &#8211; 29. Juni 2013<\/b>, Er\u00f6ffnung: 21. Juni 2013, 18 Uhr<br \/>\nGalerie Obrist@EY5, Mutter Ey-Stra\u00dfe 5, 40213 D\u00fcsseldorf<br \/>\n<b>29. Juni &#8211; 24. August 2013<\/b>, Er\u00f6ffnung: 28. Juni 2013, 19 Uhr<br \/>\nGalerie Obrist, Kahrstra\u00dfe 59, 45128 Essen<\/span><span lang=\"en-us\">Julia Willms: A World.<br \/>\n<b>21 &#8211; 29 June, 2013<\/b>, Opening Reception: 21 June, 2013, 6 p.m.<br \/>\nGalerie Obrist@EY5, Mutter Ey-Stra\u00dfe 5, 40213 D\u00fcsseldorf<br \/>\n<b>29 June &#8211; 24 August, 2013<\/b>, Opneing Reception: 28 June, 2013, 7 p.m.<br \/>\nGalerie Obrist, Kahrstra\u00dfe 59, 45128 Essen<\/span><\/p>\n<p>In a two-part exhibition we show work by Amsterdam based artist Julia Willms:<br \/>\nAt EY5 Dusseldorf we present the audio installation &#8220;A WORLD&#8221;, which has been conceptualized together with Andrea Bozic. &#8211; Again the gallery space is subject to a radical inquiry. On the occasion of the Opening Reception Sabine Maria Schmidt, curator at Kunsthalle Bremen, will be speaking.<br \/>\nIn the center of the Essen exhibition are the video &#8220;Tensiontest&#8221; and the audiovisual space installation &#8220;The Avantgarde Never Gives Up&#8221;. In addition photographs by Julia Willms will be shown.<\/span><br \/>\nThe exhibition is supported by:<\/span><\/p>\n<p><a href=\"http:\/\/www.mondriaanfonds.nl\/?lang=en\" target=\"_blank\"><img decoding=\"async\" data-src=\"https:\/\/www.galerie-obrist.de\/wordpress\/wp-content\/uploads\/2013\/05\/Logo-downloads-NL-web-roze-150x150.jpg\" alt=\"\" title=\"mondriaan fonds\" width=\"150\" height=\"150\" class=\"alignleft size-thumbnail wp-image-3096 lazyload\" data-srcset=\"https:\/\/www.galerie-obrist.de\/wordpress\/wp-content\/uploads\/2013\/05\/Logo-downloads-NL-web-roze-150x150.jpg 150w, https:\/\/www.galerie-obrist.de\/wordpress\/wp-content\/uploads\/2013\/05\/Logo-downloads-NL-web-roze-300x300.jpg 300w, https:\/\/www.galerie-obrist.de\/wordpress\/wp-content\/uploads\/2013\/05\/Logo-downloads-NL-web-roze-100x100.jpg 100w\" data-sizes=\"(max-width: 150px) 100vw, 150px\" src=\"data:image\/svg+xml;base64,PHN2ZyB3aWR0aD0iMSIgaGVpZ2h0PSIxIiB4bWxucz0iaHR0cDovL3d3dy53My5vcmcvMjAwMC9zdmciPjwvc3ZnPg==\" style=\"--smush-placeholder-width: 150px; --smush-placeholder-aspect-ratio: 150\/150;\" \/><\/a><\/p>\n<p><a href=\"\/tag\/julia-willms\/lang\/en-us\">JULIA WILLMS BLOG<\/a><br \/>\n<a href=\"\/artists\/willms\/lang\/en-us\">CV JULIA WILLMS<\/a><\/span><\/p>\n","protected":false},"excerpt":{"rendered":"<p>Julia Willms: A World. 21. &#8211; 29. Juni 2013, Er\u00f6ffnung: 21. Juni 2013, 18 Uhr Galerie Obrist@EY5, Mutter Ey-Stra\u00dfe 5, 40213 D\u00fcsseldorf 29. Juni &#8211; 24. August 2013, Er\u00f6ffnung: 28. Juni 2013, 19 Uhr Galerie Obrist, Kahrstra\u00dfe 59, 45128 EssenJulia Willms: A World. 21 &#8211; 29 June, 2013, Opening Reception: 21 June, 2013, 6 p.m. &hellip; <\/p>\n<p class=\"link-more\"><a href=\"https:\/\/www.galerie-obrist.de\/en\/artists\/willms\/willms2013\/\" class=\"more-link\">Read more<span class=\"screen-reader-text\"> &#8220;Julia Willms: A World (2013)&#8221;<\/span><\/a><\/p>\n","protected":false},"author":2,"featured_media":0,"parent":1189,"menu_order":0,"comment_status":"closed","ping_status":"open","template":"","meta":{"ngg_post_thumbnail":0,"footnotes":""},"class_list":["post-3107","page","type-page","status-publish","hentry"],"translation":{"provider":"WPGlobus","version":"3.0.1","language":"en","enabled_languages":["de","en"],"languages":{"de":{"title":true,"content":true,"excerpt":false},"en":{"title":true,"content":true,"excerpt":false}}},"_links":{"self":[{"href":"https:\/\/www.galerie-obrist.de\/en\/wp-json\/wp\/v2\/pages\/3107","targetHints":{"allow":["GET"]}}],"collection":[{"href":"https:\/\/www.galerie-obrist.de\/en\/wp-json\/wp\/v2\/pages"}],"about":[{"href":"https:\/\/www.galerie-obrist.de\/en\/wp-json\/wp\/v2\/types\/page"}],"author":[{"embeddable":true,"href":"https:\/\/www.galerie-obrist.de\/en\/wp-json\/wp\/v2\/users\/2"}],"replies":[{"embeddable":true,"href":"https:\/\/www.galerie-obrist.de\/en\/wp-json\/wp\/v2\/comments?post=3107"}],"version-history":[{"count":9,"href":"https:\/\/www.galerie-obrist.de\/en\/wp-json\/wp\/v2\/pages\/3107\/revisions"}],"predecessor-version":[{"id":9706,"href":"https:\/\/www.galerie-obrist.de\/en\/wp-json\/wp\/v2\/pages\/3107\/revisions\/9706"}],"up":[{"embeddable":true,"href":"https:\/\/www.galerie-obrist.de\/en\/wp-json\/wp\/v2\/pages\/1189"}],"wp:attachment":[{"href":"https:\/\/www.galerie-obrist.de\/en\/wp-json\/wp\/v2\/media?parent=3107"}],"curies":[{"name":"wp","href":"https:\/\/api.w.org\/{rel}","templated":true}]}}