{"id":2967,"date":"2012-03-16T13:56:19","date_gmt":"2012-03-16T11:56:19","guid":{"rendered":"https:\/\/www.galerie-obrist.de\/wordpress\/?page_id=2967"},"modified":"2019-06-23T17:40:48","modified_gmt":"2019-06-23T15:40:48","slug":"gabriele-kaiser-schanz","status":"publish","type":"page","link":"https:\/\/www.galerie-obrist.de\/en\/artists\/zzalle-kunstler\/gabriele-kaiser-schanz\/","title":{"rendered":"Gabriele Kaiser-Schanz"},"content":{"rendered":"<p>ngg_shortcode_0_placeholder<br \/>\n<!-- ddlsp --><\/p>\n<p>1968\tgeboren in M\u00fcnchen<br \/>\n1987-92\tMagisterstudium der B\u00fchnengestaltung an der Hochschule f\u00fcr Musik und<br \/>\n\tDarstellende Kunst, Graz<br \/>\n1993-95\tB\u00fchnen-, Kost\u00fcm- und Maskenbildnerin, Theater am Ortweinplatz, Graz<br \/>\n1996\tB\u00fchnenbildassistenz, Burgtheater, Wien<br \/>\n\tAssistenz Kost\u00fcmmalerei, Staatsoper, Wien<br \/>\n1996-01\tStudium der Textilen Kunst und Bildnerischen Erziehung an der<br \/>\n\tAkademie der Bildenden K\u00fcnste, Wien<br \/>\n\tMagister-Abschlussarbeit &#8220;Die Maske im rituellen Tanz&#8221; bei Prof. H. Zens<br \/>\n1998-02\tKunstprojekte mit Jungendlichen in Zusammenarbeit mit<br \/>\n\tdem \u00d6sterreichischen Kulturservice, Wien<br \/>\n2000-03\tLehrt\u00e4tigkeit f\u00fcr Bildnerische Erziehung, H\u00f6here Internatsschule f\u00fcr<br \/>\n\tKunst, Tanz und Musik, Wien<br \/>\n2005-08\tGaststudium der Bildhauerei an der Kunstakademie D\u00fcsseldorf bei<br \/>\n\tProf. D. Rabinowitch<br \/>\n2009-12\tLehrt\u00e4tigkeit im Fach Kunst an der Gesamtschule Ratingen<br \/>\n2011\tMoments-Musicaux, Interdisziplin\u00e4res Kunstprojekt, Carolles, Frankre seit 2011\tMitglied der GEDOK M\u00fcnchen<\/p>\n<h3>Ausstellungen (aktuelle Auswahl)<\/h3>\n<p>2012<br \/>\nNacht der Kultur, K\u00fcnstlergespr\u00e4ch und Ausstellung zu K\u00f6rperh\u00fcllen im Wandlungsprozess, Haus Eich, Kunstverein Wesel (EA)<br \/>\nK\u00f6rperh\u00fcllen im Wandlungsprozess (Performance) Gasteig, M\u00fcnchen (EA), Ausst.-Kat.<br \/>\nINSIDE OUT Wundert\u00fcte 2012  , Galerie Obrist am Museum, Essen (GA)<br \/>\nWelcome I, Galerie der GEDOK M\u00fcnchen, M\u00fcnchen (GA)<\/p>\n<p>2011<br \/>\nArt Karlsruhe (vertreten durch Galerie Obrist), Karlsruhe, Ausst.-Kat.<br \/>\nWo ist Sophia? Die Weisheit des Leibes, Frauenmuseum, Bonn (GA) Ausst.-Kat.<br \/>\nDie Farbe Weiss, Sachtleben Chemie Duisburg, Duisburg (GA) Ausst.-Kunstbox:2011\/Skulptur+Objekt, Kunstmesse, Dortmund<br \/>\nDie Farbe Wei\u00df- 2011, Galerie Obrist am Museum, Essen (GA) <\/p>\n<p>2010<br \/>\nKunstraum 4, Er\u00f6ffnungsausstellung, Essen (EA)<br \/>\nDie Farbe Wei\u00df\/ Die Farbe Schwarz-Wundert\u00fcte 2010, Galerie Obrist am Museum, Essen (GA)<\/p>\n<p>2009<br \/>\nLebensschichten, Galerie Altes Rathaus, Inzlingen (EA)<br \/>\nSchichtwechsel, Zeche Zollverein, Essen (GA)<br \/>\nTransgressing transcience, flat 1 Kunstverein, Wien (GA)<\/p>\n<p>2008<br \/>\nKOKON, Papiermuseum Gleisweiler, Gleisweiler (EA) , Ausst.-Kat.<br \/>\nRundgang 2008, Kunstakademie D\u00fcsseldorf, D\u00fcsseldorf (GA)<br \/>\nJunge K\u00fcnstler der Kunstakademie D\u00fcsseldorf, St\u00e4dt. Galerie Kaarst, Kaarst    (GA)<br \/>\nFremdk\u00f6rper, Orangerie Schloss Benrath, D\u00fcsseldorf (GA)<br \/>\nUnverbl\u00fcmt, St\u00e4dtisches Museum Wesel, GEDOK NRR, Galerie im Centrum, Wesel (GA), Ausst.-Kat.<br \/>\nKunstraum-Wollboden (ein Symposium der GEDOK Niederrhein-Ruhr),<br \/>\nWollboden der Scheidt\u2018 schen Kammgarnspinnerei, Essen (GA) <\/p>\n<p>2007<br \/>\nKOKON, Europ\u00e4ischer Kunsthof Vicht, Stolberg-Vicht (EA)<br \/>\nRundgang 2007, Kunstakademie D\u00fcsseldorf, D\u00fcsseldorf (GA)<br \/>\nJunge Kunst in D\u00fcsseldorf, Ernst &#038; Young Benefizauktion, K20<br \/>\nKunstsammlung Nordrhein-Westfalen, D\u00fcsseldorf (GA)<\/p>\n","protected":false},"excerpt":{"rendered":"<p>1968 geboren in M\u00fcnchen 1987-92 Magisterstudium der B\u00fchnengestaltung an der Hochschule f\u00fcr Musik und Darstellende Kunst, Graz 1993-95 B\u00fchnen-, Kost\u00fcm- und Maskenbildnerin, Theater am Ortweinplatz, Graz 1996 B\u00fchnenbildassistenz, Burgtheater, Wien Assistenz Kost\u00fcmmalerei, Staatsoper, Wien 1996-01 Studium der Textilen Kunst und Bildnerischen Erziehung an der Akademie der Bildenden K\u00fcnste, Wien Magister-Abschlussarbeit &#8220;Die Maske im rituellen Tanz&#8221; &hellip; <\/p>\n<p class=\"link-more\"><a href=\"https:\/\/www.galerie-obrist.de\/en\/artists\/zzalle-kunstler\/gabriele-kaiser-schanz\/\" class=\"more-link\">Read more<span class=\"screen-reader-text\"> &#8220;Gabriele Kaiser-Schanz&#8221;<\/span><\/a><\/p>\n","protected":false},"author":2,"featured_media":0,"parent":1511,"menu_order":0,"comment_status":"closed","ping_status":"open","template":"","meta":{"ngg_post_thumbnail":0,"footnotes":""},"class_list":["post-2967","page","type-page","status-publish","hentry"],"translation":{"provider":"WPGlobus","version":"3.0.1","language":"en","enabled_languages":["de","en"],"languages":{"de":{"title":true,"content":true,"excerpt":false},"en":{"title":false,"content":false,"excerpt":false}}},"_links":{"self":[{"href":"https:\/\/www.galerie-obrist.de\/en\/wp-json\/wp\/v2\/pages\/2967","targetHints":{"allow":["GET"]}}],"collection":[{"href":"https:\/\/www.galerie-obrist.de\/en\/wp-json\/wp\/v2\/pages"}],"about":[{"href":"https:\/\/www.galerie-obrist.de\/en\/wp-json\/wp\/v2\/types\/page"}],"author":[{"embeddable":true,"href":"https:\/\/www.galerie-obrist.de\/en\/wp-json\/wp\/v2\/users\/2"}],"replies":[{"embeddable":true,"href":"https:\/\/www.galerie-obrist.de\/en\/wp-json\/wp\/v2\/comments?post=2967"}],"version-history":[{"count":7,"href":"https:\/\/www.galerie-obrist.de\/en\/wp-json\/wp\/v2\/pages\/2967\/revisions"}],"predecessor-version":[{"id":9934,"href":"https:\/\/www.galerie-obrist.de\/en\/wp-json\/wp\/v2\/pages\/2967\/revisions\/9934"}],"up":[{"embeddable":true,"href":"https:\/\/www.galerie-obrist.de\/en\/wp-json\/wp\/v2\/pages\/1511"}],"wp:attachment":[{"href":"https:\/\/www.galerie-obrist.de\/en\/wp-json\/wp\/v2\/media?parent=2967"}],"curies":[{"name":"wp","href":"https:\/\/api.w.org\/{rel}","templated":true}]}}