{"id":2231,"date":"2004-06-09T12:36:12","date_gmt":"2004-06-09T10:36:12","guid":{"rendered":"https:\/\/www.galerie-obrist.de\/wordpress\/?page_id=2231"},"modified":"2012-10-06T16:02:48","modified_gmt":"2012-10-06T14:02:48","slug":"horsch2004","status":"publish","type":"page","link":"https:\/\/www.galerie-obrist.de\/en\/artists\/zzalle-kunstler\/horsch\/horsch2004\/","title":{"rendered":"Robin Horsch: Horschfiguren (2004)"},"content":{"rendered":"<p><img decoding=\"async\" data-src=\"https:\/\/www.galerie-obrist.de\/wordpress\/img\/hor2ttl.jpg\" alt=\"Robin Horsch\" width=\"200\" height=\"200\" src=\"data:image\/svg+xml;base64,PHN2ZyB3aWR0aD0iMSIgaGVpZ2h0PSIxIiB4bWxucz0iaHR0cDovL3d3dy53My5vcmcvMjAwMC9zdmciPjwvc3ZnPg==\" class=\"lazyload\" style=\"--smush-placeholder-width: 200px; --smush-placeholder-aspect-ratio: 200\/200;\" \/>\u00a0\u00a0\u00a0\u00a0\u00a0\u00a0\u00a0\u00a0\u00a0\u00a0\u00a0\u00a0\u00a0 <img decoding=\"async\" data-src=\"https:\/\/www.galerie-obrist.de\/wordpress\/img\/auszugw.jpg\" alt=\"Robin Horsch\" width=\"320\" height=\"200\" src=\"data:image\/svg+xml;base64,PHN2ZyB3aWR0aD0iMSIgaGVpZ2h0PSIxIiB4bWxucz0iaHR0cDovL3d3dy53My5vcmcvMjAwMC9zdmciPjwvc3ZnPg==\" class=\"lazyload\" style=\"--smush-placeholder-width: 320px; --smush-placeholder-aspect-ratio: 320\/200;\" \/><\/p>\n<p><span lang=\"de\">ROBIN HORSCH | HORSCHFIGUREN<br \/>\nAusstellung 3. September &#8211; 2. Oktober 2004<br \/>\nAusstellung zum Bookrelease 1.-8. Juni 2005<br \/>\nVernissage am Freitag, 26. Januar 2007, 19 Uhr<\/span><\/p>\n<p><span lang=\"de\">In einer retrospektiven Zusammenstellung soll hier der Versuch unternommen werden, in Wort und Bild den Bildhauer und Maler Robin Horsch vorzustellen, eine exemplarische Zusammenstellung, die der Entwicklung des K\u00fcnstlers in den letzten Jahren gerecht wird, und so dem Kunstliebhaber einen Einblick in die k\u00fcnstlerische Position von Robin Horsch verschaffen kann. Diese Monographie erscheint zu einem Zeitpunkt, an dem Horsch (Jahrgang 1963) am \u00dcbergang vom sogenannten jungen K\u00fcnstler zum \u00e4lteren und &#8216;reiferen&#8217; K\u00fcnstler steht. So ist er alt genug, um seine Pers\u00f6nlichkeit mittels der von ihm ausgesuchten Materialien pr\u00e4zise in seine Kunst einzubringen &#8211; und jung genug, um sich nicht auf erworbenen Lorbeeren auszuruhen. So ist dieses Buch zum jetzigen Zeitpunkt eine willkommene Bestandsaufnahme des k\u00fcnstlerischen Schaffens von Robin Horsch.<br \/>\nSchon jetzt kann man sagen, dass &#8216;ein Horsch&#8217; auf Anhieb zu erkennen ist. Horsch ist k\u00fcnstlerisch ein Einzelg\u00e4nger, der unbeirrt seinen eigenen Weg findet, der auch seinen Stil gefunden hat, ohne deswegen eine einmal gefundene Position abzunutzen, bis sie ihre Kraft verloren hat. Horsch ist gleichzeitig Maler und Bildhauer, zwei in der Kunsttradition oppositionelle Disziplinen, die er aber leichtf\u00fc\u00dfig in seinen Arbeiten zu vereinen wei\u00df. Es wird sich in dieser Einf\u00fchrung herausstellen, dass Horsch in beiden Gattungen plastisch und malerisch arbeitet, so dass sich die Gattungsgrenzen in seinem Schaffen zwangsl\u00e4ufig aufweichen m\u00fcssen. Horsch hatte zun\u00e4chst als Maler begonnen, bevor er sich vor fast zehn Jahren auf die Bildhauerei verlegte, eine Gattung, die in seinen Augen sicher n\u00e4her an der Natur ist. Vielleicht finden wir hier einen wichtigen und allgegenw\u00e4rtigen Beweggrund f\u00fcr die Kunst Robin Horschs: Naturformen inspirieren ihn, er arbeitet mit in der Natur gefundenen Dingen, im Dialog mit der Natur entsteht seine Kunst, eine \u00e4sthetische Welt parallel zur Natur.<\/span><br \/>\n<span lang=\"en-us\">ROBIN HORSCH | HORSCHFIGUREN<br \/>\nExhibition Sep. 3 &#8211; Oct. 2, 2004<br \/>\nExhibition for bookrelease June 1-8, 2005<\/span><\/p>\n<p><span lang=\"en-us\">The retrospective compilation in this book is the attempt to present and to explain the art of sculptor and painter Robin Horsch &#8211; an exemplary compilation, which takes the recent years&#8217; development of the artist into account, to give a current insight to the art position of Robin Horsch. This monography appears at a time, when Horsch (born 1963) is in transition from the so-called young artist to the older and &#8220;mature&#8221; artist. So he is old enough, to express his personality by means of the selected materials in a precise manner &#8211; yet young enough, not to rest on his laurels. In this way our book is now a welcome stocktaking of the oeuvre of Robin Horsch.<br \/>\nOne can recognize &#8220;a Horsch&#8221; at first sight. Horsch is artistically a loner, who persistently finds his own way, who also found his own style, and who is not always harping on a once found position, until it loses its strength. Horsch is at the same time painter and sculptor, oppositional disciplines in art history, which he easily unites in his works. We will see, that in both arts Horsch works using the technique of both, and in this way he softens the natural borders between the two arts. Horsch had begun as a painter, before he progressively changed to sculpturing, an art which, in his eyes, is closer to nature. Perhaps it is here where we can find an important and pervasive motive in his art: Nature forms inspire him, he works with things found in nature, in dialogue with nature he develops his art, an aesthetic world as an analogous form to nature.<\/span><\/p>\n<p><a href=\"\/artists\/zzalle-kunstler\/horsch\">CV ROBIN HORSCH<\/a><\/p>\n","protected":false},"excerpt":{"rendered":"<p>\u00a0\u00a0\u00a0\u00a0\u00a0\u00a0\u00a0\u00a0\u00a0\u00a0\u00a0\u00a0\u00a0 ROBIN HORSCH | HORSCHFIGUREN Ausstellung 3. September &#8211; 2. Oktober 2004 Ausstellung zum Bookrelease 1.-8. Juni 2005 Vernissage am Freitag, 26. Januar 2007, 19 Uhr In einer retrospektiven Zusammenstellung soll hier der Versuch unternommen werden, in Wort und Bild den Bildhauer und Maler Robin Horsch vorzustellen, eine exemplarische Zusammenstellung, die der Entwicklung des K\u00fcnstlers &hellip; <\/p>\n<p class=\"link-more\"><a href=\"https:\/\/www.galerie-obrist.de\/en\/artists\/zzalle-kunstler\/horsch\/horsch2004\/\" class=\"more-link\">Read more<span class=\"screen-reader-text\"> &#8220;Robin Horsch: Horschfiguren (2004)&#8221;<\/span><\/a><\/p>\n","protected":false},"author":2,"featured_media":0,"parent":2205,"menu_order":0,"comment_status":"closed","ping_status":"closed","template":"","meta":{"ngg_post_thumbnail":0,"footnotes":""},"class_list":["post-2231","page","type-page","status-publish","hentry"],"translation":{"provider":"WPGlobus","version":"3.0.1","language":"en","enabled_languages":["de","en"],"languages":{"de":{"title":true,"content":true,"excerpt":false},"en":{"title":false,"content":false,"excerpt":false}}},"_links":{"self":[{"href":"https:\/\/www.galerie-obrist.de\/en\/wp-json\/wp\/v2\/pages\/2231","targetHints":{"allow":["GET"]}}],"collection":[{"href":"https:\/\/www.galerie-obrist.de\/en\/wp-json\/wp\/v2\/pages"}],"about":[{"href":"https:\/\/www.galerie-obrist.de\/en\/wp-json\/wp\/v2\/types\/page"}],"author":[{"embeddable":true,"href":"https:\/\/www.galerie-obrist.de\/en\/wp-json\/wp\/v2\/users\/2"}],"replies":[{"embeddable":true,"href":"https:\/\/www.galerie-obrist.de\/en\/wp-json\/wp\/v2\/comments?post=2231"}],"version-history":[{"count":3,"href":"https:\/\/www.galerie-obrist.de\/en\/wp-json\/wp\/v2\/pages\/2231\/revisions"}],"predecessor-version":[{"id":2628,"href":"https:\/\/www.galerie-obrist.de\/en\/wp-json\/wp\/v2\/pages\/2231\/revisions\/2628"}],"up":[{"embeddable":true,"href":"https:\/\/www.galerie-obrist.de\/en\/wp-json\/wp\/v2\/pages\/2205"}],"wp:attachment":[{"href":"https:\/\/www.galerie-obrist.de\/en\/wp-json\/wp\/v2\/media?parent=2231"}],"curies":[{"name":"wp","href":"https:\/\/api.w.org\/{rel}","templated":true}]}}