{"id":2213,"date":"2009-06-09T11:52:40","date_gmt":"2009-06-09T09:52:40","guid":{"rendered":"https:\/\/www.galerie-obrist.de\/wordpress\/?page_id=2213"},"modified":"2019-03-29T18:32:55","modified_gmt":"2019-03-29T16:32:55","slug":"horsch2009","status":"publish","type":"page","link":"https:\/\/www.galerie-obrist.de\/en\/artists\/zzalle-kunstler\/horsch\/horsch2009\/","title":{"rendered":"Robin Horsch: Bronze und Eisen (2009)"},"content":{"rendered":"<p><img decoding=\"async\" data-src=\"https:\/\/www.galerie-obrist.de\/wordpress\/img\/HORpkwww2.jpg\" alt=\"Robin Horsch\" width=\"161\" height=\"240\" src=\"data:image\/svg+xml;base64,PHN2ZyB3aWR0aD0iMSIgaGVpZ2h0PSIxIiB4bWxucz0iaHR0cDovL3d3dy53My5vcmcvMjAwMC9zdmciPjwvc3ZnPg==\" class=\"lazyload\" style=\"--smush-placeholder-width: 161px; --smush-placeholder-aspect-ratio: 161\/240;\" \/><\/p>\n<p>ROBIN HORSCH | BRONZE UND EISEN<\/p>\n<p>Ausstellung 31. Oktober &#8211; 31. Dezember 2009<br \/>\nEr\u00f6ffnung am Freitag, 30. Oktober 2009, 19 Uhr<\/p>\n<p>Seit dem Jahre 2000 hat die Galerie in f\u00fcnf Einzelausstellungen Holzskulpturen und Malereien von Robin Horsch ausf\u00fchrlich vorgestellt. Unter dem Titel \u201cBronze und Eisen\u201d wird nun erstmals eine Ausstellung des M\u00fclheimer K\u00fcnstlers ausschlie\u00dflich seinen Gusswerken gewidmet.<\/p>\n<p><a href=\"\/artists\/zzalle-kunstler\/horsch\">CV ROBIN HORSCH<\/a><\/p>\n","protected":false},"excerpt":{"rendered":"<p>ROBIN HORSCH | BRONZE UND EISEN Ausstellung 31. Oktober &#8211; 31. Dezember 2009 Er\u00f6ffnung am Freitag, 30. Oktober 2009, 19 Uhr Seit dem Jahre 2000 hat die Galerie in f\u00fcnf Einzelausstellungen Holzskulpturen und Malereien von Robin Horsch ausf\u00fchrlich vorgestellt. Unter dem Titel \u201cBronze und Eisen\u201d wird nun erstmals eine Ausstellung des M\u00fclheimer K\u00fcnstlers ausschlie\u00dflich seinen &hellip; <\/p>\n<p class=\"link-more\"><a href=\"https:\/\/www.galerie-obrist.de\/en\/artists\/zzalle-kunstler\/horsch\/horsch2009\/\" class=\"more-link\">Read more<span class=\"screen-reader-text\"> &#8220;Robin Horsch: Bronze und Eisen (2009)&#8221;<\/span><\/a><\/p>\n","protected":false},"author":2,"featured_media":0,"parent":2205,"menu_order":0,"comment_status":"closed","ping_status":"closed","template":"","meta":{"ngg_post_thumbnail":0,"footnotes":""},"class_list":["post-2213","page","type-page","status-publish","hentry"],"translation":{"provider":"WPGlobus","version":"3.0.1","language":"en","enabled_languages":["de","en"],"languages":{"de":{"title":true,"content":true,"excerpt":false},"en":{"title":true,"content":true,"excerpt":false}}},"_links":{"self":[{"href":"https:\/\/www.galerie-obrist.de\/en\/wp-json\/wp\/v2\/pages\/2213","targetHints":{"allow":["GET"]}}],"collection":[{"href":"https:\/\/www.galerie-obrist.de\/en\/wp-json\/wp\/v2\/pages"}],"about":[{"href":"https:\/\/www.galerie-obrist.de\/en\/wp-json\/wp\/v2\/types\/page"}],"author":[{"embeddable":true,"href":"https:\/\/www.galerie-obrist.de\/en\/wp-json\/wp\/v2\/users\/2"}],"replies":[{"embeddable":true,"href":"https:\/\/www.galerie-obrist.de\/en\/wp-json\/wp\/v2\/comments?post=2213"}],"version-history":[{"count":6,"href":"https:\/\/www.galerie-obrist.de\/en\/wp-json\/wp\/v2\/pages\/2213\/revisions"}],"predecessor-version":[{"id":2215,"href":"https:\/\/www.galerie-obrist.de\/en\/wp-json\/wp\/v2\/pages\/2213\/revisions\/2215"}],"up":[{"embeddable":true,"href":"https:\/\/www.galerie-obrist.de\/en\/wp-json\/wp\/v2\/pages\/2205"}],"wp:attachment":[{"href":"https:\/\/www.galerie-obrist.de\/en\/wp-json\/wp\/v2\/media?parent=2213"}],"curies":[{"name":"wp","href":"https:\/\/api.w.org\/{rel}","templated":true}]}}