{"id":20453,"date":"2026-05-03T13:03:39","date_gmt":"2026-05-03T11:03:39","guid":{"rendered":"https:\/\/www.galerie-obrist.de\/?page_id=20453"},"modified":"2026-05-04T14:43:54","modified_gmt":"2026-05-04T12:43:54","slug":"young-collector","status":"publish","type":"page","link":"https:\/\/www.galerie-obrist.de\/en\/shop\/young-collector\/","title":{"rendered":"Young Collector"},"content":{"rendered":"<div data-block-name=\"woocommerce\/featured-category\" data-category-id=\"715\" data-image-fit=\"cover\" data-media-id=\"20456\" data-media-src=\"https:\/\/www.galerie-obrist.de\/wordpress\/wp-content\/uploads\/2026\/05\/MAGNOLIA-CLUSTER-II-FLOW-50-x-70-cm-edited-scaled.jpg\" class=\"wc-block-featured-category alignnone has-background-dim wp-block-woocommerce-featured-category\" style=\"min-height:500px;\"><div class=\"wc-block-featured-category__wrapper\"><div class=\"background-dim__overlay\" style=\"background-color: #000000\"><\/div><img decoding=\"async\" alt=\"Kunst zum Einstieg\" class=\"wc-block-featured-category__background-image lazyload\" data-src=\"https:\/\/www.galerie-obrist.de\/wordpress\/wp-content\/uploads\/2026\/05\/MAGNOLIA-CLUSTER-II-FLOW-50-x-70-cm-edited-1024x768.jpg\" style=\"--smush-placeholder-width: 1024px; --smush-placeholder-aspect-ratio: 1024\/768;object-fit: cover;object-position: 50% 50%;\" src=\"data:image\/svg+xml;base64,PHN2ZyB3aWR0aD0iMSIgaGVpZ2h0PSIxIiB4bWxucz0iaHR0cDovL3d3dy53My5vcmcvMjAwMC9zdmciPjwvc3ZnPg==\" \/><div class=\"wc-block-featured-category__inner-blocks\">\n<h2 data-block-name=\"woocommerce\/category-title\" data-text-align=\"center\" class=\"has-text-align-center wp-block-woocommerce-category-title\">Kunst zum Einstieg<\/h2>\n\n\n\n\n<div class=\"wp-block-buttons is-content-justification-center is-layout-flex wp-container-core-buttons-is-layout-a89b3969 wp-block-buttons-is-layout-flex\">\n<div class=\"wp-block-button\"><a class=\"wp-block-button__link wp-element-button\" href=\"https:\/\/www.galerie-obrist.de\/produkt-kategorie\/unkategorisiert\/kunstsammeln-beginnen\/\">Jetzt betrachten<\/a><\/div>\n<\/div>\n\n<\/div><\/div><\/div>\n\n<p>Der Einstieg in das Sammeln von Kunst beginnt nicht mit Fachwissen, sondern mit Neugier. Entscheidend ist zun\u00e4chst Ihr eigener Blick: Nehmen Sie sich Zeit, schauen Sie viel und entdecken Sie Werke, die Sie wirklich ansprechen \u2013 unabh\u00e4ngig von Preis oder Namen.<\/p>\n<p>Gerade am Anfang k\u00f6nnen Editionen oder Arbeiten junger k\u00fcnstlerischer Positionen einen guten Zugang bieten. Sie er\u00f6ffnen die M\u00f6glichkeit, ein Gef\u00fchl f\u00fcr Qualit\u00e4t, Ausdruck und eigene Vorlieben zu entwickeln \u2013 ohne sich sofort festlegen zu m\u00fcssen.<\/p>\n<p>Um diesen ersten Schritt bewusst leicht zu machen, gibt es die *Wundert\u00fcte*: eine kuratierte Auswahl von Arbeiten, die \u00fcberrascht, inspiriert und den Einstieg in eine eigene Sammlung spielerisch \u00f6ffnet. Sie ist kein Zufallsprodukt, sondern eine Einladung, sich auf Kunst einzulassen, ohne alles bereits wissen zu m\u00fcssen.<\/p>\n<p>Vertrauen Sie Ihrer Wahrnehmung \u2013 und beginnen Sie dort, wo echtes Interesse entsteht. Eine Sammlung w\u00e4chst aus Aufmerksamkeit, nicht aus Perfektion.<\/p>","protected":false},"excerpt":{"rendered":"<p>Der Einstieg in das Sammeln von Kunst beginnt nicht mit Fachwissen, sondern mit Neugier. Entscheidend ist zun\u00e4chst Ihr eigener Blick: Nehmen Sie sich Zeit, schauen Sie viel und entdecken Sie Werke, die Sie wirklich ansprechen \u2013 unabh\u00e4ngig von Preis oder Namen. Gerade am Anfang k\u00f6nnen Editionen oder Arbeiten junger k\u00fcnstlerischer Positionen einen guten Zugang bieten. &hellip; <\/p>\n<p class=\"link-more\"><a href=\"https:\/\/www.galerie-obrist.de\/en\/shop\/young-collector\/\" class=\"more-link\">Read more<span class=\"screen-reader-text\"> &#8220;Young Collector&#8221;<\/span><\/a><\/p>\n","protected":false},"author":2,"featured_media":0,"parent":5854,"menu_order":0,"comment_status":"closed","ping_status":"closed","template":"","meta":{"ngg_post_thumbnail":0,"footnotes":""},"class_list":["post-20453","page","type-page","status-publish","hentry"],"translation":{"provider":"WPGlobus","version":"3.0.2","language":"en","enabled_languages":["de","en"],"languages":{"de":{"title":true,"content":true,"excerpt":false},"en":{"title":false,"content":false,"excerpt":false}}},"_links":{"self":[{"href":"https:\/\/www.galerie-obrist.de\/en\/wp-json\/wp\/v2\/pages\/20453","targetHints":{"allow":["GET"]}}],"collection":[{"href":"https:\/\/www.galerie-obrist.de\/en\/wp-json\/wp\/v2\/pages"}],"about":[{"href":"https:\/\/www.galerie-obrist.de\/en\/wp-json\/wp\/v2\/types\/page"}],"author":[{"embeddable":true,"href":"https:\/\/www.galerie-obrist.de\/en\/wp-json\/wp\/v2\/users\/2"}],"replies":[{"embeddable":true,"href":"https:\/\/www.galerie-obrist.de\/en\/wp-json\/wp\/v2\/comments?post=20453"}],"version-history":[{"count":5,"href":"https:\/\/www.galerie-obrist.de\/en\/wp-json\/wp\/v2\/pages\/20453\/revisions"}],"predecessor-version":[{"id":20472,"href":"https:\/\/www.galerie-obrist.de\/en\/wp-json\/wp\/v2\/pages\/20453\/revisions\/20472"}],"up":[{"embeddable":true,"href":"https:\/\/www.galerie-obrist.de\/en\/wp-json\/wp\/v2\/pages\/5854"}],"wp:attachment":[{"href":"https:\/\/www.galerie-obrist.de\/en\/wp-json\/wp\/v2\/media?parent=20453"}],"curies":[{"name":"wp","href":"https:\/\/api.w.org\/{rel}","templated":true}]}}