{"id":19083,"date":"2025-10-02T17:03:19","date_gmt":"2025-10-02T15:03:19","guid":{"rendered":"https:\/\/www.galerie-obrist.de\/?page_id=19083"},"modified":"2025-10-16T17:37:35","modified_gmt":"2025-10-16T15:37:35","slug":"roeckle","status":"publish","type":"page","link":"https:\/\/www.galerie-obrist.de\/en\/artists\/roeckle\/","title":{"rendered":"Hanna Roeckle"},"content":{"rendered":"<p><b>ARTWORKS<\/b><\/p>\n<div class=\"woocommerce columns-4 \"><ul class=\"products columns-4\">\n<li class=\"product type-product post-19223 status-publish first outofstock product_cat-art-salon-zurich-25 product_cat-plastik product_tag-hanna-roeckle has-post-thumbnail purchasable product-type-simple\">\n\t<a href=\"https:\/\/www.galerie-obrist.de\/en\/produkt\/hanna-roeckle-fluorit-kingblue\/\" class=\"woocommerce-LoopProduct-link woocommerce-loop-product__link\"><img decoding=\"async\" width=\"300\" height=\"300\" data-src=\"https:\/\/www.galerie-obrist.de\/wordpress\/wp-content\/uploads\/2025\/10\/IMG_5096-scaled-300x300.jpeg\" class=\"attachment-woocommerce_thumbnail size-woocommerce_thumbnail lazyload\" alt=\"Hanna Roeckle: Fluorit Kingblue\" data-srcset=\"https:\/\/www.galerie-obrist.de\/wordpress\/wp-content\/uploads\/2025\/10\/IMG_5096-scaled-300x300.jpeg 300w, https:\/\/www.galerie-obrist.de\/wordpress\/wp-content\/uploads\/2025\/10\/IMG_5096-150x150.jpeg 150w\" data-sizes=\"100vw\" src=\"data:image\/svg+xml;base64,PHN2ZyB3aWR0aD0iMSIgaGVpZ2h0PSIxIiB4bWxucz0iaHR0cDovL3d3dy53My5vcmcvMjAwMC9zdmciPjwvc3ZnPg==\" style=\"--smush-placeholder-width: 300px; --smush-placeholder-aspect-ratio: 300\/300;\" \/>\t<span class=\"wcosm_soldout\">NICHT MEHR VERF\u00dcGBAR!<\/span>\t<style> .woocommerce .product span.wcosm_soldout{background-color: #56c997; color:#fdfdfd; position: absolute;z-index: 999;padding: 5px 10px;border-radius:2px; right: -5px;top: -5px;width:fit-content; }<\/style>\r\n\t<h2 class=\"woocommerce-loop-product__title\">Hanna Roeckle: Fluorit Kingblue<\/h2>\n\t<span class=\"price\"><span class=\"woocommerce-Price-amount amount\"><bdi>3.700,00&nbsp;<span class=\"woocommerce-Price-currencySymbol\">&euro;<\/span><\/bdi><\/span><\/span>\n<\/a><a href=\"https:\/\/www.galerie-obrist.de\/en\/produkt\/hanna-roeckle-fluorit-kingblue\/\" class=\"button product_type_simple\">Details<\/a>\t<span id=\"woocommerce_loop_add_to_cart_link_describedby_19223\" class=\"screen-reader-text\">\n\t\t\t<\/span>\n<\/li>\n<li class=\"product type-product post-19212 status-publish instock product_cat-art-salon-zurich-25 product_cat-plastik product_tag-hanna-roeckle has-post-thumbnail taxable shipping-taxable purchasable product-type-simple\">\n\t<a href=\"https:\/\/www.galerie-obrist.de\/en\/produkt\/hanna-roeckle-pyrit-b-grau\/\" class=\"woocommerce-LoopProduct-link woocommerce-loop-product__link\"><img decoding=\"async\" width=\"300\" height=\"300\" data-src=\"https:\/\/www.galerie-obrist.de\/wordpress\/wp-content\/uploads\/2025\/10\/IMG_5104-scaled-300x300.jpeg\" class=\"attachment-woocommerce_thumbnail size-woocommerce_thumbnail lazyload\" alt=\"Hanna Roeckle: Pyrit B\" data-srcset=\"https:\/\/www.galerie-obrist.de\/wordpress\/wp-content\/uploads\/2025\/10\/IMG_5104-scaled-300x300.jpeg 300w, https:\/\/www.galerie-obrist.de\/wordpress\/wp-content\/uploads\/2025\/10\/IMG_5104-150x150.jpeg 150w\" data-sizes=\"100vw\" src=\"data:image\/svg+xml;base64,PHN2ZyB3aWR0aD0iMSIgaGVpZ2h0PSIxIiB4bWxucz0iaHR0cDovL3d3dy53My5vcmcvMjAwMC9zdmciPjwvc3ZnPg==\" style=\"--smush-placeholder-width: 300px; --smush-placeholder-aspect-ratio: 300\/300;\" \/><h2 class=\"woocommerce-loop-product__title\">Hanna Roeckle: Pyrit B<\/h2>\n\t<span class=\"price\"><span class=\"woocommerce-Price-amount amount\"><bdi>4.000,00&nbsp;<span class=\"woocommerce-Price-currencySymbol\">&euro;<\/span><\/bdi><\/span><\/span>\n<\/a><a href=\"https:\/\/www.galerie-obrist.de\/en\/produkt\/hanna-roeckle-pyrit-b-grau\/\" class=\"button product_type_simple\">Details<\/a>\t<span id=\"woocommerce_loop_add_to_cart_link_describedby_19212\" class=\"screen-reader-text\">\n\t\t\t<\/span>\n<\/li>\n<li class=\"product type-product post-19214 status-publish instock product_cat-art-salon-zurich-25 product_cat-plastik product_tag-hanna-roeckle has-post-thumbnail taxable shipping-taxable purchasable product-type-simple\">\n\t<a href=\"https:\/\/www.galerie-obrist.de\/en\/produkt\/hanna-roeckle-pyrit-g-velvet\/\" class=\"woocommerce-LoopProduct-link woocommerce-loop-product__link\"><img decoding=\"async\" width=\"300\" height=\"300\" data-src=\"https:\/\/www.galerie-obrist.de\/wordpress\/wp-content\/uploads\/2025\/10\/IMG_5103-scaled-300x300.jpeg\" class=\"attachment-woocommerce_thumbnail size-woocommerce_thumbnail lazyload\" alt=\"Hanna Roeckle: Pyrit G\" data-srcset=\"https:\/\/www.galerie-obrist.de\/wordpress\/wp-content\/uploads\/2025\/10\/IMG_5103-scaled-300x300.jpeg 300w, https:\/\/www.galerie-obrist.de\/wordpress\/wp-content\/uploads\/2025\/10\/IMG_5103-150x150.jpeg 150w\" data-sizes=\"100vw\" src=\"data:image\/svg+xml;base64,PHN2ZyB3aWR0aD0iMSIgaGVpZ2h0PSIxIiB4bWxucz0iaHR0cDovL3d3dy53My5vcmcvMjAwMC9zdmciPjwvc3ZnPg==\" style=\"--smush-placeholder-width: 300px; --smush-placeholder-aspect-ratio: 300\/300;\" \/><h2 class=\"woocommerce-loop-product__title\">Hanna Roeckle: Pyrit G<\/h2>\n\t<span class=\"price\"><span class=\"woocommerce-Price-amount amount\"><bdi>4.000,00&nbsp;<span class=\"woocommerce-Price-currencySymbol\">&euro;<\/span><\/bdi><\/span><\/span>\n<\/a><a href=\"https:\/\/www.galerie-obrist.de\/en\/produkt\/hanna-roeckle-pyrit-g-velvet\/\" class=\"button product_type_simple\">Details<\/a>\t<span id=\"woocommerce_loop_add_to_cart_link_describedby_19214\" class=\"screen-reader-text\">\n\t\t\t<\/span>\n<\/li>\n<li class=\"product type-product post-19225 status-publish last instock product_cat-art-salon-zurich-25 product_cat-plastik product_tag-hanna-roeckle has-post-thumbnail taxable shipping-taxable purchasable product-type-simple\">\n\t<a href=\"https:\/\/www.galerie-obrist.de\/en\/produkt\/hanna-roeckle-fluorit-copper\/\" class=\"woocommerce-LoopProduct-link woocommerce-loop-product__link\"><img decoding=\"async\" width=\"300\" height=\"300\" data-src=\"https:\/\/www.galerie-obrist.de\/wordpress\/wp-content\/uploads\/2025\/10\/IMG_5022-300x300.jpg\" class=\"attachment-woocommerce_thumbnail size-woocommerce_thumbnail lazyload\" alt=\"Hanna Roeckle: Fluorit Copper\" data-srcset=\"https:\/\/www.galerie-obrist.de\/wordpress\/wp-content\/uploads\/2025\/10\/IMG_5022-300x300.jpg 300w, https:\/\/www.galerie-obrist.de\/wordpress\/wp-content\/uploads\/2025\/10\/IMG_5022-150x150.jpg 150w, https:\/\/www.galerie-obrist.de\/wordpress\/wp-content\/uploads\/2025\/10\/IMG_5022-100x100.jpg 100w\" data-sizes=\"100vw\" src=\"data:image\/svg+xml;base64,PHN2ZyB3aWR0aD0iMSIgaGVpZ2h0PSIxIiB4bWxucz0iaHR0cDovL3d3dy53My5vcmcvMjAwMC9zdmciPjwvc3ZnPg==\" style=\"--smush-placeholder-width: 300px; --smush-placeholder-aspect-ratio: 300\/300;\" \/><h2 class=\"woocommerce-loop-product__title\">Hanna Roeckle: Fluorit Copper<\/h2>\n\t<span class=\"price\"><span class=\"woocommerce-Price-amount amount\"><bdi>4.000,00&nbsp;<span class=\"woocommerce-Price-currencySymbol\">&euro;<\/span><\/bdi><\/span><\/span>\n<\/a><a href=\"https:\/\/www.galerie-obrist.de\/en\/produkt\/hanna-roeckle-fluorit-copper\/\" class=\"button product_type_simple\">Details<\/a>\t<span id=\"woocommerce_loop_add_to_cart_link_describedby_19225\" class=\"screen-reader-text\">\n\t\t\t<\/span>\n<\/li>\n<li class=\"product type-product post-19227 status-publish first outofstock product_cat-art-salon-zurich-25 product_cat-plastik product_tag-hanna-roeckle has-post-thumbnail purchasable product-type-simple\">\n\t<a href=\"https:\/\/www.galerie-obrist.de\/en\/produkt\/hanna-roeckle-fluorit-greengold\/\" class=\"woocommerce-LoopProduct-link woocommerce-loop-product__link\"><img decoding=\"async\" width=\"300\" height=\"300\" data-src=\"https:\/\/www.galerie-obrist.de\/wordpress\/wp-content\/uploads\/2025\/10\/IMG_5099-scaled-300x300.jpeg\" class=\"attachment-woocommerce_thumbnail size-woocommerce_thumbnail lazyload\" alt=\"Hanna Roeckle: Fluorit Greengold\" data-srcset=\"https:\/\/www.galerie-obrist.de\/wordpress\/wp-content\/uploads\/2025\/10\/IMG_5099-scaled-300x300.jpeg 300w, https:\/\/www.galerie-obrist.de\/wordpress\/wp-content\/uploads\/2025\/10\/IMG_5099-150x150.jpeg 150w\" data-sizes=\"100vw\" src=\"data:image\/svg+xml;base64,PHN2ZyB3aWR0aD0iMSIgaGVpZ2h0PSIxIiB4bWxucz0iaHR0cDovL3d3dy53My5vcmcvMjAwMC9zdmciPjwvc3ZnPg==\" style=\"--smush-placeholder-width: 300px; --smush-placeholder-aspect-ratio: 300\/300;\" \/>\t<span class=\"wcosm_soldout\">NICHT MEHR VERF\u00dcGBAR!<\/span>\t<style> .woocommerce .product span.wcosm_soldout{background-color: #56c997; color:#fdfdfd; position: absolute;z-index: 999;padding: 5px 10px;border-radius:2px; right: -5px;top: -5px;width:fit-content; }<\/style>\r\n\t<h2 class=\"woocommerce-loop-product__title\">Hanna Roeckle: Fluorit Greengold<\/h2>\n\t<span class=\"price\"><span class=\"woocommerce-Price-amount amount\"><bdi>3.700,00&nbsp;<span class=\"woocommerce-Price-currencySymbol\">&euro;<\/span><\/bdi><\/span><\/span>\n<\/a><a href=\"https:\/\/www.galerie-obrist.de\/en\/produkt\/hanna-roeckle-fluorit-greengold\/\" class=\"button product_type_simple\">Details<\/a>\t<span id=\"woocommerce_loop_add_to_cart_link_describedby_19227\" class=\"screen-reader-text\">\n\t\t\t<\/span>\n<\/li>\n<li class=\"product type-product post-19229 status-publish instock product_cat-art-salon-zurich-25 product_cat-plastik product_tag-hanna-roeckle has-post-thumbnail purchasable product-type-simple\">\n\t<a href=\"https:\/\/www.galerie-obrist.de\/en\/produkt\/hanna-roeckle-rosetta-m\/\" class=\"woocommerce-LoopProduct-link woocommerce-loop-product__link\"><img decoding=\"async\" width=\"300\" height=\"300\" data-src=\"https:\/\/www.galerie-obrist.de\/wordpress\/wp-content\/uploads\/2025\/10\/IMG_5020-300x300.jpg\" class=\"attachment-woocommerce_thumbnail size-woocommerce_thumbnail lazyload\" alt=\"Hanna Roeckle: Rosetta M\" data-srcset=\"https:\/\/www.galerie-obrist.de\/wordpress\/wp-content\/uploads\/2025\/10\/IMG_5020-300x300.jpg 300w, https:\/\/www.galerie-obrist.de\/wordpress\/wp-content\/uploads\/2025\/10\/IMG_5020-150x150.jpg 150w, https:\/\/www.galerie-obrist.de\/wordpress\/wp-content\/uploads\/2025\/10\/IMG_5020-100x100.jpg 100w\" data-sizes=\"100vw\" src=\"data:image\/svg+xml;base64,PHN2ZyB3aWR0aD0iMSIgaGVpZ2h0PSIxIiB4bWxucz0iaHR0cDovL3d3dy53My5vcmcvMjAwMC9zdmciPjwvc3ZnPg==\" style=\"--smush-placeholder-width: 300px; --smush-placeholder-aspect-ratio: 300\/300;\" \/><h2 class=\"woocommerce-loop-product__title\">Hanna Roeckle: Rosetta M<\/h2>\n\t<span class=\"price\"><span class=\"woocommerce-Price-amount amount\"><bdi>7.800,00&nbsp;<span class=\"woocommerce-Price-currencySymbol\">&euro;<\/span><\/bdi><\/span><\/span>\n<\/a><a href=\"https:\/\/www.galerie-obrist.de\/en\/produkt\/hanna-roeckle-rosetta-m\/\" class=\"button product_type_simple\">Details<\/a>\t<span id=\"woocommerce_loop_add_to_cart_link_describedby_19229\" class=\"screen-reader-text\">\n\t\t\t<\/span>\n<\/li>\n<li class=\"product type-product post-19119 status-publish instock product_cat-changing-focus product_cat-plastik product_tag-hanna-roeckle has-post-thumbnail taxable shipping-taxable purchasable product-type-simple\">\n\t<a href=\"https:\/\/www.galerie-obrist.de\/en\/produkt\/hanna-roeckle-fluorit-king-blue\/\" class=\"woocommerce-LoopProduct-link woocommerce-loop-product__link\"><img decoding=\"async\" width=\"240\" height=\"240\" data-src=\"https:\/\/www.galerie-obrist.de\/wordpress\/wp-content\/uploads\/2025\/10\/dsc1392-Kopie.jpeg\" class=\"attachment-woocommerce_thumbnail size-woocommerce_thumbnail lazyload\" alt=\"Hanna Roeckle: Fluorit, King Blue\" data-srcset=\"https:\/\/www.galerie-obrist.de\/wordpress\/wp-content\/uploads\/2025\/10\/dsc1392-Kopie.jpeg 240w, https:\/\/www.galerie-obrist.de\/wordpress\/wp-content\/uploads\/2025\/10\/dsc1392-Kopie-150x150.jpeg 150w\" data-sizes=\"100vw\" src=\"data:image\/svg+xml;base64,PHN2ZyB3aWR0aD0iMSIgaGVpZ2h0PSIxIiB4bWxucz0iaHR0cDovL3d3dy53My5vcmcvMjAwMC9zdmciPjwvc3ZnPg==\" style=\"--smush-placeholder-width: 240px; --smush-placeholder-aspect-ratio: 240\/240;\" \/><h2 class=\"woocommerce-loop-product__title\">Hanna Roeckle: Fluorit, King Blue<\/h2>\n\t<span class=\"price\"><span class=\"woocommerce-Price-amount amount\"><bdi>4.500,00&nbsp;<span class=\"woocommerce-Price-currencySymbol\">&euro;<\/span><\/bdi><\/span><\/span>\n<\/a><a href=\"https:\/\/www.galerie-obrist.de\/en\/produkt\/hanna-roeckle-fluorit-king-blue\/\" class=\"button product_type_simple\">Details<\/a>\t<span id=\"woocommerce_loop_add_to_cart_link_describedby_19119\" class=\"screen-reader-text\">\n\t\t\t<\/span>\n<\/li>\n<li class=\"product type-product post-19118 status-publish last instock product_cat-changing-focus product_cat-plastik product_tag-hanna-roeckle has-post-thumbnail taxable shipping-taxable purchasable product-type-simple\">\n\t<a href=\"https:\/\/www.galerie-obrist.de\/en\/produkt\/hanna-roeckle-fluorit-green-rose\/\" class=\"woocommerce-LoopProduct-link woocommerce-loop-product__link\"><img decoding=\"async\" width=\"296\" height=\"240\" data-src=\"https:\/\/www.galerie-obrist.de\/wordpress\/wp-content\/uploads\/2025\/10\/3-Kopie.jpeg\" class=\"attachment-woocommerce_thumbnail size-woocommerce_thumbnail lazyload\" alt=\"Hanna Roeckle: Fluorit, Green Rose\" data-sizes=\"100vw\" src=\"data:image\/svg+xml;base64,PHN2ZyB3aWR0aD0iMSIgaGVpZ2h0PSIxIiB4bWxucz0iaHR0cDovL3d3dy53My5vcmcvMjAwMC9zdmciPjwvc3ZnPg==\" style=\"--smush-placeholder-width: 296px; --smush-placeholder-aspect-ratio: 296\/240;\" \/><h2 class=\"woocommerce-loop-product__title\">Hanna Roeckle: Fluorit, Green Rose<\/h2>\n\t<span class=\"price\"><span class=\"woocommerce-Price-amount amount\"><bdi>4.500,00&nbsp;<span class=\"woocommerce-Price-currencySymbol\">&euro;<\/span><\/bdi><\/span><\/span>\n<\/a><a href=\"https:\/\/www.galerie-obrist.de\/en\/produkt\/hanna-roeckle-fluorit-green-rose\/\" class=\"button product_type_simple\">Details<\/a>\t<span id=\"woocommerce_loop_add_to_cart_link_describedby_19118\" class=\"screen-reader-text\">\n\t\t\t<\/span>\n<\/li>\n<\/ul>\n<\/div>\n<p>Hanna Roeckle\u2019s works take a both figurative<br \/>\nand literal stand between painting and<br \/>\nsculpture. Instead, the work is based on spatial<br \/>\nstructures and serial systems whose<br \/>\nconstructive clarity enters into a polyphonic<br \/>\ndialogue with the sensual flow of the artist\u2019s<br \/>\ncolor combinations. Art and research are<br \/>\ninseparable in this oeuvre, which incorporates<br \/>\na wide range of findings drawn from geometry<br \/>\nand physics, systems theory, history, design,<br \/>\nand architecture.<br \/>\nWith their lacquered, mirror-like fibreglass<br \/>\ncomposite surfaces, the sculptures put on a<br \/>\nsumptuous display in shining blue, purple,<br \/>\npink, copper, light green and golden hues that<br \/>\nchange with the light reaching them. At the<br \/>\nsame time, the sculptures also pick up colours<br \/>\nfrom their surroundings. The effects produced<br \/>\nby these shimmering colours are ultimately<br \/>\nrealized in the eye of the beholder. This phenomenon causes the sculptures to transcend their<br \/>\nown materiality. But with their clearly defined form, then again, they also refer to themselves.<br \/>\nThis effect is created by using dichroic lacquer in hues especially developed and mixed for Hanna<br \/>\nRoeckle\u2019s works according to her specifications.<br \/>\nRoeckle\u2019s oeuvre occupies a distinctive and unconventional position in this dynamic space. Armed<br \/>\nwith the rigour of a stringent concept, Roeckle has proceeded from formal working hypotheses<br \/>\ncoming from a minimalist background and created a body of work in recent decades that is finely<br \/>\nbalanced between these art history constants and variables generated by current realities.<\/p>\n<p>Born in Vaduz, lives and works in Zurich<br \/>\n2007 Fellowship of the Landis &#038; Gyr Cultural Foundation, studio in Berlin<\/p>\n<p><strong>Solo Exhibitions<\/strong> (selection)<br \/>\n2025 Galerie am Lindenplatz Vaduz (mit Romeo Vendrame)<br \/>\nKunstmuseum Liechtenstein, Silber steht dir- 25 Jahre Jubil\u00e4um<br \/>\nBotschaft des F\u00fcrstentum Liechtenstein in Bern,<br \/>\n2024 Galerie H-art Beat (mit Romeo Vendrame), Tokyo J<br \/>\nBEGE Galerien, solo show Skulpturenplatz art KARLSRUHE, D<br \/>\n2023 bechter kastowsky galerie, Wien, AT<br \/>\nGalerie Fabian &#038; Claude Walter, Z\u00fcrich<br \/>\nBEGE Galerien, Ulm, D<br \/>\n2022 Skulpturen im Park Galerie Fabian &#038; Claude Walter, Z\u00fcrich<br \/>\n2021 Galerie La Ligne, Z\u00fcrich<br \/>\nGalerie Mariette Haas, Ingolstadt, D<br \/>\n2020 Bechter Kastowsky Galerie, Wien, A<br \/>\n2019 BEGE Galerien, Ulm, D<br \/>\n2018 Galerie am Lindenplatz, Vaduz<br \/>\n2017 Galerie La Ligne, Z\u00fcrich<br \/>\n2014 Haus f\u00fcr Kunst Uri, Altdorf<br \/>\n2010 Kunsthalle Ziegelh\u00fctte, Kunstmuseum Appenzell<br \/>\n2009 Galerie Alte Schule, Berlin, D<br \/>\n2005 Kunsthalle Weimar, D<br \/>\nMuseum f\u00fcr Konkrete Kunst, Ingolstadt, D<br \/>\n2003 Kunstraum Engl\u00e4nderbau, Vaduz<br \/>\nGroup Exhibitions (selection)<br \/>\n2025 Galerie am Lindenplatz Vaduz<br \/>\nart geneve multipleart<br \/>\nGalerie Wagner Visible Invisible, Paris F,<br \/>\nRadial Art Contemporain, Strasbourg F<br \/>\n2024 KOGEI Art Fair Kanazawa, H-art Beat Gallery, J<br \/>\nGalerie Mariette Haas, Ingolstadt, D<br \/>\nJeux optiques, Galerie Wagner, Paris und Le Touquet, F<br \/>\nG\u00e9n\u00e9rations intuitives, Maison Henri Poincar\u00e9 und Galerie Wagner, Paris, F<\/p>\n<p><strong>Acquisitions 2022\/2023<\/strong> \u2013 die Sammlung der Mobiliar Gesellschaft, Bern<br \/>\nartgen\u00e8ve, Palexpo, Edition multipleart, Genf<br \/>\nart KARLSRUHE BEGE Galerien, Messe f\u00fcr Klassische Moderne und Gegenwartskunst, D<br \/>\nSTAGE Bregenz, bechter kastowksy, Kunstmesse, Bregenz, AT<br \/>\nMaison Henri Poincar\u00e9 Paris, in Zusammenarbeit mit der Galerie Wagner, Paris, F<br \/>\n2023 Art Fair Tokyo, Galerie H-art Beat, Tokyo, J<br \/>\nForm \u2013 Farbe \u2013 Fl\u00e4che, Kunstraum Engl\u00e4nderbau, Vaduz<br \/>\nMouvement et Lumi\u00e8re, Fondation Villa Datris, F<br \/>\n2022 \u2013 23 LIBERALITAS, Galerie Wagner, Paris<br \/>\nCollecting : Revisited \u00abder welt viel tiefe welten\u00bb Kunstmuseum Appenzell, Appenzell<br \/>\n2021 Kunstmuseum Liechtenstein, Sammlung der VP Bank Kunststiftung, LI<br \/>\n2020 Multitude \u2013 Singularit\u00e9s, Centre d\u2018Art Contemporain Frank Popper, F<br \/>\n2019 Lichtenstein in Bern, altes Tramdepot Burgenziel, Bern \/ Bern<br \/>\n2018 Kunsthalle Ziegelh\u00fctte, Appenzell<br \/>\n8. Skulpturen-Triennale Bad RagARTz, Bad Ragaz<br \/>\n2017 G\u00f6ttlich Golden Genial, Museum f\u00fcr Kommunikation, Frankfurt, D<br \/>\nDonation Renate Trettin, Centre d\u2018Art Contemporain Frank Popper, F<br \/>\n2016 G\u00f6ttlich Golden Genial, Museum f\u00fcr Kommunikation, Berlin, D<br \/>\nKunstraum Otten, Hohenems, A<br \/>\n2015 Heimspiel, Kunstmuseum St. Gallen \/ St. Gall<br \/>\nWorks in Public Spaces (selection)<br \/>\n2022 GrafenArt, Art in Landscape, Grafenort Engelberg<br \/>\n2018 Schweizerische Mobiliar, Nyon<br \/>\n2016 ICC, International Criminal Court, Den Haag, NL<br \/>\nSkulpturenpark Stein Egerta \/ Kunstmuseum Liechtenstein<br \/>\n2011 Kanton Z\u00fcrich, Obergericht \/ High court Affoltern a. A.<br \/>\n2008 \/ 09 Dorfzentrum \/ Village center Schaan, 1. Preis \/ 1st Prize, Dorfplatz und Wandmalerei in der<br \/>\nTiefgarage \/ Village square and mural in an underground garage<br \/>\n2006\u20132009 Liechtensteinisches Landesarchiv\/ Liechtenstein National Archives<\/p>\n<p><strong>Public Collections<\/strong> (selection)<br \/>\nCollection Fondation Villa Datris, Paris, F; Kunstsammlung Schweizerische Nationalbank SNB;<br \/>\nKunstsammlung Kantonalbank Z\u00fcrich \/ Zurich; Kunstsammlung der Mobiliar, Bern; Sammlung Roche,<br \/>\nBasel; ICC, International Criminal Court, Den Haag, NL; Sammlung Kunstmuseum Appenzell; Sammlung<br \/>\nKunstmuseum Liechtenstein, Vaduz, LI; Sammlung des Kantons Z\u00fcrich \/ Zurich; Sammlung des Kantons St.<br \/>\nGallen \/ St. Gall; Kulturstiftung Liechtenstein, Vaduz; Sammlung des Kantons Thurgau; Hilti art foundation,<br \/>\nSchaan, LI; Kunstsammlung Nationale Suisse Basel; Sammlung Siemens Schweiz, Z\u00fcrich \/ Zurich; VP Bank<br \/>\nKunststiftung Vaduz und Z\u00fcrich, Fondation Villa Datris, Paris F<\/p>\n<p><strong>Publikationen<\/strong> (selection)<br \/>\n2023 Mouvement et Lumi\u00e8res #2, Ausstellungskatalog, Fondation Villa Datris, Paris, F<br \/>\nTRANSFORMATIONEN, Werke aus der Sammlung der Schweiz. Mobiliar, Museum Franz Gertsch,<br \/>\nBurgdorf<br \/>\n2022 Kunst-Sammlung, Revisited \u201eder welt viel tiefe welten\u201c Kunstmuseum Appenzell<br \/>\nART Work 25 Jahre VP Bank Kunststiftung<br \/>\n2021 Hanna Roeckle, Configurations in Flow, Works 2017-2021<br \/>\n2018 Kunstmuseum Liechtenstein \/ Skulpturengarten Stein Egerta, Schaan<br \/>\n2017 Hanna Roeckle, Configurations in Flow, Works 2014-2017<br \/>\n2014 Hanna Roeckle, Configurations in Flow, Works 2005-2014, Hatje Cantz Verlag<br \/>\n2010 Hanna Roeckle \u2013 Quick Bird. Gestaltung Dorfplatz und Tiefgarage, Gemeinde Schaan, Verlag Van Eck<br \/>\nMiriam Prantl \/ Hanna Roeckle Farbe. Zwei Rauminstallationen, hrsg. von Roland Scotti im Auftrag<br \/>\nder Stiftung Liner Appenzell, Ausst. Kat. Kunsthalle Ziegelh\u00fctte, Verlag Steidl, G\u00f6ttingen<br \/>\n2005 Hanna Roeckle \u2013 Neue Werke. Xoana und Okulare; Malerei, Raum, Licht, Ausst. Kat. Museum f\u00fcr<br \/>\nKonkrete Kunst, Ingolstadt<br \/>\n2003 Fluidum und Zwischenraum: Bilder, Objekte, Rauminstallation 1997-2002. Hanna Roeckle, Verlag<br \/>\nWalther K\u00f6nig, K\u00f6ln<\/p>\n","protected":false},"excerpt":{"rendered":"<p>ARTWORKS Hanna Roeckle\u2019s works take a both figurative and literal stand between painting and sculpture. Instead, the work is based on spatial structures and serial systems whose constructive clarity enters into a polyphonic dialogue with the sensual flow of the artist\u2019s color combinations. Art and research are inseparable in this oeuvre, which incorporates a wide &hellip; <\/p>\n<p class=\"link-more\"><a href=\"https:\/\/www.galerie-obrist.de\/en\/artists\/roeckle\/\" class=\"more-link\">Read more<span class=\"screen-reader-text\"> &#8220;Hanna Roeckle&#8221;<\/span><\/a><\/p>\n","protected":false},"author":2,"featured_media":19084,"parent":1127,"menu_order":0,"comment_status":"closed","ping_status":"closed","template":"","meta":{"ngg_post_thumbnail":0,"footnotes":""},"class_list":["post-19083","page","type-page","status-publish","has-post-thumbnail","hentry"],"translation":{"provider":"WPGlobus","version":"3.0.1","language":"en","enabled_languages":["de","en"],"languages":{"de":{"title":true,"content":true,"excerpt":false},"en":{"title":false,"content":true,"excerpt":false}}},"_links":{"self":[{"href":"https:\/\/www.galerie-obrist.de\/en\/wp-json\/wp\/v2\/pages\/19083","targetHints":{"allow":["GET"]}}],"collection":[{"href":"https:\/\/www.galerie-obrist.de\/en\/wp-json\/wp\/v2\/pages"}],"about":[{"href":"https:\/\/www.galerie-obrist.de\/en\/wp-json\/wp\/v2\/types\/page"}],"author":[{"embeddable":true,"href":"https:\/\/www.galerie-obrist.de\/en\/wp-json\/wp\/v2\/users\/2"}],"replies":[{"embeddable":true,"href":"https:\/\/www.galerie-obrist.de\/en\/wp-json\/wp\/v2\/comments?post=19083"}],"version-history":[{"count":5,"href":"https:\/\/www.galerie-obrist.de\/en\/wp-json\/wp\/v2\/pages\/19083\/revisions"}],"predecessor-version":[{"id":19220,"href":"https:\/\/www.galerie-obrist.de\/en\/wp-json\/wp\/v2\/pages\/19083\/revisions\/19220"}],"up":[{"embeddable":true,"href":"https:\/\/www.galerie-obrist.de\/en\/wp-json\/wp\/v2\/pages\/1127"}],"wp:featuredmedia":[{"embeddable":true,"href":"https:\/\/www.galerie-obrist.de\/en\/wp-json\/wp\/v2\/media\/19084"}],"wp:attachment":[{"href":"https:\/\/www.galerie-obrist.de\/en\/wp-json\/wp\/v2\/media?parent=19083"}],"curies":[{"name":"wp","href":"https:\/\/api.w.org\/{rel}","templated":true}]}}