{"id":14721,"date":"2024-04-20T14:01:43","date_gmt":"2024-04-20T12:01:43","guid":{"rendered":"https:\/\/www.galerie-obrist.de\/wordpress\/?page_id=14721"},"modified":"2024-04-20T14:01:43","modified_gmt":"2024-04-20T12:01:43","slug":"sauermann","status":"publish","type":"page","link":"https:\/\/www.galerie-obrist.de\/en\/artists\/sauermann\/","title":{"rendered":"Annette Sauermann"},"content":{"rendered":"<p><b>WORKS<\/b><\/p>\n<div class=\"woocommerce columns-4 \"><div class=\"woocommerce-notices-wrapper\"><\/div><p class=\"woocommerce-result-count\" role=\"alert\" aria-relevant=\"all\" >\n\tShowing 1&ndash;8 of 24 results<\/p>\n<form class=\"woocommerce-ordering\" method=\"get\">\n\t\t<select\n\t\tname=\"orderby\"\n\t\tclass=\"orderby\"\n\t\t\t\t\taria-label=\"Shop order\"\n\t\t\t>\n\t\t\t\t\t<option value=\"menu_order\"  selected='selected'>Default sorting<\/option>\n\t\t\t\t\t<option value=\"popularity\" >Sort by popularity<\/option>\n\t\t\t\t\t<option value=\"date\" >Sort by latest<\/option>\n\t\t\t\t\t<option value=\"price\" >Sort by price: low to high<\/option>\n\t\t\t\t\t<option value=\"price-desc\" >Sort by price: high to low<\/option>\n\t\t\t<\/select>\n\t<input type=\"hidden\" name=\"paged\" value=\"1\" \/>\n\t<\/form>\n<ul class=\"products columns-4\">\n<li class=\"product type-product post-19820 status-publish first instock product_cat-art-karlsruhe-2026 product_cat-malerei product_cat-callforprice product_tag-annette-sauermann product_tag-callforprice has-post-thumbnail taxable shipping-taxable product-type-simple\">\n\t<a href=\"https:\/\/www.galerie-obrist.de\/en\/produkt\/annette-sauermann-light-transformer-9-2-squares\/\" class=\"woocommerce-LoopProduct-link woocommerce-loop-product__link\"><img decoding=\"async\" width=\"300\" height=\"300\" data-src=\"https:\/\/www.galerie-obrist.de\/wordpress\/wp-content\/uploads\/2026\/01\/Lighttransformer-9-A_2-Squares_-Kopie-scaled-300x300.jpg\" class=\"attachment-woocommerce_thumbnail size-woocommerce_thumbnail lazyload\" alt=\"Annette Sauermann: LIGHT TRANSFORMER 9 - 2 squares\" data-srcset=\"https:\/\/www.galerie-obrist.de\/wordpress\/wp-content\/uploads\/2026\/01\/Lighttransformer-9-A_2-Squares_-Kopie-scaled-300x300.jpg 300w, https:\/\/www.galerie-obrist.de\/wordpress\/wp-content\/uploads\/2026\/01\/Lighttransformer-9-A_2-Squares_-Kopie-150x150.jpg 150w, https:\/\/www.galerie-obrist.de\/wordpress\/wp-content\/uploads\/2026\/01\/Lighttransformer-9-A_2-Squares_-Kopie-scaled-100x100.jpg 100w\" data-sizes=\"100vw\" src=\"data:image\/svg+xml;base64,PHN2ZyB3aWR0aD0iMSIgaGVpZ2h0PSIxIiB4bWxucz0iaHR0cDovL3d3dy53My5vcmcvMjAwMC9zdmciPjwvc3ZnPg==\" style=\"--smush-placeholder-width: 300px; --smush-placeholder-aspect-ratio: 300\/300;\" \/><h2 class=\"woocommerce-loop-product__title\">Annette Sauermann: LIGHT TRANSFORMER 9 &#8211; 2 squares<\/h2>\n\t<span class=\"price\"><div><a href=\"#colophon\">Login to see price<\/a><\/div><\/span>\n<\/a><a href=\"https:\/\/www.galerie-obrist.de\/en\/produkt\/annette-sauermann-light-transformer-9-2-squares\/\" class=\"button product_type_simple\">Details<\/a>\t<span id=\"woocommerce_loop_add_to_cart_link_describedby_19820\" class=\"screen-reader-text\">\n\t\t\t<\/span>\n<\/li>\n<li class=\"product type-product post-19010 status-publish instock product_cat-malerei product_cat-callforprice product_cat-lichtimpuls product_cat-plastik product_tag-annette-sauermann product_tag-callforprice has-post-thumbnail taxable shipping-taxable product-type-simple\">\n\t<a href=\"https:\/\/www.galerie-obrist.de\/en\/produkt\/annette-sauermann-beton-wandrelief-ot\/\" class=\"woocommerce-LoopProduct-link woocommerce-loop-product__link\"><img decoding=\"async\" width=\"300\" height=\"300\" data-src=\"https:\/\/www.galerie-obrist.de\/wordpress\/wp-content\/uploads\/2025\/09\/IMG_1908-scaled-300x300.jpeg\" class=\"attachment-woocommerce_thumbnail size-woocommerce_thumbnail lazyload\" alt=\"Annette Sauermann: Wandrelief o.T.\" data-srcset=\"https:\/\/www.galerie-obrist.de\/wordpress\/wp-content\/uploads\/2025\/09\/IMG_1908-scaled-300x300.jpeg 300w, https:\/\/www.galerie-obrist.de\/wordpress\/wp-content\/uploads\/2025\/09\/IMG_1908-150x150.jpeg 150w, https:\/\/www.galerie-obrist.de\/wordpress\/wp-content\/uploads\/2025\/09\/IMG_1908-scaled-100x100.jpeg 100w\" data-sizes=\"100vw\" src=\"data:image\/svg+xml;base64,PHN2ZyB3aWR0aD0iMSIgaGVpZ2h0PSIxIiB4bWxucz0iaHR0cDovL3d3dy53My5vcmcvMjAwMC9zdmciPjwvc3ZnPg==\" style=\"--smush-placeholder-width: 300px; --smush-placeholder-aspect-ratio: 300\/300;\" \/><h2 class=\"woocommerce-loop-product__title\">Annette Sauermann: Wandrelief o.T.<\/h2>\n\t<span class=\"price\"><div><a href=\"#colophon\">Login to see price<\/a><\/div><\/span>\n<\/a><a href=\"https:\/\/www.galerie-obrist.de\/en\/produkt\/annette-sauermann-beton-wandrelief-ot\/\" class=\"button product_type_simple\">Details<\/a>\t<span id=\"woocommerce_loop_add_to_cart_link_describedby_19010\" class=\"screen-reader-text\">\n\t\t\t<\/span>\n<\/li>\n<li class=\"product type-product post-19005 status-publish instock product_cat-malerei product_cat-callforprice product_cat-lichtimpuls product_cat-plastik product_cat-vip-lounge product_tag-annette-sauermann product_tag-callforprice has-post-thumbnail taxable shipping-taxable product-type-simple\">\n\t<a href=\"https:\/\/www.galerie-obrist.de\/en\/produkt\/annette-sauermann-light-transporter\/\" class=\"woocommerce-LoopProduct-link woocommerce-loop-product__link\"><img decoding=\"async\" width=\"300\" height=\"300\" data-src=\"https:\/\/www.galerie-obrist.de\/wordpress\/wp-content\/uploads\/2025\/09\/Lichttransport_IMG_1714-scaled-300x300.jpg\" class=\"attachment-woocommerce_thumbnail size-woocommerce_thumbnail lazyload\" alt=\"Annette Sauermann: LICHTTRANSFORMER, Lichttransport\" data-srcset=\"https:\/\/www.galerie-obrist.de\/wordpress\/wp-content\/uploads\/2025\/09\/Lichttransport_IMG_1714-scaled-300x300.jpg 300w, https:\/\/www.galerie-obrist.de\/wordpress\/wp-content\/uploads\/2025\/09\/Lichttransport_IMG_1714-150x150.jpg 150w, https:\/\/www.galerie-obrist.de\/wordpress\/wp-content\/uploads\/2025\/09\/Lichttransport_IMG_1714-scaled-100x100.jpg 100w\" data-sizes=\"100vw\" src=\"data:image\/svg+xml;base64,PHN2ZyB3aWR0aD0iMSIgaGVpZ2h0PSIxIiB4bWxucz0iaHR0cDovL3d3dy53My5vcmcvMjAwMC9zdmciPjwvc3ZnPg==\" style=\"--smush-placeholder-width: 300px; --smush-placeholder-aspect-ratio: 300\/300;\" \/><h2 class=\"woocommerce-loop-product__title\">Annette Sauermann: LICHTTRANSFORMER, Lichttransport<\/h2>\n\t<span class=\"price\"><div><a href=\"#colophon\">Login to see price<\/a><\/div><\/span>\n<\/a><a href=\"https:\/\/www.galerie-obrist.de\/en\/produkt\/annette-sauermann-light-transporter\/\" class=\"button product_type_simple\">Details<\/a>\t<span id=\"woocommerce_loop_add_to_cart_link_describedby_19005\" class=\"screen-reader-text\">\n\t\t\t<\/span>\n<\/li>\n<li class=\"product type-product post-19003 status-publish last instock product_cat-malerei product_cat-callforprice product_cat-lichtimpuls product_cat-plastik product_tag-annette-sauermann product_tag-callforprice has-post-thumbnail taxable shipping-taxable product-type-simple\">\n\t<a href=\"https:\/\/www.galerie-obrist.de\/en\/produkt\/annette-sauermann-light-transformer-5-gelb\/\" class=\"woocommerce-LoopProduct-link woocommerce-loop-product__link\"><img decoding=\"async\" width=\"300\" height=\"300\" data-src=\"https:\/\/www.galerie-obrist.de\/wordpress\/wp-content\/uploads\/2025\/09\/IMG_4574-scaled-300x300.jpg\" class=\"attachment-woocommerce_thumbnail size-woocommerce_thumbnail lazyload\" alt=\"Annette Sauermann: LIGHT TRANSFORMER 5 (gelb)\" data-srcset=\"https:\/\/www.galerie-obrist.de\/wordpress\/wp-content\/uploads\/2025\/09\/IMG_4574-scaled-300x300.jpg 300w, https:\/\/www.galerie-obrist.de\/wordpress\/wp-content\/uploads\/2025\/09\/IMG_4574-150x150.jpg 150w, https:\/\/www.galerie-obrist.de\/wordpress\/wp-content\/uploads\/2025\/09\/IMG_4574-scaled-100x100.jpg 100w\" data-sizes=\"100vw\" src=\"data:image\/svg+xml;base64,PHN2ZyB3aWR0aD0iMSIgaGVpZ2h0PSIxIiB4bWxucz0iaHR0cDovL3d3dy53My5vcmcvMjAwMC9zdmciPjwvc3ZnPg==\" style=\"--smush-placeholder-width: 300px; --smush-placeholder-aspect-ratio: 300\/300;\" \/><h2 class=\"woocommerce-loop-product__title\">Annette Sauermann: LIGHT TRANSFORMER 5 (gelb)<\/h2>\n\t<span class=\"price\"><div><a href=\"#colophon\">Login to see price<\/a><\/div><\/span>\n<\/a><a href=\"https:\/\/www.galerie-obrist.de\/en\/produkt\/annette-sauermann-light-transformer-5-gelb\/\" class=\"button product_type_simple\">Details<\/a>\t<span id=\"woocommerce_loop_add_to_cart_link_describedby_19003\" class=\"screen-reader-text\">\n\t\t\t<\/span>\n<\/li>\n<li class=\"product type-product post-19001 status-publish first instock product_cat-art-karlsruhe-2026 product_cat-malerei product_cat-callforprice product_cat-lichtimpuls product_cat-plastik product_tag-annette-sauermann product_tag-callforprice has-post-thumbnail taxable shipping-taxable product-type-simple\">\n\t<a href=\"https:\/\/www.galerie-obrist.de\/en\/produkt\/annette-sauermann-light-transformer-8-3-squares-red\/\" class=\"woocommerce-LoopProduct-link woocommerce-loop-product__link\"><img decoding=\"async\" width=\"300\" height=\"300\" data-src=\"https:\/\/www.galerie-obrist.de\/wordpress\/wp-content\/uploads\/2025\/09\/IMG_4572-scaled-300x300.jpg\" class=\"attachment-woocommerce_thumbnail size-woocommerce_thumbnail lazyload\" alt=\"Annette Sauermann: LIGHT TRANSFORMER 8, 3 SQUARES\" data-srcset=\"https:\/\/www.galerie-obrist.de\/wordpress\/wp-content\/uploads\/2025\/09\/IMG_4572-scaled-300x300.jpg 300w, https:\/\/www.galerie-obrist.de\/wordpress\/wp-content\/uploads\/2025\/09\/IMG_4572-150x150.jpg 150w, https:\/\/www.galerie-obrist.de\/wordpress\/wp-content\/uploads\/2025\/09\/IMG_4572-scaled-100x100.jpg 100w\" data-sizes=\"100vw\" src=\"data:image\/svg+xml;base64,PHN2ZyB3aWR0aD0iMSIgaGVpZ2h0PSIxIiB4bWxucz0iaHR0cDovL3d3dy53My5vcmcvMjAwMC9zdmciPjwvc3ZnPg==\" style=\"--smush-placeholder-width: 300px; --smush-placeholder-aspect-ratio: 300\/300;\" \/><h2 class=\"woocommerce-loop-product__title\">Annette Sauermann: LIGHT TRANSFORMER 8, 3 SQUARES<\/h2>\n\t<span class=\"price\"><div><a href=\"#colophon\">Login to see price<\/a><\/div><\/span>\n<\/a><a href=\"https:\/\/www.galerie-obrist.de\/en\/produkt\/annette-sauermann-light-transformer-8-3-squares-red\/\" class=\"button product_type_simple\">Details<\/a>\t<span id=\"woocommerce_loop_add_to_cart_link_describedby_19001\" class=\"screen-reader-text\">\n\t\t\t<\/span>\n<\/li>\n<li class=\"product type-product post-18998 status-publish outofstock product_cat-art-karlsruhe-2026 product_cat-malerei product_cat-callforprice product_cat-lichtimpuls product_tag-annette-sauermann product_tag-callforprice has-post-thumbnail taxable shipping-taxable product-type-simple\">\n\t<a href=\"https:\/\/www.galerie-obrist.de\/en\/produkt\/annette-sauermann-light-transformer-1a\/\" class=\"woocommerce-LoopProduct-link woocommerce-loop-product__link\"><img decoding=\"async\" width=\"300\" height=\"300\" data-src=\"https:\/\/www.galerie-obrist.de\/wordpress\/wp-content\/uploads\/2025\/09\/IMG_4570-scaled-300x300.jpg\" class=\"attachment-woocommerce_thumbnail size-woocommerce_thumbnail lazyload\" alt=\"Annette Sauermann: LIGHT TRANSFORMER 1A, Kreis + Quadrat\" data-srcset=\"https:\/\/www.galerie-obrist.de\/wordpress\/wp-content\/uploads\/2025\/09\/IMG_4570-scaled-300x300.jpg 300w, https:\/\/www.galerie-obrist.de\/wordpress\/wp-content\/uploads\/2025\/09\/IMG_4570-150x150.jpg 150w, https:\/\/www.galerie-obrist.de\/wordpress\/wp-content\/uploads\/2025\/09\/IMG_4570-scaled-100x100.jpg 100w\" data-sizes=\"100vw\" src=\"data:image\/svg+xml;base64,PHN2ZyB3aWR0aD0iMSIgaGVpZ2h0PSIxIiB4bWxucz0iaHR0cDovL3d3dy53My5vcmcvMjAwMC9zdmciPjwvc3ZnPg==\" style=\"--smush-placeholder-width: 300px; --smush-placeholder-aspect-ratio: 300\/300;\" \/>\t<span class=\"wcosm_soldout\">NICHT MEHR VERF\u00dcGBAR!<\/span>\t<style> .woocommerce .product span.wcosm_soldout{background-color: #56c997; color:#fdfdfd; position: absolute;z-index: 999;padding: 5px 10px;border-radius:2px; right: -5px;top: -5px;width:fit-content; }<\/style>\r\n\t<h2 class=\"woocommerce-loop-product__title\">Annette Sauermann: LIGHT TRANSFORMER 1A, Kreis + Quadrat<\/h2>\n\t<span class=\"price\"><div><a href=\"#colophon\">Login to see price<\/a><\/div><\/span>\n<\/a><a href=\"https:\/\/www.galerie-obrist.de\/en\/produkt\/annette-sauermann-light-transformer-1a\/\" class=\"button product_type_simple\">Details<\/a>\t<span id=\"woocommerce_loop_add_to_cart_link_describedby_18998\" class=\"screen-reader-text\">\n\t\t\t<\/span>\n<\/li>\n<li class=\"product type-product post-17635 status-publish instock product_cat-art-karlsruhe-2025 product_cat-malerei product_cat-callforprice product_cat-plastik product_tag-annette-sauermann product_tag-callforprice has-post-thumbnail taxable shipping-taxable product-type-simple\">\n\t<a href=\"https:\/\/www.galerie-obrist.de\/en\/produkt\/annette-sauermann-light-transformer-5-2-squares-orange\/\" class=\"woocommerce-LoopProduct-link woocommerce-loop-product__link\"><img decoding=\"async\" width=\"300\" height=\"300\" data-src=\"https:\/\/www.galerie-obrist.de\/wordpress\/wp-content\/uploads\/2025\/02\/Bildschirmfoto-2025-02-14-um-17.51.29-300x300.png\" class=\"attachment-woocommerce_thumbnail size-woocommerce_thumbnail lazyload\" alt=\"Annette Sauermann: LIGHT TRANSFORMER 5 (orange)\" data-srcset=\"https:\/\/www.galerie-obrist.de\/wordpress\/wp-content\/uploads\/2025\/02\/Bildschirmfoto-2025-02-14-um-17.51.29-300x300.png 300w, https:\/\/www.galerie-obrist.de\/wordpress\/wp-content\/uploads\/2025\/02\/Bildschirmfoto-2025-02-14-um-17.51.29-299x300.png 299w, https:\/\/www.galerie-obrist.de\/wordpress\/wp-content\/uploads\/2025\/02\/Bildschirmfoto-2025-02-14-um-17.51.29-1022x1024.png 1022w, https:\/\/www.galerie-obrist.de\/wordpress\/wp-content\/uploads\/2025\/02\/Bildschirmfoto-2025-02-14-um-17.51.29-150x150.png 150w, https:\/\/www.galerie-obrist.de\/wordpress\/wp-content\/uploads\/2025\/02\/Bildschirmfoto-2025-02-14-um-17.51.29-600x601.png 600w, https:\/\/www.galerie-obrist.de\/wordpress\/wp-content\/uploads\/2025\/02\/Bildschirmfoto-2025-02-14-um-17.51.29-100x100.png 100w, https:\/\/www.galerie-obrist.de\/wordpress\/wp-content\/uploads\/2025\/02\/Bildschirmfoto-2025-02-14-um-17.51.29.png 1122w\" data-sizes=\"100vw\" src=\"data:image\/svg+xml;base64,PHN2ZyB3aWR0aD0iMSIgaGVpZ2h0PSIxIiB4bWxucz0iaHR0cDovL3d3dy53My5vcmcvMjAwMC9zdmciPjwvc3ZnPg==\" style=\"--smush-placeholder-width: 300px; --smush-placeholder-aspect-ratio: 300\/300;\" \/><h2 class=\"woocommerce-loop-product__title\">Annette Sauermann: LIGHT TRANSFORMER 5 (orange)<\/h2>\n\t<span class=\"price\"><div><a href=\"#colophon\">Login to see price<\/a><\/div><\/span>\n<\/a><a href=\"https:\/\/www.galerie-obrist.de\/en\/produkt\/annette-sauermann-light-transformer-5-2-squares-orange\/\" class=\"button product_type_simple\">Details<\/a>\t<span id=\"woocommerce_loop_add_to_cart_link_describedby_17635\" class=\"screen-reader-text\">\n\t\t\t<\/span>\n<\/li>\n<li class=\"product type-product post-17639 status-publish last instock product_cat-art-karlsruhe-2025 product_cat-malerei product_cat-plastik product_tag-annette-sauermann product_tag-concrete has-post-thumbnail taxable shipping-taxable purchasable product-type-simple\">\n\t<a href=\"https:\/\/www.galerie-obrist.de\/en\/produkt\/annette-sauermann-wandrelief-o-t\/\" class=\"woocommerce-LoopProduct-link woocommerce-loop-product__link\"><img decoding=\"async\" width=\"300\" height=\"300\" data-src=\"https:\/\/www.galerie-obrist.de\/wordpress\/wp-content\/uploads\/2025\/02\/Bildschirmfoto-2025-02-14-um-18.19.07-300x300.png\" class=\"attachment-woocommerce_thumbnail size-woocommerce_thumbnail lazyload\" alt=\"Annette Sauermann: Wandrelief o.T.\" data-srcset=\"https:\/\/www.galerie-obrist.de\/wordpress\/wp-content\/uploads\/2025\/02\/Bildschirmfoto-2025-02-14-um-18.19.07-300x300.png 300w, https:\/\/www.galerie-obrist.de\/wordpress\/wp-content\/uploads\/2025\/02\/Bildschirmfoto-2025-02-14-um-18.19.07-150x150.png 150w, https:\/\/www.galerie-obrist.de\/wordpress\/wp-content\/uploads\/2025\/02\/Bildschirmfoto-2025-02-14-um-18.19.07-100x100.png 100w\" data-sizes=\"100vw\" src=\"data:image\/svg+xml;base64,PHN2ZyB3aWR0aD0iMSIgaGVpZ2h0PSIxIiB4bWxucz0iaHR0cDovL3d3dy53My5vcmcvMjAwMC9zdmciPjwvc3ZnPg==\" style=\"--smush-placeholder-width: 300px; --smush-placeholder-aspect-ratio: 300\/300;\" \/><h2 class=\"woocommerce-loop-product__title\">Annette Sauermann: Wandrelief o.T.<\/h2>\n\t<span class=\"price\"><span class=\"woocommerce-Price-amount amount\"><bdi>4.800,00&nbsp;<span class=\"woocommerce-Price-currencySymbol\">&euro;<\/span><\/bdi><\/span><\/span>\n<\/a><a href=\"https:\/\/www.galerie-obrist.de\/en\/produkt\/annette-sauermann-wandrelief-o-t\/\" class=\"button product_type_simple\">Details<\/a>\t<span id=\"woocommerce_loop_add_to_cart_link_describedby_17639\" class=\"screen-reader-text\">\n\t\t\t<\/span>\n<\/li>\n<\/ul>\n<nav class=\"woocommerce-pagination\" aria-label=\"Product Pagination\">\n\t<ul class='page-numbers'>\n\t<li><span aria-label=\"Page 1\" aria-current=\"page\" class=\"page-numbers current\">1<\/span><\/li>\n\t<li><a aria-label=\"Page 2\" class=\"page-numbers\" href=\"\/en\/wp-json\/wp\/v2\/pages\/14721?product-page=2\">2<\/a><\/li>\n\t<li><a aria-label=\"Page 3\" class=\"page-numbers\" href=\"\/en\/wp-json\/wp\/v2\/pages\/14721?product-page=3\">3<\/a><\/li>\n\t<li><a class=\"next page-numbers\" href=\"\/en\/wp-json\/wp\/v2\/pages\/14721?product-page=2\">&rarr;<\/a><\/li>\n<\/ul>\n<\/nav>\n<\/div>\n<p>EXHIBITIONS<br \/>\n<!-- Page-list plugin v.5.9 wordpress.org\/plugins\/page-list\/ -->\n<!-- no pages to show --><\/p>\n<p><b>BIOGRAPHY<\/b><br \/>\nAnnette Sauermann<br \/>\nBorn in Essen in 1957<br \/>\n1979-1987 studied visual communication at the FH Aachen<br \/>\nLives and works in Aachen, Germany<\/p>\n<p>INDIVIDUAL EXHIBITIONS (selection)<\/p>\n<p>2016 Galerie Linde Hollinger, Ladenburg (with Dieter Balzer)<br \/>\n2013 Gallery ARTFORUM, Antwerp<br \/>\nGallery Fochem, Krefeld<br \/>\n2011 \u201cLight installation Rosenhof\u201d, Galerie Linde Hollinger, Ladenburg<br \/>\n&#8220;Elements II&#8221;, Macedonian Museum of Contemporary Art, Thessaloniki (GR) (together with Madeleine Dietz)<br \/>\n2010 \u201cMOVED BY LIGHT\u201d, LVR-LandesMuseum, Bonn<br \/>\n&#8220;Elements I&#8221;, Costas Grimaldis Gallery, Baltimore, USA (together with Madeleine Dietz)<br \/>\n2009 Galerie Claude Samuel, Paris, FR<br \/>\n2007 Gallery 59 Amsterdam \u2022 Gallery 32-34 Amsterdam<br \/>\n2006 Marburg Art Association<br \/>\n2005 Cultural Foundation Abu Dhabi \/ United Arab Emirates \u2022 Galerie Fochem Krefeld<br \/>\n2004 Galerie Graus Echt \u2022 Grimaldis Gallery Baltimore<br \/>\n2002 Kunstverein Friedrichshafen<br \/>\nAPC Gallery, Cologne<br \/>\n2001 Galerie Claude Samuel, Paris, F (with Pit Brussels)<br \/>\nArt Cologne, APC Gallery<br \/>\n2000 APC Gallery, Friborg, CH<br \/>\nChristian Fochem Gallery, Krefeld<br \/>\nAPC Gallery, Cologne<br \/>\n1999 Galerie Christian Fochem, Krefeld<br \/>\nBarbara Cramer Gallery, Bonn<br \/>\n1998 APC Gallery, Cologne<br \/>\n1997 Municipal Gallery, Schw\u00e4bisch-Hall<br \/>\nGalerie Claude Samuel, Paris, F (with Pit Brussels)<br \/>\n1996 Galerie Claude Samuel, Paris (with Jean Jacques Ostier)<br \/>\nChristian Fochem Gallery, Krefeld<br \/>\nApollohuis, Eindhoven<br \/>\n1995 Galerie Barbara Cramer, Bonn<br \/>\nVera Engelhorn Gallery, New York, USA<br \/>\n1994 Kulturforum Alte Post, Neuss (with Maria Buras)<br \/>\n1993 Kunstverein W\u00fcrzburg, installation in the hospital<br \/>\nKunstraum Fuhrwerkswaage, Cologne, installation within the exhibition series ART &#8211; SPACE &#8211; LIGHT &#8211; CONCEPTS<br \/>\nVera Engelhorn Gallery, New York, USA<br \/>\n1992 &#8220;3 phases&#8221;, wax factory Cologne, installation &#8220;2 Lichtkeile&#8221;<br \/>\nBarbara Cramer Gallery, Bonn<br \/>\n1990 Gallery 22. Antwerp (with Jupp lenses), installation &#8220;Lichtkeil geknickt&#8221;<\/p>\n<p>GROUP EXHIBITIONS (selection)<\/p>\n<p>2017 ART Karlsruhe \u2022 (with Galerie Linde Hollinger)<br \/>\nCostas Grimaldis Gallery \u2022 Baltimore<br \/>\nArt Lake Constance, Dornbirn (A) (with Gallery Linde Hollinger)<br \/>\nGallery Fochem \u2022 Krefeld<br \/>\n\u201cLight Spaces\u201d Museum Ritter \u2022 Waldenbuch<br \/>\n2016 Costas Grimaldis Gallery \u2022 Baltimore<br \/>\nCenter International du vitrail contemporain, Chartres (F)<br \/>\nArt Lake Constance, Dornbirn (A) (with Gallery Linde Hollinger)<br \/>\n2015 Galerie Linde Hollinger \u2022 Ladenburg<br \/>\nART Karlsruhe \u2022 (with Galerie Linde Hollinger)<br \/>\nCostas Grimaldis Gallery \u2022 Baltimore<br \/>\nART Miami \u2022 (with Costas Grimaldis Gallery)<br \/>\n2014 \u201cLight Games\u201d \u2022 Museum Biedermann, Donaueschingen<br \/>\nART Karlsruhe \u2022 (with Galerie Linde Hollinger)<br \/>\nPalm Springs Art Fair \u2022 (with Costas Grimaldis Gallery),Palm Springs CA<br \/>\n\u201cWhite Inspired\u201d \u2022 Galerie Linde Hollinger, Ladenburg<br \/>\n2013 Scope Art New York \u2022 (with Costas Grimaldis Gallery)<br \/>\nART Karlsruhe \u2022 (with Galerie Linde Hollinger)<br \/>\nGrimaldis Gallery Baltimore<br \/>\nSociety for Art and Design \u2022 Bonn<br \/>\n2012 Houston ART Fair Houston Texas \u2022 (with Costas Grimaldis Gallery)<br \/>\nScope New York \u2022 (with Costas Grimaldis Gallery)<br \/>\nArt Karlsruhe \u2022 (with Galerie Linde Holinger)<br \/>\n2011 ART.Fair Cologne \u2022 (with Galerie Bernd Lausberg)<br \/>\nArt Houston \u2022 (with Costas Grimaldis Gallery)<br \/>\n2010 ART Karlsruhe \u2022 (with Galerie Linde Hollinger)<br \/>\nART Miami \u2022 (with Costas Grimaldis Gallery)<br \/>\nKunstverein Marburg \u2022 ART Chicago (with Costas Grimaldis Gallery), Chicago USA \u2022 Galerie Claude Samuel, Paris, FR<br \/>\n2009 ART Palm Beach (with Costas Grimaldis Gallery), USA \u2022 Galerie Linde Hollinger \u2022 Ladenburg \u2022 ART Karlsruhe (with Galerie Linde Hollinger) \u2022 ART Miami (with Costas Grimaldis Gallery) Miami, USA<br \/>\n2008 Art Palm Beach Florida, USA (with Costas Grimaldis Gallery) RATIONALE II Women&#8217;s Museum Bonn \u2022 Sculpture Biennale Beerse, Belgium<br \/>\n2007 Washington Art Fair, with Costas Grimaldis Gallery \u2022 Sculpture in Vorgebirgspark, Cologne<br \/>\n2006 Grimaldis Gallery Baltimore, USA, Ludwig Forum Aachen, Stedelijk Museum Roermond, NL<br \/>\n2005 Grimaldis Gallery Baltimore \u2022 Light Art Prize L\u00fcdenscheid, St\u00e4dt. Gallery L\u00fcdenscheid<br \/>\n2004 Grimaldis Gallery Baltimore \u2022 Martin Gropius Bau Berlin \u2022 Art Athina Athens \u2022 Women&#8217;s Museum Bonn<br \/>\n2002 Cologne City Museum<br \/>\n2001 &#8220;Hall Z, Stand XY&#8221;, APC Gallery Cologne<br \/>\nGabriele M\u00fcnter Preis, Kunstkaufhaus Leipzig<br \/>\n2000 Women&#8217;s Museum Bonn<br \/>\n1999 Ellipse Arts Center, Arlington, USA<br \/>\n&#8220;4 contemporary artists from Aachen in Germany&#8221;, Goethe Institute Washington, USA<br \/>\nArt Zurich, CH (APC Gallery, Cologne)<br \/>\n1998 \u201c3D Art Prize\u201d, Cologne-H\u00fcrth Art Association<br \/>\n1997 \u201cPaper Art 3\u201d, Aschaffenburg Art Association<br \/>\n&#8220;Transit II&#8221;, Schwartz scratch factory, Aachen<br \/>\n1996 scholarship holders of the Villa Romana, Folkwangmuseum, Essen<br \/>\n1995 Kunstmuseum D\u00fcsseldorf, &#8220;Concrete in the art of the 20th century.&#8221;<br \/>\n1994 &#8220;Transit I&#8221;, Schwartz scratch factory, Aachen, installation &#8220;Light boxes&#8221;<br \/>\nVera Engelhorn, Gallery, New York, USA<br \/>\n1990-93 Large art exhibition NRW, D\u00fcsseldorf<br \/>\n1992 IV. International Biennale of Paper Art, Leopold &#8211; Hoesch &#8211; Museum, D\u00fcren, installation &#8220;Light trap pontoon-shaped&#8221;<br \/>\n&#8220;SHIZEN &#8211; Exhibition of German Contemporary Art&#8221;, TOTO Super Space, Tokyo\/Japanese-German Center Berlin<br \/>\n&#8220;L&#8217;Objet du D\u00e9bat&#8221;, Espace 251 Nord, Li\u00e8ge, Belgium<br \/>\n1991 Ludwigforum, Aachen Sculpture Collection Ludwig<br \/>\nInstitut Francais, Aachen<br \/>\n1990 Suermondt &#8211; Ludwig &#8211; Museum, Aachen, winter exhibition<br \/>\n&#8220;Art in Nature &#8211; Nature in Art&#8221;, D\u00fcren Park Space, Installation &#8220;Spiral Tent&#8221;<br \/>\nGalerie Frerick, Nideggen, installation \u201cLight Traps\u201d<br \/>\n&#8220;World UM World&#8221;, Suermondt-Ludwig-Museum, Aachen, installation<\/p>\n","protected":false},"excerpt":{"rendered":"<p>WORKS EXHIBITIONS BIOGRAPHY Annette Sauermann Born in Essen in 1957 1979-1987 studied visual communication at the FH Aachen Lives and works in Aachen, Germany INDIVIDUAL EXHIBITIONS (selection) 2016 Galerie Linde Hollinger, Ladenburg (with Dieter Balzer) 2013 Gallery ARTFORUM, Antwerp Gallery Fochem, Krefeld 2011 \u201cLight installation Rosenhof\u201d, Galerie Linde Hollinger, Ladenburg &#8220;Elements II&#8221;, Macedonian Museum of &hellip; <\/p>\n<p class=\"link-more\"><a href=\"https:\/\/www.galerie-obrist.de\/en\/artists\/sauermann\/\" class=\"more-link\">Read more<span class=\"screen-reader-text\"> &#8220;Annette Sauermann&#8221;<\/span><\/a><\/p>\n","protected":false},"author":2,"featured_media":14302,"parent":1127,"menu_order":0,"comment_status":"closed","ping_status":"closed","template":"","meta":{"ngg_post_thumbnail":0,"footnotes":""},"class_list":["post-14721","page","type-page","status-publish","has-post-thumbnail","hentry"],"translation":{"provider":"WPGlobus","version":"3.0.1","language":"en","enabled_languages":["de","en"],"languages":{"de":{"title":true,"content":true,"excerpt":false},"en":{"title":false,"content":true,"excerpt":false}}},"_links":{"self":[{"href":"https:\/\/www.galerie-obrist.de\/en\/wp-json\/wp\/v2\/pages\/14721","targetHints":{"allow":["GET"]}}],"collection":[{"href":"https:\/\/www.galerie-obrist.de\/en\/wp-json\/wp\/v2\/pages"}],"about":[{"href":"https:\/\/www.galerie-obrist.de\/en\/wp-json\/wp\/v2\/types\/page"}],"author":[{"embeddable":true,"href":"https:\/\/www.galerie-obrist.de\/en\/wp-json\/wp\/v2\/users\/2"}],"replies":[{"embeddable":true,"href":"https:\/\/www.galerie-obrist.de\/en\/wp-json\/wp\/v2\/comments?post=14721"}],"version-history":[{"count":6,"href":"https:\/\/www.galerie-obrist.de\/en\/wp-json\/wp\/v2\/pages\/14721\/revisions"}],"predecessor-version":[{"id":14727,"href":"https:\/\/www.galerie-obrist.de\/en\/wp-json\/wp\/v2\/pages\/14721\/revisions\/14727"}],"up":[{"embeddable":true,"href":"https:\/\/www.galerie-obrist.de\/en\/wp-json\/wp\/v2\/pages\/1127"}],"wp:featuredmedia":[{"embeddable":true,"href":"https:\/\/www.galerie-obrist.de\/en\/wp-json\/wp\/v2\/media\/14302"}],"wp:attachment":[{"href":"https:\/\/www.galerie-obrist.de\/en\/wp-json\/wp\/v2\/media?parent=14721"}],"curies":[{"name":"wp","href":"https:\/\/api.w.org\/{rel}","templated":true}]}}