{"id":11815,"date":"2021-11-03T10:42:40","date_gmt":"2021-11-03T09:42:40","guid":{"rendered":"https:\/\/www.galerie-obrist.de\/wordpress\/?page_id=11815"},"modified":"2021-11-03T10:42:40","modified_gmt":"2021-11-03T09:42:40","slug":"paas2021","status":"publish","type":"page","link":"https:\/\/www.galerie-obrist.de\/en\/artists\/paas\/paas2021\/","title":{"rendered":"J\u00fcrgen Paas. United Colours (2021)"},"content":{"rendered":"<p>Reihe PR\u00c4SENZ:<br \/>\nJ\u00dcRGEN PAAS &#8211; UNITED COLOURS<br \/>\nEr\u00f6ffnung Freitag, 5. November 2021, 19 Uhr<br \/>\n<a href=\"https:\/\/www.galerie-obrist.de\/wordpress\/art2buy\/paas-united-colours\/\">Es erscheint ein Buch zur Ausstellung (Verlag Kettler).<\/a><br \/>\nDauer der Ausstellung: 5.-27. November 2021<\/p>\n<p><img decoding=\"async\" data-src=\"https:\/\/www.galerie-obrist.de\/wordpress\/wp-content\/uploads\/2021\/10\/img07.jpg\" alt=\"\" width=\"447\" height=\"597\" class=\"alignleft size-full wp-image-11809 lazyload\" data-srcset=\"https:\/\/www.galerie-obrist.de\/wordpress\/wp-content\/uploads\/2021\/10\/img07.jpg 447w, https:\/\/www.galerie-obrist.de\/wordpress\/wp-content\/uploads\/2021\/10\/img07-225x300.jpg 225w\" data-sizes=\"(max-width: 447px) 100vw, 447px\" src=\"data:image\/svg+xml;base64,PHN2ZyB3aWR0aD0iMSIgaGVpZ2h0PSIxIiB4bWxucz0iaHR0cDovL3d3dy53My5vcmcvMjAwMC9zdmciPjwvc3ZnPg==\" style=\"--smush-placeholder-width: 447px; --smush-placeholder-aspect-ratio: 447\/597;\" \/><\/p>\n<p>Die Reihe PR\u00c4SENZ findet nach den Ausstellungen mit J\u00fcrgen Jansen und Dirk Salz ihren Abschluss mit J\u00fcrgen Paas. Wir stellen neue Variationen der Werkreihe JUKEBOX vor, sowie eine neue TARGET-Installation.<br \/>\nIm Ursprung ist es die Malerei, die J\u00fcrgen Paas antreibt, aber keine mit Pinsel und Farbe, sondern eine Malerei mit industriell vorgefertigten Materialien, mit denen sich das Spiel der RAL-Farben entwickeln kann. Je nach Blickwinkel des Betrachters zeigt sich bei den JUKEBOXES eine sehr unterschiedliche Farbkomposition: w\u00e4hrend von der einen Seite eine kontrastreiche Struktur mit farbigen Streifen dominiert, offenbart sich von der anderen Seite eine fast monochrome Stimmung; w\u00e4hrend das Halbprofil von einer bunten Schwere dominiert wird, zeigt die Vorderansicht eine Leichtigkeit zarter Linien. &#8220;JUKEBOX hat keine definierbare Hauptansicht, ihr Wesen ist die Ver\u00e4nderung.&#8221; (Kathrin Reeckmann)<\/p>\n<p><img decoding=\"async\" data-src=\"https:\/\/www.galerie-obrist.de\/wordpress\/wp-content\/uploads\/2021\/01\/logo-nk.jpg\" alt=\"\" width=\"100\" height=\"100\" class=\"alignleft size-full wp-image-11325 lazyload\" data-srcset=\"https:\/\/www.galerie-obrist.de\/wordpress\/wp-content\/uploads\/2021\/01\/logo-nk-150x150.jpg 150w, https:\/\/www.galerie-obrist.de\/wordpress\/wp-content\/uploads\/2021\/01\/logo-nk-300x300.jpg 300w, https:\/\/www.galerie-obrist.de\/wordpress\/wp-content\/uploads\/2021\/01\/logo-nk-100x100.jpg 100w\" data-sizes=\"(max-width: 100px) 100vw, 100px\" src=\"data:image\/svg+xml;base64,PHN2ZyB3aWR0aD0iMSIgaGVpZ2h0PSIxIiB4bWxucz0iaHR0cDovL3d3dy53My5vcmcvMjAwMC9zdmciPjwvc3ZnPg==\" style=\"--smush-placeholder-width: 100px; --smush-placeholder-aspect-ratio: 100\/100;\" \/><\/p>\n<p><img decoding=\"async\" data-src=\"https:\/\/www.galerie-obrist.de\/wordpress\/wp-content\/uploads\/2021\/01\/logo-sk.jpg\" alt=\"\" width=\"200\" height=\"28\" class=\"alignleft size-full wp-image-11326 lazyload\" data-srcset=\"https:\/\/www.galerie-obrist.de\/wordpress\/wp-content\/uploads\/2021\/01\/logo-sk.jpg 969w, https:\/\/www.galerie-obrist.de\/wordpress\/wp-content\/uploads\/2021\/01\/logo-sk-450x63.jpg 450w, https:\/\/www.galerie-obrist.de\/wordpress\/wp-content\/uploads\/2021\/01\/logo-sk-768x107.jpg 768w, https:\/\/www.galerie-obrist.de\/wordpress\/wp-content\/uploads\/2021\/01\/logo-sk-600x84.jpg 600w\" data-sizes=\"(max-width: 200px) 100vw, 200px\" src=\"data:image\/svg+xml;base64,PHN2ZyB3aWR0aD0iMSIgaGVpZ2h0PSIxIiB4bWxucz0iaHR0cDovL3d3dy53My5vcmcvMjAwMC9zdmciPjwvc3ZnPg==\" style=\"--smush-placeholder-width: 200px; --smush-placeholder-aspect-ratio: 200\/28;\" \/><\/p>\n","protected":false},"excerpt":{"rendered":"<p>Reihe PR\u00c4SENZ: J\u00dcRGEN PAAS &#8211; UNITED COLOURS Er\u00f6ffnung Freitag, 5. November 2021, 19 Uhr Es erscheint ein Buch zur Ausstellung (Verlag Kettler). Dauer der Ausstellung: 5.-27. November 2021 Die Reihe PR\u00c4SENZ findet nach den Ausstellungen mit J\u00fcrgen Jansen und Dirk Salz ihren Abschluss mit J\u00fcrgen Paas. Wir stellen neue Variationen der Werkreihe JUKEBOX vor, sowie &hellip; <\/p>\n<p class=\"link-more\"><a href=\"https:\/\/www.galerie-obrist.de\/en\/artists\/paas\/paas2021\/\" class=\"more-link\">Read more<span class=\"screen-reader-text\"> &#8220;J\u00fcrgen Paas. United Colours (2021)&#8221;<\/span><\/a><\/p>\n","protected":false},"author":2,"featured_media":11807,"parent":1475,"menu_order":0,"comment_status":"closed","ping_status":"closed","template":"","meta":{"ngg_post_thumbnail":0,"footnotes":""},"class_list":["post-11815","page","type-page","status-publish","has-post-thumbnail","hentry"],"translation":{"provider":"WPGlobus","version":"3.0.1","language":"en","enabled_languages":["de","en"],"languages":{"de":{"title":true,"content":true,"excerpt":false},"en":{"title":false,"content":false,"excerpt":false}}},"_links":{"self":[{"href":"https:\/\/www.galerie-obrist.de\/en\/wp-json\/wp\/v2\/pages\/11815","targetHints":{"allow":["GET"]}}],"collection":[{"href":"https:\/\/www.galerie-obrist.de\/en\/wp-json\/wp\/v2\/pages"}],"about":[{"href":"https:\/\/www.galerie-obrist.de\/en\/wp-json\/wp\/v2\/types\/page"}],"author":[{"embeddable":true,"href":"https:\/\/www.galerie-obrist.de\/en\/wp-json\/wp\/v2\/users\/2"}],"replies":[{"embeddable":true,"href":"https:\/\/www.galerie-obrist.de\/en\/wp-json\/wp\/v2\/comments?post=11815"}],"version-history":[{"count":2,"href":"https:\/\/www.galerie-obrist.de\/en\/wp-json\/wp\/v2\/pages\/11815\/revisions"}],"predecessor-version":[{"id":11817,"href":"https:\/\/www.galerie-obrist.de\/en\/wp-json\/wp\/v2\/pages\/11815\/revisions\/11817"}],"up":[{"embeddable":true,"href":"https:\/\/www.galerie-obrist.de\/en\/wp-json\/wp\/v2\/pages\/1475"}],"wp:featuredmedia":[{"embeddable":true,"href":"https:\/\/www.galerie-obrist.de\/en\/wp-json\/wp\/v2\/media\/11807"}],"wp:attachment":[{"href":"https:\/\/www.galerie-obrist.de\/en\/wp-json\/wp\/v2\/media?parent=11815"}],"curies":[{"name":"wp","href":"https:\/\/api.w.org\/{rel}","templated":true}]}}