{"id":10034,"date":"2020-10-29T17:31:27","date_gmt":"2020-10-29T16:31:27","guid":{"rendered":"https:\/\/www.galerie-obrist.de\/wordpress\/?page_id=10034"},"modified":"2020-11-13T14:21:33","modified_gmt":"2020-11-13T13:21:33","slug":"wundertuete-2020kunst-in-tueten","status":"publish","type":"page","link":"https:\/\/www.galerie-obrist.de\/en\/shop\/wundertuete-2020kunst-in-tueten\/","title":{"rendered":"Wundert\u00fcte 2020<br \/>Kunst in T\u00fcten"},"content":{"rendered":"<h2>ONLINE EVENT<br \/>\nAM FREITAG, 13. NOVEMBER, 19 UHR<\/h1>\n<div class=\"ycd-all-content-wrapper ycd-countdown-content-wrapper-10814\"><div class=\"ycd-countdown-wrapper\"><div class=\"ycd-circle-expiration-before-countdown\" style=\"display:none\"><\/div><div class=\"ycd-circle-before-countdown\"><\/div>\t\t<div class=\"ycd-circle-10814-wrapper ycd-circle-wrapper ycd-countdown-content-wrapper\">\n\t\t\t<div\n\t\t\t\tid=\"ycd-circle-10814\"\n\t\t\t\tdata-id=\"10814\"\n\t\t\t\tclass=\"ycd-time-circle\"\n\t\t\t\tdata-options='{&quot;id&quot;:10814,&quot;ycd-seconds&quot;:-170269596,&quot;ycd-countdown-date-type&quot;:&quot;dueDate&quot;,&quot;ycd-countdown-duration-days&quot;:&quot;0&quot;,&quot;ycd-countdown-duration-hours&quot;:&quot;0&quot;,&quot;ycd-countdown-duration-minutes&quot;:&quot;0&quot;,&quot;ycd-countdown-duration-seconds&quot;:&quot;30&quot;,&quot;ycd-countdown-save-duration&quot;:&quot;&quot;,&quot;ycd-countdown-save-duration-each-user&quot;:&quot;&quot;,&quot;ycd-date-time-picker&quot;:&quot;2020-11-13 19:00&quot;,&quot;ycd-time-zone&quot;:&quot;Europe\\\/Berlin&quot;,&quot;ycd-countdown-restart&quot;:&quot;&quot;,&quot;ycd-countdown-restart-hour&quot;:&quot;1&quot;,&quot;ycd-countdown-expire-behavior&quot;:&quot;hideCountdown&quot;,&quot;ycd-count-up-from-end-date&quot;:&quot;&quot;,&quot;ycd-countdown-enable-woo-condition&quot;:&quot;&quot;,&quot;ycd-woo-condition&quot;:&quot;disabled&quot;,&quot;ycd-scroll-to-countdown&quot;:&quot;&quot;,&quot;isExpired&quot;:true,&quot;animation&quot;:&quot;smooth&quot;,&quot;direction&quot;:&quot;Clockwise&quot;,&quot;fg_width&quot;:&quot;0.1&quot;,&quot;bg_width&quot;:&quot;1.2&quot;,&quot;start_angle&quot;:&quot;0&quot;,&quot;count_past_zero&quot;:false,&quot;hideTextInsideCircle&quot;:true,&quot;circle_bg_color&quot;:&quot;#60686F&quot;,&quot;use_background&quot;:&quot;&quot;,&quot;ycd-schedule-time-zone&quot;:&quot;Pacific\\\/Midway&quot;,&quot;startDay&quot;:null,&quot;startDayNumber&quot;:null,&quot;endDay&quot;:null,&quot;endDayNumber&quot;:null,&quot;currentDayNumber&quot;:null,&quot;ycd-schedule-end-to&quot;:&quot;&quot;,&quot;ycd-schedule-start-from&quot;:&quot;&quot;,&quot;ycd-countdown-showing-limitation&quot;:&quot;&quot;,&quot;ycd-countdown-expiration-time&quot;:&quot;1&quot;,&quot;ycd-countdown-switch-number&quot;:&quot;checked&quot;,&quot;ycd-countdown-last-seconds&quot;:&quot;&quot;,&quot;ycd-countdown-last-seconds-duration&quot;:&quot;10&quot;,&quot;ycd-countdown-last-seconds-color&quot;:&quot;rgba(250, 0, 0, 1)&quot;,&quot;time&quot;:{&quot;Years&quot;:{&quot;text&quot;:&quot;Years&quot;,&quot;color&quot;:&quot;#A52A2A&quot;,&quot;show&quot;:&quot;&quot;},&quot;Months&quot;:{&quot;text&quot;:&quot;Months&quot;,&quot;color&quot;:&quot;#8A2BE2&quot;,&quot;show&quot;:&quot;&quot;},&quot;Days&quot;:{&quot;text&quot;:&quot;TAGE&quot;,&quot;color&quot;:&quot;#FFCC66&quot;,&quot;show&quot;:&quot;checked&quot;},&quot;Hours&quot;:{&quot;text&quot;:&quot;STUNDEN&quot;,&quot;color&quot;:&quot;#99CCFF&quot;,&quot;show&quot;:&quot;checked&quot;},&quot;Minutes&quot;:{&quot;text&quot;:&quot;MINUTEN&quot;,&quot;color&quot;:&quot;#BBFFBB&quot;,&quot;show&quot;:&quot;checked&quot;},&quot;Seconds&quot;:{&quot;text&quot;:&quot;SEKUNDEN&quot;,&quot;color&quot;:&quot;#FF9999&quot;,&quot;show&quot;:&quot;checked&quot;}}}'\n\t\t\t\tdata-all-options='{&quot;ycd-countries-is&quot;:&quot;is&quot;,&quot;ycd-countdown-date-type&quot;:&quot;dueDate&quot;,&quot;ycd-date-time-picker&quot;:&quot;2020-11-13 19:00&quot;,&quot;ycd-circle-time-zone&quot;:&quot;Europe\\\/Berlin&quot;,&quot;ycd-woo-time-zone&quot;:&quot;Pacific\\\/Midway&quot;,&quot;ycd-woo-coupon-date&quot;:&quot;&quot;,&quot;ycd-countdown-restart-hour&quot;:&quot;1&quot;,&quot;ycd-countdown-duration-days&quot;:&quot;0&quot;,&quot;ycd-countdown-duration-hours&quot;:&quot;0&quot;,&quot;ycd-countdown-duration-minutes&quot;:&quot;0&quot;,&quot;ycd-countdown-duration-seconds&quot;:&quot;30&quot;,&quot;ycd-schedule-time-zone&quot;:&quot;Pacific\\\/Midway&quot;,&quot;ycd-schedule-start-from&quot;:&quot;&quot;,&quot;ycd-schedule-end-to&quot;:&quot;&quot;,&quot;ycd-schedule2-time-zone&quot;:&quot;Pacific\\\/Midway&quot;,&quot;ycd-schedule2-from&quot;:&quot;&quot;,&quot;ycd-schedule2-to&quot;:&quot;&quot;,&quot;ycd-position-countdown&quot;:&quot;top_center&quot;,&quot;ycd-display-settings&quot;:[{&quot;key1&quot;:&quot;select_settings&quot;,&quot;key3&quot;:[]}],&quot;ycd-countdown-end-sound-url&quot;:&quot;https:\\\/\\\/www.galerie-obrist.de\\\/wordpress\\\/wp-content\\\/plugins\\\/countdown-builder\\\/lib\\\/alarm.mp3&quot;,&quot;ycd-custom-css&quot;:&quot;&quot;,&quot;ycd-custom-js&quot;:&quot;&quot;,&quot;ycd-subscribe-width&quot;:&quot;100%&quot;,&quot;ycd-form-above-text&quot;:&quot;Join Our Newsletter&quot;,&quot;ycd-form-input-text&quot;:&quot;Enter your email here&quot;,&quot;ycd-form-submit-text&quot;:&quot;Subscribe&quot;,&quot;ycd-form-submit-color&quot;:&quot;#3274d1&quot;,&quot;ycd-subscribe-success-message&quot;:&quot;Thanks for subscribing.&quot;,&quot;ycd-subscribe-error-message&quot;:&quot;Invalid email address.&quot;,&quot;ycd-countdown-expire-behavior&quot;:&quot;hideCountdown&quot;,&quot;ycd-expire-text&quot;:&quot;&quot;,&quot;ycd-expire-url&quot;:&quot;&quot;,&quot;ycd-button-name&quot;:&quot;Buy Now&quot;,&quot;ycd-button-width&quot;:&quot;200px&quot;,&quot;ycd-button-height&quot;:&quot;50px&quot;,&quot;ycd-button-border-width&quot;:&quot;0px&quot;,&quot;ycd-button-border-radius&quot;:&quot;5&quot;,&quot;ycd-button-margin-top&quot;:&quot;0px&quot;,&quot;ycd-button-margin-right&quot;:&quot;0px&quot;,&quot;ycd-button-margin-bottom&quot;:&quot;0px&quot;,&quot;ycd-button-margin-left&quot;:&quot;0px&quot;,&quot;ycd-button-opacity&quot;:&quot;1&quot;,&quot;ycd-button-font-size&quot;:&quot;14px&quot;,&quot;ycd-button-bg-color&quot;:&quot;#4dba7a&quot;,&quot;ycd-button-color&quot;:&quot;#ffffff&quot;,&quot;ycd-button-border-color&quot;:&quot;&quot;,&quot;ycd-button-hover-animation-speed&quot;:&quot;&quot;,&quot;ycd-button-hover-bg-color&quot;:&quot;#4dba7a&quot;,&quot;ycd-button-hover-color&quot;:&quot;#ffffff&quot;,&quot;ycd-countdown-button-behavior&quot;:&quot;redirect&quot;,&quot;ycd-button-action-url&quot;:&quot;https:\\\/\\\/www.galerie-obrist.de\\\/wordpress&quot;,&quot;ycd-scroll-to-selector&quot;:&quot;&quot;,&quot;ycd-animation-speed&quot;:&quot;&quot;,&quot;ycd-download-url&quot;:&quot;&quot;,&quot;ycd-download-name&quot;:&quot;&quot;,&quot;ycd-button-copy-text&quot;:&quot;&quot;,&quot;ycd-button-alert-text&quot;:&quot;&quot;,&quot;ycd-date-progress-start-date&quot;:&quot;2020-10-29 16:35&quot;,&quot;ycd-progress-width&quot;:&quot;&quot;,&quot;ycd-progress-height&quot;:&quot;&quot;,&quot;ycd-progress-main-color&quot;:&quot;&quot;,&quot;ycd-progress-color&quot;:&quot;&quot;,&quot;ycd-progress-text-color&quot;:&quot;&quot;,&quot;ycd-text-font-size&quot;:&quot;11&quot;,&quot;ycd-text-margin-top&quot;:&quot;0&quot;,&quot;ycd-countdown-font-weight&quot;:&quot;lighter&quot;,&quot;ycd-countdown-font-style&quot;:&quot;initial&quot;,&quot;ycd-text-font-family&quot;:&quot;Century Gothic&quot;,&quot;ycd-countdown-number-size&quot;:&quot;35&quot;,&quot;ycd-number-margin-top&quot;:&quot;0&quot;,&quot;ycd-countdown-number-font-weight&quot;:&quot;500&quot;,&quot;ycd-countdown-number-font-style&quot;:&quot;normal&quot;,&quot;ycd-countdown-number-font&quot;:&quot;inherit&quot;,&quot;ycd-countdown-years-text&quot;:&quot;Years&quot;,&quot;ycd-countdown-years-color&quot;:&quot;#a52a2a&quot;,&quot;ycd-countdown-years-text-color&quot;:&quot;#000000&quot;,&quot;ycd-countdown-months-text&quot;:&quot;Months&quot;,&quot;ycd-countdown-months-color&quot;:&quot;#8a2be2&quot;,&quot;ycd-countdown-months-text-color&quot;:&quot;#000000&quot;,&quot;ycd-countdown-days&quot;:&quot;on&quot;,&quot;ycd-countdown-days-text&quot;:&quot;TAGE&quot;,&quot;ycd-countdown-days-color&quot;:&quot;#ffcc66&quot;,&quot;ycd-countdown-days-text-color&quot;:&quot;#000000&quot;,&quot;ycd-countdown-hours&quot;:&quot;on&quot;,&quot;ycd-countdown-hours-text&quot;:&quot;STUNDEN&quot;,&quot;ycd-countdown-hours-color&quot;:&quot;#99ccff&quot;,&quot;ycd-countdown-hours-text-color&quot;:&quot;#000000&quot;,&quot;ycd-countdown-minutes&quot;:&quot;on&quot;,&quot;ycd-countdown-minutes-text&quot;:&quot;MINUTEN&quot;,&quot;ycd-countdown-minutes-color&quot;:&quot;#bbffbb&quot;,&quot;ycd-countdown-minutes-text-color&quot;:&quot;#000000&quot;,&quot;ycd-countdown-seconds&quot;:&quot;on&quot;,&quot;ycd-countdown-seconds-text&quot;:&quot;SEKUNDEN&quot;,&quot;ycd-countdown-seconds-color&quot;:&quot;#ff9999&quot;,&quot;ycd-countdown-seconds-text-color&quot;:&quot;#000000&quot;,&quot;ycd-circle-alignment&quot;:&quot;left&quot;,&quot;ycd-circle-animation&quot;:&quot;smooth&quot;,&quot;ycd-countdown-width&quot;:&quot;500&quot;,&quot;ycd-dimension-measure&quot;:&quot;px&quot;,&quot;ycd-circle-bg-width&quot;:&quot;1.2&quot;,&quot;ycd-countdown-bg-circle-color&quot;:&quot;#60686f&quot;,&quot;ycd-countdown-direction&quot;:&quot;Clockwise&quot;,&quot;ycd-circle-width&quot;:&quot;0.1&quot;,&quot;ycd-circle-start-angle&quot;:&quot;0&quot;,&quot;ycd-bg-image-size&quot;:&quot;cover&quot;,&quot;ycd-bg-image-repeat&quot;:&quot;no-repeat&quot;,&quot;ycd-bg-image-url&quot;:&quot;&quot;,&quot;ycd-bg-video-url&quot;:&quot;&quot;,&quot;ycd-countdown-switch-number&quot;:&quot;on&quot;,&quot;ycd-countdown-content-click-url&quot;:&quot;&quot;,&quot;ycd-countdown-expiration-time&quot;:&quot;1&quot;,&quot;ycd-countdown-showing-animation&quot;:&quot;on&quot;,&quot;ycd-circle-showing-animation&quot;:&quot;ycd-flash&quot;,&quot;ycd-circle-showing-animation-speed&quot;:&quot;1&quot;,&quot;ycd-circle-box-shadow-horizontal-length&quot;:&quot;10&quot;,&quot;ycd-circle-box-shadow-vertical-length&quot;:&quot;10&quot;,&quot;ycd-circle-box-blur-radius&quot;:&quot;5&quot;,&quot;ycd-circle-box-spread-radius&quot;:&quot;1&quot;,&quot;ycd-circle-box-shadow-color&quot;:&quot;#ffffff&quot;,&quot;ycd-countdown-padding&quot;:&quot;0&quot;,&quot;ycd-circle-countdown-before-countdown&quot;:&quot;&quot;,&quot;ycd-circle-countdown-after-countdown&quot;:&quot;&quot;,&quot;ycd-type&quot;:&quot;circle&quot;,&quot;ycd-post-id&quot;:&quot;10814&quot;,&quot;id&quot;:10814}'\n\t\t\t\tdata-timer=\"0\"\n\t\t\t\tstyle=\"background-image: url(); background-repeat: no-repeat; background-size: cover; ; width: 500px; height: 100%; padding: 0; box-sizing: border-box; background-color: inherit\">\n\t\t\t<\/div>\n\t\t<\/div>\n\t\t<div class=\"ycd-circle-expiration-after-countdown\" style=\"display:none\"><\/div><div class=\"ycd-circle-after-countdown\"><\/div><\/div>\t    <style type=\"text\/css\">\n            #ycd-circle-10814 {\n                padding: 0px;\n                box-sizing: border-box;\n                display: inline-block;\n            }\n            #ycd-circle-10814 h4 {\n                font-size: 11px !important;\n                margin-top: 0px !important;\n                font-weight: lighter !important;\n                font-style: initial !important;\n                font-family: Century Gothic !important;\n            }\n            #ycd-circle-10814 span {\n                font-size: 35px !important;\n                margin-top: 0px !important;\n                font-weight: 500 !important;\n                font-style: normal !important;\n                font-family: inherit !important;\n            }\n            #ycd-circle-10814 .textDiv_Years h4 {\n                color: #000000            }\n            #ycd-circle-10814 .textDiv_Years span {\n                color: #000000            }\n            #ycd-circle-10814 .textDiv_Months h4 {\n                color: #000000            }\n            #ycd-circle-10814 .textDiv_Months span {\n                color:             }\n            #ycd-circle-10814 .textDiv_Days h4 {\n                color: #000000            }\n            #ycd-circle-10814 .textDiv_Days span {\n                color: #000000            }\n            #ycd-circle-10814 .textDiv_Hours h4 {\n                color: #000000            }\n            #ycd-circle-10814 .textDiv_Hours span {\n                color: #000000            }\n            #ycd-circle-10814 .textDiv_Minutes h4 { \n                color: #000000            }\n            #ycd-circle-10814 .textDiv_Minutes span {\n                color: #000000            }\n            #ycd-circle-10814 .textDiv_Seconds h4 {\n                color: #000000            }\n            #ycd-circle-10814 .textDiv_Seconds span {\n                color: #000000            }\n            .ycd-circle-10814-wrapper {\n                text-align: left;\n            }\n                    <\/style>\n        <\/div>\n<p>Selbstverst\u00e4ndlich ist auch die Kunstwundert\u00fcte in diesem besonderen Jahr ganz anders, zur 20. Edition gibt es also kein \u201cW\u00fchlen\u201d vor Ort in der Galerie. Ein gro\u00dfartiges Erlebnis soll es aber trotzdem sein, diesmal virtuell. Der Countdown l\u00e4uft und p\u00fcnktlich am 13. November um 19 Uhr geht es los. Wir freuen uns sehr, wenn Sie an Ihrem Bildschirm mit dabei sind und \u201czugreifen\u201d wollen! <b>GENAU HIER<\/b> werden wir die Ausstellung im Livestream er\u00f6ffnen. Wir halten ungew\u00f6hnliche und spannende Angebote f\u00fcr Sie bereit und Sie k\u00f6nnen sich durch einfaches Klicken Ihre favorisierte T\u00fcte sichern! <\/p>\n<p><b>GENAU HIER<\/b> werden Sie aber auch ein bestimmtes Kontingent der Wundert\u00fcten direkt in unserem Onlineshop bestellen k\u00f6nnen: <a href=\"https:\/\/www.galerie-obrist.de\/wordpress\/produkt-kategorie\/wundertuete-kunst-in-tueten\/\"><strong><font color=\"red\">HIER geht es zum Shop!<\/font><\/strong><\/a><\/p>\n<p><a href=\"https:\/\/www.galerie-obrist.de\/wordpress\/art2buy\/wundertuete-dirk-salz\/\" target=\"_blank\" rel=\"noopener noreferrer\">Wundert\u00fcte Dirk Salz<\/a><\/p>\n<p><b>Mit Arbeiten von Marcela B\u00f6hm &#8211; Helge Emmaneel &#8211; Ilka Helmig &#8211; Robin Horsch &#8211; J\u00fcrgen Paas &#8211; J\u00fcrgen Jansen &#8211; Barbara Ring &#8211; Dirk Salz &#8211; Armin Scheid &#8211; Norbert Thomas &#8211; Andreas Titzrath &#8211; Julia Willms u.m.<\/b><\/p>\n<p>Die \u201cWundert\u00fcte\u201d ist eine Tradition der Galerie seit 19 Jahren: Gegen Endes des Jahres bef\u00fcllen K\u00fcnstler &#038; K\u00fcnstlerinnen der Galerie je 20 T\u00fcten mit ihrer Kunst. Die Wundert\u00fcten sind namentlich gekennzeichnet, was aber darin ist&#8230;? Ob Malerei, Skulptur, Foto oder Multiple? Lassen Sie sich \u00fcberraschen&#8230; <br \/>\nAlle teilnehmenden K\u00fcnstler und K\u00fcnstlerinnen sind in der Galerieausstellung repr\u00e4sentiert, die bis zum 9. Januar 2021 l\u00e4uft, ein Querschnitt durch das Programm der Galerie. Nach der Er\u00f6ffnung und dem Online Event ist die Ausstellung zu den regul\u00e4ren \u00d6ffnungszeiten (Mittwoch bis Freitag 12-18 Uhr, Samstag 10-16 Uhr) in der Galerie zu besichtigen, und die verbleibenden Kunstwundert\u00fcten sind in der Galerie und 24\/7 im Onlineshop erh\u00e4ltlich, solange der Vorrat reicht. <a href=\"https:\/\/www.galerie-obrist.de\/wordpress\/produkt-kategorie\/wundertuete-kunst-in-tueten\/\"><strong><font color=\"red\">HIER geht es direkt zu den Wundert\u00fcten!<\/font><\/strong><\/a><\/p>\n","protected":false},"excerpt":{"rendered":"<p>ONLINE EVENT AM FREITAG, 13. NOVEMBER, 19 UHR Selbstverst\u00e4ndlich ist auch die Kunstwundert\u00fcte in diesem besonderen Jahr ganz anders, zur 20. Edition gibt es also kein \u201cW\u00fchlen\u201d vor Ort in der Galerie. Ein gro\u00dfartiges Erlebnis soll es aber trotzdem sein, diesmal virtuell. Der Countdown l\u00e4uft und p\u00fcnktlich am 13. November um 19 Uhr geht es &hellip; <\/p>\n<p class=\"link-more\"><a href=\"https:\/\/www.galerie-obrist.de\/en\/shop\/wundertuete-2020kunst-in-tueten\/\" class=\"more-link\">Read more<span class=\"screen-reader-text\"> &#8220;Wundert\u00fcte 2020<br \/>Kunst in T\u00fcten&#8221;<\/span><\/a><\/p>\n","protected":false},"author":2,"featured_media":10037,"parent":5854,"menu_order":0,"comment_status":"closed","ping_status":"closed","template":"","meta":{"ngg_post_thumbnail":0,"footnotes":""},"class_list":["post-10034","page","type-page","status-publish","has-post-thumbnail","hentry"],"translation":{"provider":"WPGlobus","version":"3.0.1","language":"en","enabled_languages":["de","en"],"languages":{"de":{"title":true,"content":true,"excerpt":false},"en":{"title":false,"content":false,"excerpt":false}}},"_links":{"self":[{"href":"https:\/\/www.galerie-obrist.de\/en\/wp-json\/wp\/v2\/pages\/10034","targetHints":{"allow":["GET"]}}],"collection":[{"href":"https:\/\/www.galerie-obrist.de\/en\/wp-json\/wp\/v2\/pages"}],"about":[{"href":"https:\/\/www.galerie-obrist.de\/en\/wp-json\/wp\/v2\/types\/page"}],"author":[{"embeddable":true,"href":"https:\/\/www.galerie-obrist.de\/en\/wp-json\/wp\/v2\/users\/2"}],"replies":[{"embeddable":true,"href":"https:\/\/www.galerie-obrist.de\/en\/wp-json\/wp\/v2\/comments?post=10034"}],"version-history":[{"count":29,"href":"https:\/\/www.galerie-obrist.de\/en\/wp-json\/wp\/v2\/pages\/10034\/revisions"}],"predecessor-version":[{"id":10813,"href":"https:\/\/www.galerie-obrist.de\/en\/wp-json\/wp\/v2\/pages\/10034\/revisions\/10813"}],"up":[{"embeddable":true,"href":"https:\/\/www.galerie-obrist.de\/en\/wp-json\/wp\/v2\/pages\/5854"}],"wp:featuredmedia":[{"embeddable":true,"href":"https:\/\/www.galerie-obrist.de\/en\/wp-json\/wp\/v2\/media\/10037"}],"wp:attachment":[{"href":"https:\/\/www.galerie-obrist.de\/en\/wp-json\/wp\/v2\/media?parent=10034"}],"curies":[{"name":"wp","href":"https:\/\/api.w.org\/{rel}","templated":true}]}}